

{"id":730,"date":"2018-08-13T12:53:21","date_gmt":"2018-08-13T10:53:21","guid":{"rendered":"https:\/\/www.mon-cintre.com\/product\/perchas-aluminio-bufandas-accesorios-plata-mate\/"},"modified":"2025-10-12T10:38:14","modified_gmt":"2025-10-12T08:38:14","slug":"perchas-aluminio-bufandas-accesorios-plata-mate","status":"publish","type":"product","link":"https:\/\/www.mon-cintre.com\/es\/producto\/perchas-aluminio-bufandas-accesorios-plata-mate\/","title":{"rendered":"5 perchas de aluminio para bufandas, ch\u00e8ches y accesorios. &#8211; Color plata mate"},"content":{"rendered":"<ul>\n<li>5 perchas de aluminio para accesorios<\/li>\n<li>Color plateado mate<\/li>\n<li>Altura (gancho incluido): 24 cm<\/li>\n<li>Ancho: 15 cm<\/li>\n<li>Espesor: 2 cm<\/li>\n<li>Ideal para bufandas, cinturones, bufandas y otros accesorios para colgar<\/li>\n<li>Cuidado: Limpie con un pa\u00f1o suave y ligeramente h\u00famedo<\/li>\n<p>1 metro de armario = 37 perchas<br \/>\n<img loading=\"lazy\" decoding=\"async\" class=\"alignnone size-full wp-image-156\" src=\"https:\/\/www.mon-cintre.com\/DEV\/wp-content\/uploads\/2018\/08\/40cintres.png\" alt=\"\" width=\"190\" height=\"19\" \/><\/li>\n<\/ul>\n<p>* Foto no contractual.<br \/>\nTenga en cuenta que los colores cambian de una pantalla a otra, por lo que es posible que haya una variaci\u00f3n entre la pantalla y la realidad a pesar de la atenci\u00f3n prestada a la calidad de nuestras fotos.<\/p>\n","protected":false},"excerpt":{"rendered":"<ul>\n<li>5 perchas de aluminio para accesorios<\/li>\n<li><del>7\u20ac<\/del> 5,20\u20ac\u00a0la percha<\/li>\n<li>Color plateado mate<\/li>\n<li>Dimensiones: 24 x 15 x 2 cm<\/li>\n<li>Ideal para bufandas, ch\u00e8ches, cinturones, bufandas, etc.<\/li>\n<\/ul>\n<p>La colecci\u00f3n MILLENIUM es decididamente moderna con sus colores y materiales actuales. Tanto a los j\u00f3venes como a los adultos les encantar\u00e1. Esta gama de perchas muy finas, tambi\u00e9n le ahorrar\u00e1 espacio en sus vestidores.<\/p>\n","protected":false},"featured_media":26375,"comment_status":"open","ping_status":"closed","template":"","meta":{"inline_featured_image":false},"product_brand":[],"product_cat":[548,128,644,100,96,641,577],"product_tag":[],"class_list":{"0":"post-730","1":"product","2":"type-product","3":"status-publish","4":"has-post-thumbnail","6":"product_cat-perchas","7":"product_cat-perchas-de-aluminio","8":"product_cat-perchas-bufanda","9":"product_cat-perchas-para-hombres","10":"product_cat-perchas-para-mujeres","11":"product_cat-perchas-planas","12":"product_cat-tipos-perchas","14":"first","15":"instock","16":"sale","17":"taxable","18":"shipping-taxable","19":"purchasable","20":"product-type-simple"},"yoast_head":"<!-- This site is optimized with the Yoast SEO plugin v27.3 - https:\/\/yoast.com\/product\/yoast-seo-wordpress\/ -->\n<title>5 perchas de aluminio para bufandas, ch\u00e8ches y accesorios. - Color plata mate - MonCintre.com<\/title>\n<meta name=\"description\" content=\"Perchas modernas de aluminio para guardar bufandas, corbatas, cinturones y otros accesorios. Color plata mate\" \/>\n<meta name=\"robots\" content=\"index, follow, max-snippet:-1, max-image-preview:large, max-video-preview:-1\" \/>\n<link rel=\"canonical\" href=\"https:\/\/www.mon-cintre.com\/es\/producto\/perchas-aluminio-bufandas-accesorios-plata-mate\/\" \/>\n<meta property=\"og:locale\" content=\"es_ES\" \/>\n<meta property=\"og:type\" content=\"article\" \/>\n<meta property=\"og:title\" content=\"5 perchas de aluminio para bufandas, ch\u00e8ches y accesorios. - Color plata mate - MonCintre.com\" \/>\n<meta property=\"og:description\" content=\"Perchas modernas de aluminio para guardar bufandas, corbatas, cinturones y otros accesorios. Color plata mate\" \/>\n<meta property=\"og:url\" content=\"https:\/\/www.mon-cintre.com\/es\/producto\/perchas-aluminio-bufandas-accesorios-plata-mate\/\" \/>\n<meta property=\"og:site_name\" content=\"MonCintre.com\" \/>\n<meta property=\"article:modified_time\" content=\"2025-10-12T08:38:14+00:00\" \/>\n<meta property=\"og:image\" content=\"https:\/\/www.mon-cintre.com\/wp-content\/uploads\/2018\/08\/cintre-alu-foulard-1-1.jpg\" \/>\n\t<meta property=\"og:image:width\" content=\"1800\" \/>\n\t<meta property=\"og:image:height\" content=\"1800\" \/>\n\t<meta property=\"og:image:type\" content=\"image\/jpeg\" \/>\n<meta name=\"twitter:card\" content=\"summary_large_image\" \/>\n<script type=\"application\/ld+json\" class=\"yoast-schema-graph\">{\"@context\":\"https:\\\/\\\/schema.org\",\"@graph\":[{\"@type\":\"WebPage\",\"@id\":\"https:\\\/\\\/www.mon-cintre.com\\\/es\\\/producto\\\/perchas-aluminio-bufandas-accesorios-plata-mate\\\/\",\"url\":\"https:\\\/\\\/www.mon-cintre.com\\\/es\\\/producto\\\/perchas-aluminio-bufandas-accesorios-plata-mate\\\/\",\"name\":\"5 perchas de aluminio para bufandas, ch\u00e8ches y accesorios. - Color plata mate - MonCintre.com\",\"isPartOf\":{\"@id\":\"https:\\\/\\\/www.mon-cintre.com\\\/es\\\/#website\"},\"primaryImageOfPage\":{\"@id\":\"https:\\\/\\\/www.mon-cintre.com\\\/es\\\/producto\\\/perchas-aluminio-bufandas-accesorios-plata-mate\\\/#primaryimage\"},\"image\":{\"@id\":\"https:\\\/\\\/www.mon-cintre.com\\\/es\\\/producto\\\/perchas-aluminio-bufandas-accesorios-plata-mate\\\/#primaryimage\"},\"thumbnailUrl\":\"https:\\\/\\\/www.mon-cintre.com\\\/wp-content\\\/uploads\\\/2018\\\/08\\\/cintre-alu-foulard-1-1.jpg\",\"datePublished\":\"2018-08-13T10:53:21+00:00\",\"dateModified\":\"2025-10-12T08:38:14+00:00\",\"description\":\"Perchas modernas de aluminio para guardar bufandas, corbatas, cinturones y otros accesorios. Color plata mate\",\"breadcrumb\":{\"@id\":\"https:\\\/\\\/www.mon-cintre.com\\\/es\\\/producto\\\/perchas-aluminio-bufandas-accesorios-plata-mate\\\/#breadcrumb\"},\"inLanguage\":\"es\",\"potentialAction\":[{\"@type\":\"ReadAction\",\"target\":[\"https:\\\/\\\/www.mon-cintre.com\\\/es\\\/producto\\\/perchas-aluminio-bufandas-accesorios-plata-mate\\\/\"]}]},{\"@type\":\"ImageObject\",\"inLanguage\":\"es\",\"@id\":\"https:\\\/\\\/www.mon-cintre.com\\\/es\\\/producto\\\/perchas-aluminio-bufandas-accesorios-plata-mate\\\/#primaryimage\",\"url\":\"https:\\\/\\\/www.mon-cintre.com\\\/wp-content\\\/uploads\\\/2018\\\/08\\\/cintre-alu-foulard-1-1.jpg\",\"contentUrl\":\"https:\\\/\\\/www.mon-cintre.com\\\/wp-content\\\/uploads\\\/2018\\\/08\\\/cintre-alu-foulard-1-1.jpg\",\"width\":1800,\"height\":1800},{\"@type\":\"BreadcrumbList\",\"@id\":\"https:\\\/\\\/www.mon-cintre.com\\\/es\\\/producto\\\/perchas-aluminio-bufandas-accesorios-plata-mate\\\/#breadcrumb\",\"itemListElement\":[{\"@type\":\"ListItem\",\"position\":1,\"name\":\"Accueil\",\"item\":\"https:\\\/\\\/www.mon-cintre.com\\\/es\\\/\"},{\"@type\":\"ListItem\",\"position\":2,\"name\":\"Tienda\",\"item\":\"https:\\\/\\\/www.mon-cintre.com\\\/es\\\/tienda\\\/\"},{\"@type\":\"ListItem\",\"position\":3,\"name\":\"5 perchas de aluminio para bufandas, ch\u00e8ches y accesorios. &#8211; Color plata mate\"}]},{\"@type\":\"WebSite\",\"@id\":\"https:\\\/\\\/www.mon-cintre.com\\\/es\\\/#website\",\"url\":\"https:\\\/\\\/www.mon-cintre.com\\\/es\\\/\",\"name\":\"MonCintre.com\",\"description\":\"Cintres et accessoires dressing\",\"publisher\":{\"@id\":\"https:\\\/\\\/www.mon-cintre.com\\\/es\\\/#organization\"},\"potentialAction\":[{\"@type\":\"SearchAction\",\"target\":{\"@type\":\"EntryPoint\",\"urlTemplate\":\"https:\\\/\\\/www.mon-cintre.com\\\/es\\\/?s={search_term_string}\"},\"query-input\":{\"@type\":\"PropertyValueSpecification\",\"valueRequired\":true,\"valueName\":\"search_term_string\"}}],\"inLanguage\":\"es\"},{\"@type\":\"Organization\",\"@id\":\"https:\\\/\\\/www.mon-cintre.com\\\/es\\\/#organization\",\"name\":\"MonCintre.com\",\"url\":\"https:\\\/\\\/www.mon-cintre.com\\\/es\\\/\",\"logo\":{\"@type\":\"ImageObject\",\"inLanguage\":\"es\",\"@id\":\"https:\\\/\\\/www.mon-cintre.com\\\/es\\\/#\\\/schema\\\/logo\\\/image\\\/\",\"url\":\"https:\\\/\\\/www.mon-cintre.com\\\/wp-content\\\/uploads\\\/2022\\\/12\\\/logo-blanc.png\",\"contentUrl\":\"https:\\\/\\\/www.mon-cintre.com\\\/wp-content\\\/uploads\\\/2022\\\/12\\\/logo-blanc.png\",\"width\":345,\"height\":205,\"caption\":\"MonCintre.com\"},\"image\":{\"@id\":\"https:\\\/\\\/www.mon-cintre.com\\\/es\\\/#\\\/schema\\\/logo\\\/image\\\/\"}}]}<\/script>\n<!-- \/ Yoast SEO plugin. -->","yoast_head_json":{"title":"5 perchas de aluminio para bufandas, ch\u00e8ches y accesorios. - Color plata mate - MonCintre.com","description":"Perchas modernas de aluminio para guardar bufandas, corbatas, cinturones y otros accesorios. Color plata mate","robots":{"index":"index","follow":"follow","max-snippet":"max-snippet:-1","max-image-preview":"max-image-preview:large","max-video-preview":"max-video-preview:-1"},"canonical":"https:\/\/www.mon-cintre.com\/es\/producto\/perchas-aluminio-bufandas-accesorios-plata-mate\/","og_locale":"es_ES","og_type":"article","og_title":"5 perchas de aluminio para bufandas, ch\u00e8ches y accesorios. - Color plata mate - MonCintre.com","og_description":"Perchas modernas de aluminio para guardar bufandas, corbatas, cinturones y otros accesorios. Color plata mate","og_url":"https:\/\/www.mon-cintre.com\/es\/producto\/perchas-aluminio-bufandas-accesorios-plata-mate\/","og_site_name":"MonCintre.com","article_modified_time":"2025-10-12T08:38:14+00:00","og_image":[{"width":1800,"height":1800,"url":"https:\/\/www.mon-cintre.com\/wp-content\/uploads\/2018\/08\/cintre-alu-foulard-1-1.jpg","type":"image\/jpeg"}],"twitter_card":"summary_large_image","schema":{"@context":"https:\/\/schema.org","@graph":[{"@type":"WebPage","@id":"https:\/\/www.mon-cintre.com\/es\/producto\/perchas-aluminio-bufandas-accesorios-plata-mate\/","url":"https:\/\/www.mon-cintre.com\/es\/producto\/perchas-aluminio-bufandas-accesorios-plata-mate\/","name":"5 perchas de aluminio para bufandas, ch\u00e8ches y accesorios. - Color plata mate - MonCintre.com","isPartOf":{"@id":"https:\/\/www.mon-cintre.com\/es\/#website"},"primaryImageOfPage":{"@id":"https:\/\/www.mon-cintre.com\/es\/producto\/perchas-aluminio-bufandas-accesorios-plata-mate\/#primaryimage"},"image":{"@id":"https:\/\/www.mon-cintre.com\/es\/producto\/perchas-aluminio-bufandas-accesorios-plata-mate\/#primaryimage"},"thumbnailUrl":"https:\/\/www.mon-cintre.com\/wp-content\/uploads\/2018\/08\/cintre-alu-foulard-1-1.jpg","datePublished":"2018-08-13T10:53:21+00:00","dateModified":"2025-10-12T08:38:14+00:00","description":"Perchas modernas de aluminio para guardar bufandas, corbatas, cinturones y otros accesorios. Color plata mate","breadcrumb":{"@id":"https:\/\/www.mon-cintre.com\/es\/producto\/perchas-aluminio-bufandas-accesorios-plata-mate\/#breadcrumb"},"inLanguage":"es","potentialAction":[{"@type":"ReadAction","target":["https:\/\/www.mon-cintre.com\/es\/producto\/perchas-aluminio-bufandas-accesorios-plata-mate\/"]}]},{"@type":"ImageObject","inLanguage":"es","@id":"https:\/\/www.mon-cintre.com\/es\/producto\/perchas-aluminio-bufandas-accesorios-plata-mate\/#primaryimage","url":"https:\/\/www.mon-cintre.com\/wp-content\/uploads\/2018\/08\/cintre-alu-foulard-1-1.jpg","contentUrl":"https:\/\/www.mon-cintre.com\/wp-content\/uploads\/2018\/08\/cintre-alu-foulard-1-1.jpg","width":1800,"height":1800},{"@type":"BreadcrumbList","@id":"https:\/\/www.mon-cintre.com\/es\/producto\/perchas-aluminio-bufandas-accesorios-plata-mate\/#breadcrumb","itemListElement":[{"@type":"ListItem","position":1,"name":"Accueil","item":"https:\/\/www.mon-cintre.com\/es\/"},{"@type":"ListItem","position":2,"name":"Tienda","item":"https:\/\/www.mon-cintre.com\/es\/tienda\/"},{"@type":"ListItem","position":3,"name":"5 perchas de aluminio para bufandas, ch\u00e8ches y accesorios. &#8211; Color plata mate"}]},{"@type":"WebSite","@id":"https:\/\/www.mon-cintre.com\/es\/#website","url":"https:\/\/www.mon-cintre.com\/es\/","name":"MonCintre.com","description":"Cintres et accessoires dressing","publisher":{"@id":"https:\/\/www.mon-cintre.com\/es\/#organization"},"potentialAction":[{"@type":"SearchAction","target":{"@type":"EntryPoint","urlTemplate":"https:\/\/www.mon-cintre.com\/es\/?s={search_term_string}"},"query-input":{"@type":"PropertyValueSpecification","valueRequired":true,"valueName":"search_term_string"}}],"inLanguage":"es"},{"@type":"Organization","@id":"https:\/\/www.mon-cintre.com\/es\/#organization","name":"MonCintre.com","url":"https:\/\/www.mon-cintre.com\/es\/","logo":{"@type":"ImageObject","inLanguage":"es","@id":"https:\/\/www.mon-cintre.com\/es\/#\/schema\/logo\/image\/","url":"https:\/\/www.mon-cintre.com\/wp-content\/uploads\/2022\/12\/logo-blanc.png","contentUrl":"https:\/\/www.mon-cintre.com\/wp-content\/uploads\/2022\/12\/logo-blanc.png","width":345,"height":205,"caption":"MonCintre.com"},"image":{"@id":"https:\/\/www.mon-cintre.com\/es\/#\/schema\/logo\/image\/"}}]}},"_links":{"self":[{"href":"https:\/\/www.mon-cintre.com\/es\/wp-json\/wp\/v2\/product\/730","targetHints":{"allow":["GET"]}}],"collection":[{"href":"https:\/\/www.mon-cintre.com\/es\/wp-json\/wp\/v2\/product"}],"about":[{"href":"https:\/\/www.mon-cintre.com\/es\/wp-json\/wp\/v2\/types\/product"}],"replies":[{"embeddable":true,"href":"https:\/\/www.mon-cintre.com\/es\/wp-json\/wp\/v2\/comments?post=730"}],"wp:featuredmedia":[{"embeddable":true,"href":"https:\/\/www.mon-cintre.com\/es\/wp-json\/wp\/v2\/media\/26375"}],"wp:attachment":[{"href":"https:\/\/www.mon-cintre.com\/es\/wp-json\/wp\/v2\/media?parent=730"}],"wp:term":[{"taxonomy":"product_brand","embeddable":true,"href":"https:\/\/www.mon-cintre.com\/es\/wp-json\/wp\/v2\/product_brand?post=730"},{"taxonomy":"product_cat","embeddable":true,"href":"https:\/\/www.mon-cintre.com\/es\/wp-json\/wp\/v2\/product_cat?post=730"},{"taxonomy":"product_tag","embeddable":true,"href":"https:\/\/www.mon-cintre.com\/es\/wp-json\/wp\/v2\/product_tag?post=730"}],"curies":[{"name":"wp","href":"https:\/\/api.w.org\/{rel}","templated":true}]}}