

{"id":745,"date":"2018-08-23T15:31:03","date_gmt":"2018-08-23T13:31:03","guid":{"rendered":"https:\/\/www.mon-cintre.com\/product\/perchas-blusa-blanco-patinado\/"},"modified":"2026-04-01T17:00:59","modified_gmt":"2026-04-01T15:00:59","slug":"perchas-blusa-blanco-patinado","status":"publish","type":"product","link":"https:\/\/www.mon-cintre.com\/es\/producto\/perchas-blusa-blanco-patinado\/","title":{"rendered":"10 perchas para blusa con pinzas &#8211; color blanco patinado (ancho 38 cm-hombro 2,5 cm)"},"content":{"rendered":"<ul>\n<li>10 perchas para blusas, faldas y pantalones en madera<\/li>\n<li>Esencia de fresno te\u00f1ida en blanco patinado<\/li>\n<li>Gancho y pinzas en color n\u00edquel mate<\/li>\n<li>Gancho giratorio 360\u00ba<\/li>\n<li>Pinzas profesionales que no dejan marcas y aseguran un ajuste perfecto<\/li>\n<li>Pinzas m\u00f3viles a lo largo de toda la barra con protecci\u00f3n para no rayarla<\/li>\n<li>Ancho 38 cm<\/li>\n<li>Ancho de hombros 2.5 cm<\/li>\n<li>Di\u00e1metro del gancho 5 mm, altura 8.5 cm<\/li>\n<li>Pinzas : 5 x 1,7 cm<\/li>\n<li>Caja de 10 perchas<\/li>\n<li>Ideal para blusas, vestidos, faldas y pantalones<\/li>\n<li>Cuidado: quitar el polvo con un pa\u00f1o suave y seco<\/li>\n<li>Informaci\u00f3n importante sobre nuestras perchas de madera: La madera es un material natural y nuestras tablas provienen directamente de los \u00e1rboles. Cada pieza de madera puede tener variaciones de color, vetas y nudos espec\u00edficos del \u00e1rbol original y de la parte del \u00e1rbol utilizada. Estas caracter\u00edsticas a\u00f1aden encanto a la madera sin afectar la calidad o durabilidad de nuestras perchas. La madera est\u00e1 viva y puede responder a los cambios de humedad. Nuestras perchas tambi\u00e9n est\u00e1n parcialmente moldeadas a mano, esta fabricaci\u00f3n artesanal hace que cada percha sea \u00fanica y puedan tener muy ligeras variaciones entre ellas.<\/li>\n<\/ul>\n<p>La colecci\u00f3n Mademoiselle se convierte en la colecci\u00f3n Rivage, siempre con sus colores suaves, y que ahora se presenta en 9 modelos para todos los conjuntos del armario de mujer y caballero.<\/p>\n<p>Entregado en una caja de regalo blanca con logo. Cada percha est\u00e1 envuelta individualmente en una cubierta protectora.<\/p>\n<p><img loading=\"lazy\" decoding=\"async\" class=\"alignnone size-medium wp-image-2627\" src=\"https:\/\/www.mon-cintre.com\/wp-content\/uploads\/2019\/02\/boite-cadeau-300x300.jpg\" alt=\"Boite cadeau Mon cintre\" width=\"300\" height=\"300\" \/><\/p>\n<p>1 metro de armario = 30 perchas<br \/>\n<img loading=\"lazy\" decoding=\"async\" class=\"alignnone size-full wp-image-153\" src=\"https:\/\/www.mon-cintre.com\/DEV\/wp-content\/uploads\/2018\/08\/30cintres.png\" alt=\"\" width=\"190\" height=\"19\" \/><\/p>\n<p>* Fotos no contractuales.<br \/>\nTenga en cuenta que los colores cambian de una pantalla a otra, por lo que es posible que haya una variaci\u00f3n entre la pantalla y la realidad a pesar de la atenci\u00f3n prestada a la calidad de nuestras fotos.<\/p>\n","protected":false},"excerpt":{"rendered":"<p><strong><span style=\"color: red;\">0 cajas en stock, disponibles de nuevo en septiembre de 2026.<\/span><\/strong><\/p>\n<ul>\n<li>10 perchas para blusas, faldas y pantalones<\/li>\n<li>Color blanco patinado<\/li>\n<li>Ancho 38 cm<\/li>\n<li>Ancho de hombros 2.5 cm<\/li>\n<li>Pinzas profesionales que no marcan<\/li>\n<li>Caja de 10 perchas<\/li>\n<li>Hecho a mano (<span style=\"text-decoration: underline;\"><a href=\"https:\/\/www.mon-cintre.com\/es\/perchas-hecho-mano\/\">leer m\u00e1s<\/a><\/span>)<\/li>\n<\/ul>\n","protected":false},"featured_media":27864,"comment_status":"open","ping_status":"closed","template":"","meta":{"inline_featured_image":false},"product_brand":[],"product_cat":[572,548,636,609,89,600,243,232,97,96,628,577],"product_tag":[],"class_list":{"0":"post-745","1":"product","2":"type-product","3":"status-publish","4":"has-post-thumbnail","6":"product_cat-colores-de-perchas","7":"product_cat-perchas","8":"product_cat-percha-curva","9":"product_cat-percha-talla-38","10":"product_cat-coleccion-mademoiselle","11":"product_cat-perchas-pinzas","12":"product_cat-perchas-madera-fresno","13":"product_cat-perchas-para-blusas","14":"product_cat-perchas-falda-pantalones","15":"product_cat-perchas-para-mujeres","16":"product_cat-perchas-tamano","17":"product_cat-tipos-perchas","19":"first","20":"outofstock","21":"taxable","22":"shipping-taxable","23":"purchasable","24":"product-type-simple"},"yoast_head":"<!-- This site is optimized with the Yoast SEO plugin v27.4 - https:\/\/yoast.com\/product\/yoast-seo-wordpress\/ -->\n<title>10 perchas para blusa con pinzas - color blanco patinado (ancho 38 cm-hombro 2,5 cm) - MonCintre.com<\/title>\n<meta name=\"description\" content=\"En esta colecci\u00f3n de perchas para el vestuario de dama con suaves tonos te\u00f1idos de blanco, elige estas perchas para blusa con pinzas\" \/>\n<meta name=\"robots\" content=\"index, follow, max-snippet:-1, max-image-preview:large, max-video-preview:-1\" \/>\n<link rel=\"canonical\" href=\"https:\/\/www.mon-cintre.com\/es\/producto\/perchas-blusa-blanco-patinado\/\" \/>\n<meta property=\"og:locale\" content=\"es_ES\" \/>\n<meta property=\"og:type\" content=\"article\" \/>\n<meta property=\"og:title\" content=\"10 perchas para blusa con pinzas - color blanco patinado (ancho 38 cm-hombro 2,5 cm) - MonCintre.com\" \/>\n<meta property=\"og:description\" content=\"En esta colecci\u00f3n de perchas para el vestuario de dama con suaves tonos te\u00f1idos de blanco, elige estas perchas para blusa con pinzas\" \/>\n<meta property=\"og:url\" content=\"https:\/\/www.mon-cintre.com\/es\/producto\/perchas-blusa-blanco-patinado\/\" \/>\n<meta property=\"og:site_name\" content=\"MonCintre.com\" \/>\n<meta property=\"article:modified_time\" content=\"2026-04-01T15:00:59+00:00\" \/>\n<meta property=\"og:image\" content=\"https:\/\/www.mon-cintre.com\/wp-content\/uploads\/2018\/08\/cintres-chemisier-pinces-1.jpg\" \/>\n\t<meta property=\"og:image:width\" content=\"1800\" \/>\n\t<meta property=\"og:image:height\" content=\"1800\" \/>\n\t<meta property=\"og:image:type\" content=\"image\/jpeg\" \/>\n<meta name=\"twitter:card\" content=\"summary_large_image\" \/>\n<meta name=\"twitter:label1\" content=\"Tiempo de lectura\" \/>\n\t<meta name=\"twitter:data1\" content=\"2 minutos\" \/>\n<script type=\"application\/ld+json\" class=\"yoast-schema-graph\">{\"@context\":\"https:\\\/\\\/schema.org\",\"@graph\":[{\"@type\":\"WebPage\",\"@id\":\"https:\\\/\\\/www.mon-cintre.com\\\/es\\\/producto\\\/perchas-blusa-blanco-patinado\\\/\",\"url\":\"https:\\\/\\\/www.mon-cintre.com\\\/es\\\/producto\\\/perchas-blusa-blanco-patinado\\\/\",\"name\":\"10 perchas para blusa con pinzas - color blanco patinado (ancho 38 cm-hombro 2,5 cm) - MonCintre.com\",\"isPartOf\":{\"@id\":\"https:\\\/\\\/www.mon-cintre.com\\\/es\\\/#website\"},\"primaryImageOfPage\":{\"@id\":\"https:\\\/\\\/www.mon-cintre.com\\\/es\\\/producto\\\/perchas-blusa-blanco-patinado\\\/#primaryimage\"},\"image\":{\"@id\":\"https:\\\/\\\/www.mon-cintre.com\\\/es\\\/producto\\\/perchas-blusa-blanco-patinado\\\/#primaryimage\"},\"thumbnailUrl\":\"https:\\\/\\\/www.mon-cintre.com\\\/wp-content\\\/uploads\\\/2018\\\/08\\\/cintres-chemisier-pinces-1.jpg\",\"datePublished\":\"2018-08-23T13:31:03+00:00\",\"dateModified\":\"2026-04-01T15:00:59+00:00\",\"description\":\"En esta colecci\u00f3n de perchas para el vestuario de dama con suaves tonos te\u00f1idos de blanco, elige estas perchas para blusa con pinzas\",\"breadcrumb\":{\"@id\":\"https:\\\/\\\/www.mon-cintre.com\\\/es\\\/producto\\\/perchas-blusa-blanco-patinado\\\/#breadcrumb\"},\"inLanguage\":\"es\",\"potentialAction\":[{\"@type\":\"ReadAction\",\"target\":[\"https:\\\/\\\/www.mon-cintre.com\\\/es\\\/producto\\\/perchas-blusa-blanco-patinado\\\/\"]}]},{\"@type\":\"ImageObject\",\"inLanguage\":\"es\",\"@id\":\"https:\\\/\\\/www.mon-cintre.com\\\/es\\\/producto\\\/perchas-blusa-blanco-patinado\\\/#primaryimage\",\"url\":\"https:\\\/\\\/www.mon-cintre.com\\\/wp-content\\\/uploads\\\/2018\\\/08\\\/cintres-chemisier-pinces-1.jpg\",\"contentUrl\":\"https:\\\/\\\/www.mon-cintre.com\\\/wp-content\\\/uploads\\\/2018\\\/08\\\/cintres-chemisier-pinces-1.jpg\",\"width\":1800,\"height\":1800,\"caption\":\"10 cintres en bois avec pinces pour chemisiers, robe et jupe - coloris blanc lasur\u00e9\"},{\"@type\":\"BreadcrumbList\",\"@id\":\"https:\\\/\\\/www.mon-cintre.com\\\/es\\\/producto\\\/perchas-blusa-blanco-patinado\\\/#breadcrumb\",\"itemListElement\":[{\"@type\":\"ListItem\",\"position\":1,\"name\":\"Accueil\",\"item\":\"https:\\\/\\\/www.mon-cintre.com\\\/es\\\/\"},{\"@type\":\"ListItem\",\"position\":2,\"name\":\"Tienda\",\"item\":\"https:\\\/\\\/www.mon-cintre.com\\\/es\\\/tienda\\\/\"},{\"@type\":\"ListItem\",\"position\":3,\"name\":\"10 perchas para blusa con pinzas &#8211; color blanco patinado (ancho 38 cm-hombro 2,5 cm)\"}]},{\"@type\":\"WebSite\",\"@id\":\"https:\\\/\\\/www.mon-cintre.com\\\/es\\\/#website\",\"url\":\"https:\\\/\\\/www.mon-cintre.com\\\/es\\\/\",\"name\":\"MonCintre.com\",\"description\":\"Cintres et accessoires dressing\",\"publisher\":{\"@id\":\"https:\\\/\\\/www.mon-cintre.com\\\/es\\\/#organization\"},\"potentialAction\":[{\"@type\":\"SearchAction\",\"target\":{\"@type\":\"EntryPoint\",\"urlTemplate\":\"https:\\\/\\\/www.mon-cintre.com\\\/es\\\/?s={search_term_string}\"},\"query-input\":{\"@type\":\"PropertyValueSpecification\",\"valueRequired\":true,\"valueName\":\"search_term_string\"}}],\"inLanguage\":\"es\"},{\"@type\":\"Organization\",\"@id\":\"https:\\\/\\\/www.mon-cintre.com\\\/es\\\/#organization\",\"name\":\"MonCintre.com\",\"url\":\"https:\\\/\\\/www.mon-cintre.com\\\/es\\\/\",\"logo\":{\"@type\":\"ImageObject\",\"inLanguage\":\"es\",\"@id\":\"https:\\\/\\\/www.mon-cintre.com\\\/es\\\/#\\\/schema\\\/logo\\\/image\\\/\",\"url\":\"https:\\\/\\\/www.mon-cintre.com\\\/wp-content\\\/uploads\\\/2022\\\/12\\\/logo-blanc.png\",\"contentUrl\":\"https:\\\/\\\/www.mon-cintre.com\\\/wp-content\\\/uploads\\\/2022\\\/12\\\/logo-blanc.png\",\"width\":345,\"height\":205,\"caption\":\"MonCintre.com\"},\"image\":{\"@id\":\"https:\\\/\\\/www.mon-cintre.com\\\/es\\\/#\\\/schema\\\/logo\\\/image\\\/\"}}]}<\/script>\n<!-- \/ Yoast SEO plugin. -->","yoast_head_json":{"title":"10 perchas para blusa con pinzas - color blanco patinado (ancho 38 cm-hombro 2,5 cm) - MonCintre.com","description":"En esta colecci\u00f3n de perchas para el vestuario de dama con suaves tonos te\u00f1idos de blanco, elige estas perchas para blusa con pinzas","robots":{"index":"index","follow":"follow","max-snippet":"max-snippet:-1","max-image-preview":"max-image-preview:large","max-video-preview":"max-video-preview:-1"},"canonical":"https:\/\/www.mon-cintre.com\/es\/producto\/perchas-blusa-blanco-patinado\/","og_locale":"es_ES","og_type":"article","og_title":"10 perchas para blusa con pinzas - color blanco patinado (ancho 38 cm-hombro 2,5 cm) - MonCintre.com","og_description":"En esta colecci\u00f3n de perchas para el vestuario de dama con suaves tonos te\u00f1idos de blanco, elige estas perchas para blusa con pinzas","og_url":"https:\/\/www.mon-cintre.com\/es\/producto\/perchas-blusa-blanco-patinado\/","og_site_name":"MonCintre.com","article_modified_time":"2026-04-01T15:00:59+00:00","og_image":[{"width":1800,"height":1800,"url":"https:\/\/www.mon-cintre.com\/wp-content\/uploads\/2018\/08\/cintres-chemisier-pinces-1.jpg","type":"image\/jpeg"}],"twitter_card":"summary_large_image","twitter_misc":{"Tiempo de lectura":"2 minutos"},"schema":{"@context":"https:\/\/schema.org","@graph":[{"@type":"WebPage","@id":"https:\/\/www.mon-cintre.com\/es\/producto\/perchas-blusa-blanco-patinado\/","url":"https:\/\/www.mon-cintre.com\/es\/producto\/perchas-blusa-blanco-patinado\/","name":"10 perchas para blusa con pinzas - color blanco patinado (ancho 38 cm-hombro 2,5 cm) - MonCintre.com","isPartOf":{"@id":"https:\/\/www.mon-cintre.com\/es\/#website"},"primaryImageOfPage":{"@id":"https:\/\/www.mon-cintre.com\/es\/producto\/perchas-blusa-blanco-patinado\/#primaryimage"},"image":{"@id":"https:\/\/www.mon-cintre.com\/es\/producto\/perchas-blusa-blanco-patinado\/#primaryimage"},"thumbnailUrl":"https:\/\/www.mon-cintre.com\/wp-content\/uploads\/2018\/08\/cintres-chemisier-pinces-1.jpg","datePublished":"2018-08-23T13:31:03+00:00","dateModified":"2026-04-01T15:00:59+00:00","description":"En esta colecci\u00f3n de perchas para el vestuario de dama con suaves tonos te\u00f1idos de blanco, elige estas perchas para blusa con pinzas","breadcrumb":{"@id":"https:\/\/www.mon-cintre.com\/es\/producto\/perchas-blusa-blanco-patinado\/#breadcrumb"},"inLanguage":"es","potentialAction":[{"@type":"ReadAction","target":["https:\/\/www.mon-cintre.com\/es\/producto\/perchas-blusa-blanco-patinado\/"]}]},{"@type":"ImageObject","inLanguage":"es","@id":"https:\/\/www.mon-cintre.com\/es\/producto\/perchas-blusa-blanco-patinado\/#primaryimage","url":"https:\/\/www.mon-cintre.com\/wp-content\/uploads\/2018\/08\/cintres-chemisier-pinces-1.jpg","contentUrl":"https:\/\/www.mon-cintre.com\/wp-content\/uploads\/2018\/08\/cintres-chemisier-pinces-1.jpg","width":1800,"height":1800,"caption":"10 cintres en bois avec pinces pour chemisiers, robe et jupe - coloris blanc lasur\u00e9"},{"@type":"BreadcrumbList","@id":"https:\/\/www.mon-cintre.com\/es\/producto\/perchas-blusa-blanco-patinado\/#breadcrumb","itemListElement":[{"@type":"ListItem","position":1,"name":"Accueil","item":"https:\/\/www.mon-cintre.com\/es\/"},{"@type":"ListItem","position":2,"name":"Tienda","item":"https:\/\/www.mon-cintre.com\/es\/tienda\/"},{"@type":"ListItem","position":3,"name":"10 perchas para blusa con pinzas &#8211; color blanco patinado (ancho 38 cm-hombro 2,5 cm)"}]},{"@type":"WebSite","@id":"https:\/\/www.mon-cintre.com\/es\/#website","url":"https:\/\/www.mon-cintre.com\/es\/","name":"MonCintre.com","description":"Cintres et accessoires dressing","publisher":{"@id":"https:\/\/www.mon-cintre.com\/es\/#organization"},"potentialAction":[{"@type":"SearchAction","target":{"@type":"EntryPoint","urlTemplate":"https:\/\/www.mon-cintre.com\/es\/?s={search_term_string}"},"query-input":{"@type":"PropertyValueSpecification","valueRequired":true,"valueName":"search_term_string"}}],"inLanguage":"es"},{"@type":"Organization","@id":"https:\/\/www.mon-cintre.com\/es\/#organization","name":"MonCintre.com","url":"https:\/\/www.mon-cintre.com\/es\/","logo":{"@type":"ImageObject","inLanguage":"es","@id":"https:\/\/www.mon-cintre.com\/es\/#\/schema\/logo\/image\/","url":"https:\/\/www.mon-cintre.com\/wp-content\/uploads\/2022\/12\/logo-blanc.png","contentUrl":"https:\/\/www.mon-cintre.com\/wp-content\/uploads\/2022\/12\/logo-blanc.png","width":345,"height":205,"caption":"MonCintre.com"},"image":{"@id":"https:\/\/www.mon-cintre.com\/es\/#\/schema\/logo\/image\/"}}]}},"_links":{"self":[{"href":"https:\/\/www.mon-cintre.com\/es\/wp-json\/wp\/v2\/product\/745","targetHints":{"allow":["GET"]}}],"collection":[{"href":"https:\/\/www.mon-cintre.com\/es\/wp-json\/wp\/v2\/product"}],"about":[{"href":"https:\/\/www.mon-cintre.com\/es\/wp-json\/wp\/v2\/types\/product"}],"replies":[{"embeddable":true,"href":"https:\/\/www.mon-cintre.com\/es\/wp-json\/wp\/v2\/comments?post=745"}],"wp:featuredmedia":[{"embeddable":true,"href":"https:\/\/www.mon-cintre.com\/es\/wp-json\/wp\/v2\/media\/27864"}],"wp:attachment":[{"href":"https:\/\/www.mon-cintre.com\/es\/wp-json\/wp\/v2\/media?parent=745"}],"wp:term":[{"taxonomy":"product_brand","embeddable":true,"href":"https:\/\/www.mon-cintre.com\/es\/wp-json\/wp\/v2\/product_brand?post=745"},{"taxonomy":"product_cat","embeddable":true,"href":"https:\/\/www.mon-cintre.com\/es\/wp-json\/wp\/v2\/product_cat?post=745"},{"taxonomy":"product_tag","embeddable":true,"href":"https:\/\/www.mon-cintre.com\/es\/wp-json\/wp\/v2\/product_tag?post=745"}],"curies":[{"name":"wp","href":"https:\/\/api.w.org\/{rel}","templated":true}]}}