

{"id":20887,"date":"2020-12-10T10:56:35","date_gmt":"2020-12-10T09:56:35","guid":{"rendered":"https:\/\/www.mon-cintre.com\/grucce-personalizzati\/"},"modified":"2026-02-16T15:52:02","modified_gmt":"2026-02-16T14:52:02","slug":"grucce-su-misura","status":"publish","type":"page","link":"https:\/\/www.mon-cintre.com\/it\/grucce-su-misura\/","title":{"rendered":"Grucce su misura"},"content":{"rendered":"<div class=\"wpb-content-wrapper\"><p>[vc_row css=&#8221;.vc_custom_1573574361109{margin-top: 150px !important;margin-bottom: 0px !important;}&#8221;][vc_column width=&#8221;1\/6&#8243;][\/vc_column][vc_column width=&#8221;2\/3&#8243;][vc_column_text css=&#8221;&#8221;]<\/p>\n<h1 class=\"brick_cust_title\">I TUOI GRUCCE PERSONALIZZATI<\/h1>\n<div class=\"brick_cust_subtitle\">Sei un professionista alla ricerca di grucce personalizzate per il tuo marchio, hotel o qualsiasi altro progetto? Contattaci per maggiori informazioni su prezzi, quantit\u00e0 minime d&#8217;ordine e termini e condizioni, contattaci a questo indirizzo: <a href=\"mailto:sur-mesure@mon-cintre.com\"><span style=\"color: #993366;\">sur-mesure@mon-cintre.com<\/span><\/a><\/div>\n<div>*A partire da 250 grucce<\/div>\n<p>[\/vc_column_text][\/vc_column][vc_column width=&#8221;1\/6&#8243;][\/vc_column][\/vc_row][vc_row css=&#8221;.vc_custom_1576679332905{padding-right: 10% !important;padding-left: 10% !important;background-color: #ffffff !important;}&#8221;][vc_column][vc_row_inner css=&#8221;.vc_custom_1581415162046{padding-right: 0px !important;background-color: #ffffff !important;}&#8221;][vc_column_inner width=&#8221;2\/3&#8243; css=&#8221;.vc_custom_1576680502973{padding-right: 5% !important;padding-left: 0px !important;background-color: #ffffff !important;}&#8221;][vc_column_text css=&#8221;.vc_custom_1771253509904{padding-left: 5% !important;}&#8221;]<\/p>\n<div class=\"brick_cust_subtitle\">SCEGLI IL TUO STILE<\/div>\n<h3 class=\"brick_cust_title\">Materiali &amp; colori<br \/>\n<span class=\"vibrant_color\">Legno, Legno tinto, acrilico, ecc.<\/span><\/h3>\n<div class=\"brick_cust_desc\">\n<p>Adatta il design della gruccia per riflettere l&#8217;immagine del tuo marchio scegliendo il design, il materiale e i colori pi\u00f9 adatti. Scegli il tuo stile e noi daremo vita alla tua visione.I nostri 30 anni di esperienza come produttori e professionisti di grucce saranno una risorsa preziosa nella scelta delle grucce pi\u00f9 adatte alle tue esigenze.<\/p>\n<\/div>\n<p>[\/vc_column_text][vc_single_image image=&#8221;33913&#8243; img_size=&#8221;full&#8221;][\/vc_column_inner][vc_column_inner width=&#8221;1\/3&#8243; css=&#8221;.vc_custom_1576679489633{padding-right: 0px !important;padding-left: 0px !important;}&#8221;][vc_single_image image=&#8221;33914&#8243; img_size=&#8221;full&#8221;][vc_column_text]<\/p>\n<div class=\"brick_cust_subtitle\">Ti consigliamo<\/div>\n<h3 class=\"brick_cust_title\">Forma &amp;<br \/>\n<span class=\"vibrant_color\">Estetico<\/span><\/h3>\n<div class=\"brick_cust_desc\">La forma del la gruccia \u00e8 importante tanto per il tipo di capo a cui \u00e8 destinato quanto per l&#8217;estetica de la cabina armadio o del negozio in cui si svolger\u00e0. Possiamo consigliarti nella scelta della forma, delle dimensioni e delle opzioni in base alle tue esigenze<\/div>\n<p>[\/vc_column_text][\/vc_column_inner][\/vc_row_inner][vc_row_inner][vc_column_inner width=&#8221;1\/3&#8243;][vc_column_text css=&#8221;&#8221;]<\/p>\n<div class=\"brick_cust_subtitle\">La perfezione \u00e8 nei dettagli<\/div>\n<h3 class=\"brick_cust_title\">Personalizzare<br \/>\nle tue grucce<\/h3>\n<div class=\"brick_cust_desc\">Le iniziali o il logo sono il tocco finale del la gruccia su misura. Le possibilit\u00e0 sono numerose, dalla tampografia, alla marcatura laser, in rilievo su pelle, e anche alle lettere in metallo intarsiate nel legno, troverai il tuo stile.<\/div>\n<div class=\"brick_cust_desc\">Scegli anche la forma e il colore del gancio in base ai tuoi gusti.<\/div>\n<p>[\/vc_column_text][\/vc_column_inner][vc_column_inner width=&#8221;1\/3&#8243;][vc_single_image image=&#8221;33915&#8243; img_size=&#8221;full&#8221;][\/vc_column_inner][vc_column_inner width=&#8221;1\/3&#8243;][vc_single_image image=&#8221;33916&#8243; img_size=&#8221;full&#8221;][\/vc_column_inner][\/vc_row_inner][\/vc_column][\/vc_row][vc_row css=&#8221;.vc_custom_1575454190655{margin-top: 40px !important;margin-bottom: 0px !important;}&#8221;][vc_column width=&#8221;1\/6&#8243;][\/vc_column][vc_column width=&#8221;2\/3&#8243;][vc_column_text]<\/p>\n<div class=\"brick_cust_subtitle\">Per un servizio su misura e per ricevere maggiori informazioni sui nostri prezzi, quantitativi minimi e condizioni, contattaci a questo indirizzo: <a href=\"mailto:sur-mesure@mon-cintre.com\"><span style=\"color: #993366;\">sur-mesure@mon-cintre.com<\/span><\/a><\/div>\n<p>[\/vc_column_text][\/vc_column][vc_column width=&#8221;1\/6&#8243;][\/vc_column][\/vc_row]<\/p>\n<\/div>","protected":false},"excerpt":{"rendered":"<p>[vc_row css=&#8221;.vc_custom_1573574361109{margin-top: 150px !important;margin-bottom: 0px !important;}&#8221;][vc_column width=&#8221;1\/6&#8243;][\/vc_column][vc_column width=&#8221;2\/3&#8243;][vc_column_text css=&#8221;&#8221;] I TUOI GRUCCE PERSONALIZZATI Sei un professionista alla ricerca di grucce personalizzate per il tuo marchio, hotel o qualsiasi altro progetto? Contattaci per maggiori informazioni su prezzi, quantit\u00e0 minime d&#8217;ordine e&#8230;<\/p>\n","protected":false},"author":1,"featured_media":0,"parent":0,"menu_order":0,"comment_status":"closed","ping_status":"closed","template":"template-visual-composer.php","meta":{"inline_featured_image":false,"footnotes":""},"class_list":["post-20887","page","type-page","status-publish","hentry"],"yoast_head":"<!-- This site is optimized with the Yoast SEO plugin v27.5 - https:\/\/yoast.com\/product\/yoast-seo-wordpress\/ -->\n<title>Grucce su misura - Mon Cintre<\/title>\n<meta name=\"description\" content=\"Grucce personalizzati per privati \u200b\u200be professionisti. Grucce in pelle, grucce in legno nobile, accessori per cabina armadio...\" \/>\n<meta name=\"robots\" content=\"index, follow, max-snippet:-1, max-image-preview:large, max-video-preview:-1\" \/>\n<link rel=\"canonical\" href=\"https:\/\/www.mon-cintre.com\/it\/grucce-su-misura\/\" \/>\n<meta property=\"og:locale\" content=\"it_IT\" \/>\n<meta property=\"og:type\" content=\"article\" \/>\n<meta property=\"og:title\" content=\"Grucce su misura - Mon Cintre\" \/>\n<meta property=\"og:description\" content=\"Grucce personalizzati per privati \u200b\u200be professionisti. Grucce in pelle, grucce in legno nobile, accessori per cabina armadio...\" \/>\n<meta property=\"og:url\" content=\"https:\/\/www.mon-cintre.com\/it\/grucce-su-misura\/\" \/>\n<meta property=\"og:site_name\" content=\"Mon Cintre\" \/>\n<meta property=\"article:modified_time\" content=\"2026-02-16T14:52:02+00:00\" \/>\n<meta name=\"twitter:card\" content=\"summary_large_image\" \/>\n<meta name=\"twitter:label1\" content=\"Tempo di lettura stimato\" \/>\n\t<meta name=\"twitter:data1\" content=\"3 minuti\" \/>\n<script type=\"application\/ld+json\" class=\"yoast-schema-graph\">{\"@context\":\"https:\\\/\\\/schema.org\",\"@graph\":[{\"@type\":\"WebPage\",\"@id\":\"https:\\\/\\\/www.mon-cintre.com\\\/it\\\/grucce-su-misura\\\/\",\"url\":\"https:\\\/\\\/www.mon-cintre.com\\\/it\\\/grucce-su-misura\\\/\",\"name\":\"Grucce su misura - Mon Cintre\",\"isPartOf\":{\"@id\":\"https:\\\/\\\/www.mon-cintre.com\\\/it\\\/#website\"},\"datePublished\":\"2020-12-10T09:56:35+00:00\",\"dateModified\":\"2026-02-16T14:52:02+00:00\",\"description\":\"Grucce personalizzati per privati \u200b\u200be professionisti. Grucce in pelle, grucce in legno nobile, accessori per cabina armadio...\",\"breadcrumb\":{\"@id\":\"https:\\\/\\\/www.mon-cintre.com\\\/it\\\/grucce-su-misura\\\/#breadcrumb\"},\"inLanguage\":\"it-IT\",\"potentialAction\":[{\"@type\":\"ReadAction\",\"target\":[\"https:\\\/\\\/www.mon-cintre.com\\\/it\\\/grucce-su-misura\\\/\"]}]},{\"@type\":\"BreadcrumbList\",\"@id\":\"https:\\\/\\\/www.mon-cintre.com\\\/it\\\/grucce-su-misura\\\/#breadcrumb\",\"itemListElement\":[{\"@type\":\"ListItem\",\"position\":1,\"name\":\"Accueil\",\"item\":\"https:\\\/\\\/www.mon-cintre.com\\\/it\\\/\"},{\"@type\":\"ListItem\",\"position\":2,\"name\":\"Grucce su misura\"}]},{\"@type\":\"WebSite\",\"@id\":\"https:\\\/\\\/www.mon-cintre.com\\\/it\\\/#website\",\"url\":\"https:\\\/\\\/www.mon-cintre.com\\\/it\\\/\",\"name\":\"Mon Cintre\",\"description\":\"Cintres et accessoires de dressing\",\"publisher\":{\"@id\":\"https:\\\/\\\/www.mon-cintre.com\\\/it\\\/#organization\"},\"potentialAction\":[{\"@type\":\"SearchAction\",\"target\":{\"@type\":\"EntryPoint\",\"urlTemplate\":\"https:\\\/\\\/www.mon-cintre.com\\\/it\\\/?s={search_term_string}\"},\"query-input\":{\"@type\":\"PropertyValueSpecification\",\"valueRequired\":true,\"valueName\":\"search_term_string\"}}],\"inLanguage\":\"it-IT\"},{\"@type\":\"Organization\",\"@id\":\"https:\\\/\\\/www.mon-cintre.com\\\/it\\\/#organization\",\"name\":\"Mon Cintre\",\"url\":\"https:\\\/\\\/www.mon-cintre.com\\\/it\\\/\",\"logo\":{\"@type\":\"ImageObject\",\"inLanguage\":\"it-IT\",\"@id\":\"https:\\\/\\\/www.mon-cintre.com\\\/it\\\/#\\\/schema\\\/logo\\\/image\\\/\",\"url\":\"https:\\\/\\\/www.mon-cintre.com\\\/wp-content\\\/uploads\\\/2022\\\/12\\\/logo-blanc.png\",\"contentUrl\":\"https:\\\/\\\/www.mon-cintre.com\\\/wp-content\\\/uploads\\\/2022\\\/12\\\/logo-blanc.png\",\"width\":345,\"height\":205,\"caption\":\"Mon Cintre\"},\"image\":{\"@id\":\"https:\\\/\\\/www.mon-cintre.com\\\/it\\\/#\\\/schema\\\/logo\\\/image\\\/\"}}]}<\/script>\n<!-- \/ Yoast SEO plugin. -->","yoast_head_json":{"title":"Grucce su misura - Mon Cintre","description":"Grucce personalizzati per privati \u200b\u200be professionisti. Grucce in pelle, grucce in legno nobile, accessori per cabina armadio...","robots":{"index":"index","follow":"follow","max-snippet":"max-snippet:-1","max-image-preview":"max-image-preview:large","max-video-preview":"max-video-preview:-1"},"canonical":"https:\/\/www.mon-cintre.com\/it\/grucce-su-misura\/","og_locale":"it_IT","og_type":"article","og_title":"Grucce su misura - Mon Cintre","og_description":"Grucce personalizzati per privati \u200b\u200be professionisti. Grucce in pelle, grucce in legno nobile, accessori per cabina armadio...","og_url":"https:\/\/www.mon-cintre.com\/it\/grucce-su-misura\/","og_site_name":"Mon Cintre","article_modified_time":"2026-02-16T14:52:02+00:00","twitter_card":"summary_large_image","twitter_misc":{"Tempo di lettura stimato":"3 minuti"},"schema":{"@context":"https:\/\/schema.org","@graph":[{"@type":"WebPage","@id":"https:\/\/www.mon-cintre.com\/it\/grucce-su-misura\/","url":"https:\/\/www.mon-cintre.com\/it\/grucce-su-misura\/","name":"Grucce su misura - Mon Cintre","isPartOf":{"@id":"https:\/\/www.mon-cintre.com\/it\/#website"},"datePublished":"2020-12-10T09:56:35+00:00","dateModified":"2026-02-16T14:52:02+00:00","description":"Grucce personalizzati per privati \u200b\u200be professionisti. Grucce in pelle, grucce in legno nobile, accessori per cabina armadio...","breadcrumb":{"@id":"https:\/\/www.mon-cintre.com\/it\/grucce-su-misura\/#breadcrumb"},"inLanguage":"it-IT","potentialAction":[{"@type":"ReadAction","target":["https:\/\/www.mon-cintre.com\/it\/grucce-su-misura\/"]}]},{"@type":"BreadcrumbList","@id":"https:\/\/www.mon-cintre.com\/it\/grucce-su-misura\/#breadcrumb","itemListElement":[{"@type":"ListItem","position":1,"name":"Accueil","item":"https:\/\/www.mon-cintre.com\/it\/"},{"@type":"ListItem","position":2,"name":"Grucce su misura"}]},{"@type":"WebSite","@id":"https:\/\/www.mon-cintre.com\/it\/#website","url":"https:\/\/www.mon-cintre.com\/it\/","name":"Mon Cintre","description":"Cintres et accessoires de dressing","publisher":{"@id":"https:\/\/www.mon-cintre.com\/it\/#organization"},"potentialAction":[{"@type":"SearchAction","target":{"@type":"EntryPoint","urlTemplate":"https:\/\/www.mon-cintre.com\/it\/?s={search_term_string}"},"query-input":{"@type":"PropertyValueSpecification","valueRequired":true,"valueName":"search_term_string"}}],"inLanguage":"it-IT"},{"@type":"Organization","@id":"https:\/\/www.mon-cintre.com\/it\/#organization","name":"Mon Cintre","url":"https:\/\/www.mon-cintre.com\/it\/","logo":{"@type":"ImageObject","inLanguage":"it-IT","@id":"https:\/\/www.mon-cintre.com\/it\/#\/schema\/logo\/image\/","url":"https:\/\/www.mon-cintre.com\/wp-content\/uploads\/2022\/12\/logo-blanc.png","contentUrl":"https:\/\/www.mon-cintre.com\/wp-content\/uploads\/2022\/12\/logo-blanc.png","width":345,"height":205,"caption":"Mon Cintre"},"image":{"@id":"https:\/\/www.mon-cintre.com\/it\/#\/schema\/logo\/image\/"}}]}},"_links":{"self":[{"href":"https:\/\/www.mon-cintre.com\/it\/wp-json\/wp\/v2\/pages\/20887","targetHints":{"allow":["GET"]}}],"collection":[{"href":"https:\/\/www.mon-cintre.com\/it\/wp-json\/wp\/v2\/pages"}],"about":[{"href":"https:\/\/www.mon-cintre.com\/it\/wp-json\/wp\/v2\/types\/page"}],"author":[{"embeddable":true,"href":"https:\/\/www.mon-cintre.com\/it\/wp-json\/wp\/v2\/users\/1"}],"replies":[{"embeddable":true,"href":"https:\/\/www.mon-cintre.com\/it\/wp-json\/wp\/v2\/comments?post=20887"}],"version-history":[{"count":10,"href":"https:\/\/www.mon-cintre.com\/it\/wp-json\/wp\/v2\/pages\/20887\/revisions"}],"predecessor-version":[{"id":33918,"href":"https:\/\/www.mon-cintre.com\/it\/wp-json\/wp\/v2\/pages\/20887\/revisions\/33918"}],"wp:attachment":[{"href":"https:\/\/www.mon-cintre.com\/it\/wp-json\/wp\/v2\/media?parent=20887"}],"curies":[{"name":"wp","href":"https:\/\/api.w.org\/{rel}","templated":true}]}}