

{"id":20918,"date":"2020-12-10T11:56:10","date_gmt":"2020-12-10T10:56:10","guid":{"rendered":"https:\/\/www.mon-cintre.com\/condizioni-generali-di-vendita\/"},"modified":"2024-10-17T17:45:53","modified_gmt":"2024-10-17T15:45:53","slug":"condizioni-generali-di-vendita","status":"publish","type":"page","link":"https:\/\/www.mon-cintre.com\/it\/condizioni-generali-di-vendita\/","title":{"rendered":"Condizioni generali di vendita"},"content":{"rendered":"<p>Le presenti condizioni generali di vendita sono una traduzione del documento originale scritto in spagnolo. Traduzione fornita dalla traduzione di Google.<\/p>\n<p><strong>DATI DI IDENTIFICAZIONE<\/strong><\/p>\n<p>Le presenti condizioni generali di vendita regolano l&#8217;utilizzo del sito web mon-cintre.com (di seguito &#8220;il sito web&#8221;) di propriet\u00e0 di MI TIENDA DE PERCHAS S.L (di seguito Mi tienda de perchas). Mi tienda de perchas \u00e8 una societ\u00e0 a responsabilit\u00e0 limitata con sede legale in Avenida Mila Real 137 &#8211; pta 36 &#8211; 46117 B\u00e9tera &#8211; SPAGNA, titolare del codice fiscale B98981368 con un capitale sociale di \u20ac 3.000. Iscritta al Registro delle Imprese di Valencia, volume 10464, Folio 70, iscrizione 1 con foglio V-180791, e-mail: info@mon-cintre.com &#8211; telefono: +34 675 698 344<\/p>\n<p>Sito ospitato da Gandi SAS, 63-65 boulevard Mass\u00e9na Paris (75013) FRANCIA &#8211; Tel: +33 (0) 1 70.37.76.61<\/p>\n<p>Redattore rispondente: Karine Goh\u00e9<\/p>\n<p><strong>1. SCOPO DEL CONTRATTO<\/strong><\/p>\n<p>Le presenti condizioni generali di vendita si applicano alla vendita di tutti gli articoli presenti sul sito www.mon-cintre.com ai consumatori ai quali \u00e8 possibile consegnare gli ordini in Europa. Il sito www.mon-cintre.com \u00e8 destinato esclusivamente ad un pubblico di et\u00e0 superiore ai 18 anni. Mi tienda de perchas SL si riserva il diritto di cancellare l&#8217;account di accesso di un cliente se vengono rilevati atti fraudolenti, speculativi o in malafede durante l&#8217;utilizzo di questo servizio.<\/p>\n<p><strong>2. PREZZI<\/strong><\/p>\n<p>I prezzi applicabili sono quelli indicati sul sito alla data dell&#8217;ordine. I prezzi sono dettagliati in ogni articolo e sono comprensivi di IVA (imposta sul valore aggiunto). L&#8217;importo delle spese di consegna \u00e8 indicato al cliente al momento della convalida dell&#8217;ordine e calcolato in base al peso imponibile (peso volumetrico). Se il paese di consegna \u00e8 al di fuori dell&#8217;Unione Europea, Mi tienda de perchas SL non addebiter\u00e0 l&#8217;IVA. Il cliente dovr\u00e0 comunque pagare tutti i dazi e le tasse in entrata che l&#8217;autorit\u00e0 doganale del paese di consegna riterr\u00e0 opportuni, pertanto l&#8217;agente di trasporto chieder\u00e0 al cliente di pagare i dazi e le tasse prima che possa essere effettuata la consegna.<\/p>\n<p><strong>3. PAGAMENTO<\/strong><\/p>\n<p>Il pagamento verr\u00e0 effettuato al termine della procedura di acquisto e sar\u00e0 condizione essenziale per formalizzarla. Il pagamento non \u00e8 consentito mediante procedure differite quali contrassegno o bonifico. Metodi di pagamento supportati: gli acquisti possono essere pagati con una carta di credito Visa\u00ae, Mastercard\u00ae e un sistema PayPal. Il metodo di pagamento viene scelto durante il processo di acquisto. Il cliente deve notificare a Mi tienda de perchas gli addebiti eccessivi o fraudolenti sulla carta utilizzata per gli acquisti il \u200b\u200bprima possibile in modo che Mi tienda de perchas possa prendere le disposizioni necessarie. I fornitori o gli emittenti di mezzi di pagamento possono adottare misure antifrode che comportano il rifiuto di alcuni tipi di transazioni. Mi tienda de perchas non \u00e8 responsabile dell&#8217;applicazione di questo tipo di politica di sicurezza.<\/p>\n<p><strong>4. CONSEGNA<\/strong><\/p>\n<p>Paese di consegna: Algeria, Arabia Saudita, Austria, Belgio, Bulgaria<span data-language-for-alternatives=\"it\" data-language-to-translate-into=\"fr\" data-phrase-index=\"1\" data-number-of-phrases=\"5\">, <\/span>Croazia, Danimarca, Emirati Arabi Uniti, Estonia, Finlandia<span data-language-for-alternatives=\"it\" data-language-to-translate-into=\"fr\" data-phrase-index=\"3\" data-number-of-phrases=\"5\">, <\/span>Francia, Germania, Giordania,\u00a0Grecia, Irlanda, Israele, Italia, Lettonia, Libano, Libia, Lituania, Lussemburgo, Marocco, Moldavia, Monaco, Montenegro, Norvegia, Olanda, Oman, Polonia, Portogallo, Regno Unito, Repubblica Ceca, Romania, Slovacchia, Slovenia, Spagna, Stati Uniti, Svezia, Svizzera, Ungheria.<\/p>\n<p>PER LA CONSEGNA IN UN ALTRO PAESE, contatta il mio hangar: info@mon-cintre.com o +34 675 698 344 (risposta in francese, spagnolo o inglese).<\/p>\n<p>Salvo circostanze eccezionali derivanti dalla personalizzazione dei prodotti, o circostanze impreviste o straordinarie, invieremo l&#8217;ordine entro il termine indicato nella pagina web, a seconda della modalit\u00e0 di spedizione prescelta e, comunque, entro il termine massimo di 30 giorni dalla data di conferma dell&#8217;ordine.<\/p>\n<p>L&#8217;indirizzo indicato dal cliente pu\u00f2 essere un indirizzo privato, un luogo di lavoro o qualsiasi altro indirizzo indicato. L&#8217;indirizzo di fatturazione e l&#8217;indirizzo di spedizione non devono corrispondere. Ti invieremo un&#8217;e-mail con il link di tracciamento per la consegna.<\/p>\n<p>Ai fini delle presenti Condizioni, rester\u00e0 inteso che la &#8220;consegna&#8221; \u00e8 avvenuta o che l&#8217;ordine \u00e8 stato &#8220;consegnato&#8221; nel momento in cui tu, o un terzo da te indicato, acquisisci il possesso fisico dei prodotti, vale a dire &#8211; dire accreditare firmando la ricevuta dell&#8217;ordine all&#8217;indirizzo di consegna concordato.<\/p>\n<p>-In caso di spedizioni a Ceuta e Melilla e paesi extra Comunit\u00e0 Europea, il cliente dovr\u00e0 pagare anche i dazi doganali e le tasse relative all&#8217;ordine. Tali costi sono pagati al momento del ricevimento dell&#8217;ordine e non saranno in nessun caso inclusi nel prezzo pagato per i prodotti.<br \/>\n&#8211; In caso di spedizioni alle Isole Canarie, il cliente deve anche pagare le spese di gestione all&#8217;ufficio doganale relativo all&#8217;ordine e all&#8217;AEIM, indipendentemente dall&#8217;importo dell&#8217;ordine, se applicabile. Inoltre, per ordini con PVP superiore a 150 \u20ac, il cliente dovr\u00e0 pagare l&#8217;imposta corrispondente. Tali costi sono pagati al momento del ricevimento dell&#8217;ordine e non saranno in nessun caso inclusi nel prezzo pagato per i prodotti.<\/p>\n<p>Incidenti di consegna: In caso di impossibilit\u00e0 di effettuare la consegna per assenza del destinatario, l&#8217;agenzia di trasporto lascer\u00e0 una nota indicativa e tenter\u00e0 di contattare telefonicamente il destinatario. Dopo due tentativi falliti, il cliente deve contattare l&#8217;agenzia di trasporto per procedere alla consegna.<\/p>\n<p>Importante: Mi tienda de perchas monitora le consegne e contatter\u00e0 il destinatario via e-mail o telefono in caso di problemi noti con la consegna. Il destinatario dovr\u00e0 da parte sua contattare Mi tienda de perchas se non \u00e8 ancora stato consegnato o contattato dall&#8217;agenzia di trasporti o da Mi tienda de perchas entro 15 giorni lavorativi dall&#8217;ordine. In caso contrario l&#8217;ordine potrebbe essere automaticamente rispedito a Mi tienda de perchas dal corriere. In caso di restituzione presso le proprie strutture, Mi tienda de perchas rimborser\u00e0 l&#8217;importo degli articoli, escluse le spese di consegna.<\/p>\n<p><span class=\"HwtZe\" lang=\"it\"><span class=\"jCAhz\"><span class=\"ryNqvb\"><strong>5. CAMBI, RESI ED ESCLUSIONE DI RESPONSABILIT\u00c0<\/strong> <\/span><\/span><\/span><\/p>\n<p><span class=\"HwtZe\" lang=\"it\"><span class=\"jCAhz\"><span class=\"ryNqvb\">Esistono diverse procedure per cambi, resi e disclaimer. Di seguito, descriveremo le caratteristiche di ciascuno di essi, nonch\u00e9 i loro costi e condizioni. <\/span><\/span><\/span><\/p>\n<p><span class=\"HwtZe\" lang=\"it\"><span class=\"jCAhz\"><span class=\"ryNqvb\">a) Scambiare: sostituzione dello stesso prodotto con un altro colore o finitura.<br \/>\nb) Ritorna: per difetto o per ricezione di un prodotto errato.<br \/>\nc) Diritto di rinuncia: restituzione del prodotto all&#8217;origine della decisione del cliente e senza necessit\u00e0 di giustificazione. <\/span><\/span><\/span><\/p>\n<p><span class=\"HwtZe\" lang=\"it\"><span class=\"jCAhz\"><span class=\"ryNqvb\">Tutti i prodotti che verranno cambiati o restituiti devono essere restituiti nella loro confezione originale. <\/span><\/span><\/span><\/p>\n<p><span class=\"HwtZe\" lang=\"it\"><span class=\"jCAhz\"><span class=\"ryNqvb\"><strong>SCAMBI:<\/strong> <\/span><\/span><\/span><\/p>\n<p><span class=\"HwtZe\" lang=\"it\"><span class=\"jCAhz\"><span class=\"ryNqvb\"><strong>\u2013 Condizioni:<\/strong> hai un mese di tempo dal ricevimento del\/i prodotto\/i per effettuare uno scambio. Accettiamo solo cambi di prodotti in perfette condizioni e imballati correttamente nella loro confezione originale, ogni appendiabiti deve essere conservato nella sua custodia protettiva individuale.<br \/>\n<\/span><\/span><\/span><span class=\"HwtZe\" lang=\"it\"><span class=\"jCAhz\"><span class=\"ryNqvb\"><strong>\u2013 Costo:<\/strong> <span class=\"jCAhz ChMk0b\">Le spese di spedizione e le procedure di restituzione a Mi tienda de perchas &#8211; Poligono l&#8217;horta vella &#8211; Calle fusters 7, Nave 7 &#8211; 46117 B\u00e9tera (Valencia) &#8211; Spagna, saranno a carico del cliente cos\u00ec come le spese di rispedizione.<\/span><br \/>\n<strong>\u2013 Procedura:<\/strong> Contattaci tramite l&#8217;indirizzo email info@mon-cintre.com per procedere con lo scambio del prodotto o dei prodotti. <\/span><\/span><\/span><\/p>\n<p><span class=\"HwtZe\" lang=\"it\"><span class=\"jCAhz\"><span class=\"ryNqvb\"><strong>RITORNA:<\/strong> <\/span><\/span><\/span><\/p>\n<p><span class=\"HwtZe\" lang=\"it\"><span class=\"jCAhz\"><span class=\"ryNqvb\"><strong>\u2013 Condizioni:<\/strong> hai 15 giorni di tempo dal ricevimento del\/i prodotto\/i per chiedere un reso. Mi tienda de perchas chieder\u00e0 foto o immagini del prodotto al ricevimento in modo da poter vedere il difetto che giustifica il reso. Non sar\u00e0 considerato un difetto: una leggera differenza di colore tra i prodotti della stessa collezione o una leggera differenza di forma tra 2 prodotti identici perch\u00e9 i nostri appendiabiti sono in parte realizzati a mano. Avrai quindi 15 giorni di tempo per procedere alla richiesta di ritiro, da noi fornita, dei prodotti difettosi.<br \/>\n<strong>\u2013 Costo:<\/strong> i resi non hanno alcun costo per il cliente. Mi tienda de perchas rimborser\u00e0 l&#8217;importo corrispondente o sostituir\u00e0 il prodotto difettoso a sue spese, comprese le normali spese di spedizione e spedizione (esclusi eventuali oneri doganali per tale spedizione) senza indebito ritardo e, in ogni caso, prima che siano trascorsi 15 giorni. dalla data in cui siamo stati informati del reso. In caso di rimborso, il rimborso verr\u00e0 effettuato con lo stesso metodo di pagamento con cui \u00e8 stato effettuato l&#8217;ordine. Tuttavia, potremmo sospendere il rimborso fino a quando non avremo ricevuto la merce.<br \/>\n<strong>\u2013 Procedura:<\/strong> Contattaci tramite l&#8217;indirizzo email info@mon-cintre.com e procederemo alla rimozione del\/i prodotto\/i all&#8217;indirizzo da te indicato. <\/span><\/span><\/span><\/p>\n<p><span class=\"HwtZe\" lang=\"it\"><span class=\"jCAhz\"><span class=\"ryNqvb\"><strong>DIRITTO DI RINUNCIA:<\/strong> <\/span><\/span><\/span><\/p>\n<p><span class=\"HwtZe\" lang=\"it\"><span class=\"jCAhz\"><span class=\"ryNqvb\"><strong>\u2013 Condizioni:<\/strong> Hai il diritto di recedere dal contratto senza giustificazione entro 14 giorni di calendario dal ricevimento del prodotto. Accettiamo solo resi di prodotti in perfette condizioni e correttamente imballati nella loro confezione originale, ogni gancio deve essere conservato nella sua custodia protettiva individuale. <\/span><\/span><\/span><\/p>\n<p><span class=\"HwtZe\" lang=\"it\"><span class=\"jCAhz\"><span class=\"ryNqvb\"><strong>\u2013 Costo:<\/strong> <span class=\"jCAhz ChMk0b\">Mi tienda de perchas rimborser\u00e0 il valore dei prodotti escluse le spese di spedizione.<\/span> <span class=\"jCAhz ChMk0b\">Il rimborso verr\u00e0 effettuato con lo stesso metodo di pagamento con cui \u00e8 stato effettuato l&#8217;ordine.<\/span> <span class=\"jCAhz ChMk0b\">Potremo tuttavia trattenere il rimborso finch\u00e9 non avremo ricevuto la merce.<\/span> <span class=\"jCAhz ChMk0b\">I costi e le procedure per la restituzione dei prodotti a Mi tienda de perchas &#8211; Poligono l&#8217;horta vella &#8211; Calle fusters 7, Nave 7 &#8211; 46117 B\u00e9tera (Valencia) &#8211; Spagna saranno a carico del cliente.<\/span><\/span><\/span><\/span><\/p>\n<p><span class=\"HwtZe\" lang=\"it\"><span class=\"jCAhz\"><span class=\"ryNqvb\"><strong> \u2013 Procedura:<\/strong> Contattaci tramite l&#8217;indirizzo email info@mon-cintre.com per restituire il prodotto o i prodotti. <\/span><\/span><\/span><\/p>\n<p><strong>Informazioni importanti sulle nostre grucce in legno<\/strong>: il legno \u00e8 un materiale naturale e le nostre tavole provengono direttamente dagli alberi. Ogni pezzo di legno pu\u00f2 presentare variazioni di colore, venature e nodi specifici dell&#8217;albero originale e della parte di albero utilizzata. Queste caratteristiche aggiungono fascino al legno senza compromettere la qualit\u00e0 o la durata delle nostre grucce. Il legno \u00e8 vivo e pu\u00f2 rispondere ai cambiamenti di umidit\u00e0. Anche le nostre grucce sono parzialmente modellate a mano, questa lavorazione artigianale rende ogni gruccia unica e possono presentare lievi variazioni tra loro.<\/p>\n<p><span class=\"HwtZe\" lang=\"it\"><span class=\"jCAhz\"><span class=\"ryNqvb\"><strong>6. DISPONIBILITA&#8217; DEI PRODOTTI<\/strong> <\/span><\/span><\/span><\/p>\n<p><span class=\"HwtZe\" lang=\"it\"><span class=\"jCAhz\"><span class=\"ryNqvb\">Se si sono verificati incidenti riguardanti i prodotti o se non c&#8217;erano prodotti in stock, il cliente verr\u00e0 immediatamente informato e rimborseremo il\/i prodotto\/i senza stock. Mi tienda de perchas rimborser\u00e0 l&#8217;importo corrispondente senza indebito ritardo e, in ogni caso, prima della scadenza dei 14 giorni di calendario. Il rimborso verr\u00e0 effettuato con lo stesso metodo di pagamento con cui \u00e8 stato effettuato l&#8217;ordine <\/span><\/span><\/span><\/p>\n<p><span class=\"HwtZe\" lang=\"it\"><span class=\"jCAhz\"><span class=\"ryNqvb\"><strong>7. GARANZIA DEI PRODOTTI ACQUISTATI<\/strong> <\/span><\/span><\/span><\/p>\n<p><span class=\"HwtZe\" lang=\"it\"><span class=\"jCAhz\"><span class=\"ryNqvb\">La garanzia offerta \u00e8 quella stabilita dal regio decreto legislativo spagnolo n. 1\/2007 del 16 novembre, che approva il testo riveduto della legge generale sulla difesa dei consumatori e degli utenti. Mi tienda de perchas risponder\u00e0 della mancanza di conformit\u00e0 che si verifica entro due anni dalla consegna <\/span><\/span><\/span><\/p>\n<p><span class=\"HwtZe\" lang=\"it\"><span class=\"jCAhz\"><span class=\"ryNqvb\"><strong>8. SERVIZIO CLIENTI<\/strong> <\/span><\/span><\/span><\/p>\n<p><span class=\"HwtZe\" lang=\"it\"><span class=\"jCAhz\"><span class=\"ryNqvb\">Per qualsiasi domanda, suggerimento o reclamo relativo al negozio online, puoi contattare il servizio clienti in uno dei seguenti modi: \u2013 Telefono 00 34 675 698 344 \u2013 Email: info@mon-cintre.com <\/span><\/span><\/span><\/p>\n<p><span class=\"HwtZe\" lang=\"it\"><span class=\"jCAhz\"><span class=\"ryNqvb\"><strong>9. EMAIL<\/strong><\/span><\/span><\/span><\/p>\n<p>Mi tienda de perchas si impegna a inviare ai propri clienti solo e-mail relative al loro ordine come conferma dell&#8217;ordine, messaggi relativi all&#8217;invio dell&#8217;ordine, alla fatturazione o anche alla soddisfazione del cliente riguardo ai prodotti ricevuti.<\/p>\n<p><span class=\"HwtZe\" lang=\"it\"><span class=\"jCAhz\"><span class=\"ryNqvb\"><strong>10. MODIFICA DEI TERMINI E CONDIZIONI DI VENDITA<\/strong> <\/span><\/span><\/span><\/p>\n<p><span class=\"HwtZe\" lang=\"it\"><span class=\"jCAhz\"><span class=\"ryNqvb\">Mi tienda de perchas si riserva il diritto di modificare le presenti condizioni generali di vendita. Nessuna modifica influir\u00e0 sugli ordini gi\u00e0 in corso.<\/span><\/span><\/span><\/p>\n<p><strong>11. FORZA MAGGIORE<\/strong><\/p>\n<p>L&#8217;esecuzione da parte di Mi tienda di tutti o parte degli obblighi sar\u00e0 sospesa in caso di evento fortuito o di forza maggiore che impedisca o annulli il rispetto degli obblighi. In particolare, questo elenco non deve essere considerato esclusivo di guerre, sommosse, insurrezioni, disordini sociali, scioperi di qualsiasi tipo e problemi di approvvigionamento non imputabili a Mi tienda de perchas.<br \/>\nMi tienda de perchas informer\u00e0 il cliente di questo evento fortuito o di forza maggiore entro 7 giorni dal suo verificarsi. Se la sospensione dura pi\u00f9 di 15 giorni, il cliente ha la possibilit\u00e0 di annullare l&#8217;ordine in corso e prender\u00e0 le misure necessarie per essere rimborsato alle condizioni previste al punto 6 delle presenti condizioni generali di vendita.<\/p>\n<p><strong>12. LEGGE APPLICABILE E FORO COMPETENTE<\/strong><\/p>\n<p>Le presenti condizioni generali di vendita sono soggette alla legge spagnola. Fermo restando quanto sopra, il consumatore non residente in Spagna gode anche della protezione garantita dalle disposizioni imperative della legge del paese in cui ha la sua residenza abituale. Le parti si rivolgono, a loro discrezione, per la risoluzione delle controversie e rinunciando a qualsiasi altra giurisdizione, ai giudici e ai tribunali del domicilio del cliente.<\/p>\n","protected":false},"excerpt":{"rendered":"<p>Le presenti condizioni generali di vendita sono una traduzione del documento originale scritto in spagnolo. Traduzione fornita dalla traduzione di Google. DATI DI IDENTIFICAZIONE Le presenti condizioni generali di vendita regolano l&#8217;utilizzo del sito web mon-cintre.com (di seguito &#8220;il sito&#8230;<\/p>\n","protected":false},"author":1,"featured_media":0,"parent":0,"menu_order":0,"comment_status":"closed","ping_status":"closed","template":"","meta":{"inline_featured_image":false,"footnotes":""},"class_list":["post-20918","page","type-page","status-publish","hentry"],"yoast_head":"<!-- This site is optimized with the Yoast SEO plugin v27.6 - https:\/\/yoast.com\/product\/yoast-seo-wordpress\/ -->\n<title>Condizioni generali di vendita - Mon Cintre<\/title>\n<meta name=\"robots\" content=\"noindex, nofollow\" \/>\n<meta property=\"og:locale\" content=\"it_IT\" \/>\n<meta property=\"og:type\" content=\"article\" \/>\n<meta property=\"og:title\" content=\"Condizioni generali di vendita - Mon Cintre\" \/>\n<meta property=\"og:description\" content=\"Le presenti condizioni generali di vendita sono una traduzione del documento originale scritto in spagnolo. Traduzione fornita dalla traduzione di Google. DATI DI IDENTIFICAZIONE Le presenti condizioni generali di vendita regolano l&#8217;utilizzo del sito web mon-cintre.com (di seguito &#8220;il sito...\" \/>\n<meta property=\"og:url\" content=\"https:\/\/www.mon-cintre.com\/it\/condizioni-generali-di-vendita\/\" \/>\n<meta property=\"og:site_name\" content=\"Mon Cintre\" \/>\n<meta property=\"article:modified_time\" content=\"2024-10-17T15:45:53+00:00\" \/>\n<meta name=\"twitter:card\" content=\"summary_large_image\" \/>\n<meta name=\"twitter:label1\" content=\"Tempo di lettura stimato\" \/>\n\t<meta name=\"twitter:data1\" content=\"10 minuti\" \/>\n<script type=\"application\/ld+json\" class=\"yoast-schema-graph\">{\"@context\":\"https:\\\/\\\/schema.org\",\"@graph\":[{\"@type\":\"WebPage\",\"@id\":\"https:\\\/\\\/www.mon-cintre.com\\\/it\\\/condizioni-generali-di-vendita\\\/\",\"url\":\"https:\\\/\\\/www.mon-cintre.com\\\/it\\\/condizioni-generali-di-vendita\\\/\",\"name\":\"Condizioni generali di vendita - Mon Cintre\",\"isPartOf\":{\"@id\":\"https:\\\/\\\/www.mon-cintre.com\\\/it\\\/#website\"},\"datePublished\":\"2020-12-10T10:56:10+00:00\",\"dateModified\":\"2024-10-17T15:45:53+00:00\",\"breadcrumb\":{\"@id\":\"https:\\\/\\\/www.mon-cintre.com\\\/it\\\/condizioni-generali-di-vendita\\\/#breadcrumb\"},\"inLanguage\":\"it-IT\",\"potentialAction\":[{\"@type\":\"ReadAction\",\"target\":[\"https:\\\/\\\/www.mon-cintre.com\\\/it\\\/condizioni-generali-di-vendita\\\/\"]}]},{\"@type\":\"BreadcrumbList\",\"@id\":\"https:\\\/\\\/www.mon-cintre.com\\\/it\\\/condizioni-generali-di-vendita\\\/#breadcrumb\",\"itemListElement\":[{\"@type\":\"ListItem\",\"position\":1,\"name\":\"Accueil\",\"item\":\"https:\\\/\\\/www.mon-cintre.com\\\/it\\\/\"},{\"@type\":\"ListItem\",\"position\":2,\"name\":\"Condizioni generali di vendita\"}]},{\"@type\":\"WebSite\",\"@id\":\"https:\\\/\\\/www.mon-cintre.com\\\/it\\\/#website\",\"url\":\"https:\\\/\\\/www.mon-cintre.com\\\/it\\\/\",\"name\":\"Mon Cintre\",\"description\":\"Cintres et accessoires de dressing\",\"publisher\":{\"@id\":\"https:\\\/\\\/www.mon-cintre.com\\\/it\\\/#organization\"},\"potentialAction\":[{\"@type\":\"SearchAction\",\"target\":{\"@type\":\"EntryPoint\",\"urlTemplate\":\"https:\\\/\\\/www.mon-cintre.com\\\/it\\\/?s={search_term_string}\"},\"query-input\":{\"@type\":\"PropertyValueSpecification\",\"valueRequired\":true,\"valueName\":\"search_term_string\"}}],\"inLanguage\":\"it-IT\"},{\"@type\":\"Organization\",\"@id\":\"https:\\\/\\\/www.mon-cintre.com\\\/it\\\/#organization\",\"name\":\"Mon Cintre\",\"url\":\"https:\\\/\\\/www.mon-cintre.com\\\/it\\\/\",\"logo\":{\"@type\":\"ImageObject\",\"inLanguage\":\"it-IT\",\"@id\":\"https:\\\/\\\/www.mon-cintre.com\\\/it\\\/#\\\/schema\\\/logo\\\/image\\\/\",\"url\":\"https:\\\/\\\/www.mon-cintre.com\\\/wp-content\\\/uploads\\\/2022\\\/12\\\/logo-blanc.png\",\"contentUrl\":\"https:\\\/\\\/www.mon-cintre.com\\\/wp-content\\\/uploads\\\/2022\\\/12\\\/logo-blanc.png\",\"width\":345,\"height\":205,\"caption\":\"Mon Cintre\"},\"image\":{\"@id\":\"https:\\\/\\\/www.mon-cintre.com\\\/it\\\/#\\\/schema\\\/logo\\\/image\\\/\"}}]}<\/script>\n<!-- \/ Yoast SEO plugin. -->","yoast_head_json":{"title":"Condizioni generali di vendita - Mon Cintre","robots":{"index":"noindex","follow":"nofollow"},"og_locale":"it_IT","og_type":"article","og_title":"Condizioni generali di vendita - Mon Cintre","og_description":"Le presenti condizioni generali di vendita sono una traduzione del documento originale scritto in spagnolo. Traduzione fornita dalla traduzione di Google. DATI DI IDENTIFICAZIONE Le presenti condizioni generali di vendita regolano l&#8217;utilizzo del sito web mon-cintre.com (di seguito &#8220;il sito...","og_url":"https:\/\/www.mon-cintre.com\/it\/condizioni-generali-di-vendita\/","og_site_name":"Mon Cintre","article_modified_time":"2024-10-17T15:45:53+00:00","twitter_card":"summary_large_image","twitter_misc":{"Tempo di lettura stimato":"10 minuti"},"schema":{"@context":"https:\/\/schema.org","@graph":[{"@type":"WebPage","@id":"https:\/\/www.mon-cintre.com\/it\/condizioni-generali-di-vendita\/","url":"https:\/\/www.mon-cintre.com\/it\/condizioni-generali-di-vendita\/","name":"Condizioni generali di vendita - Mon Cintre","isPartOf":{"@id":"https:\/\/www.mon-cintre.com\/it\/#website"},"datePublished":"2020-12-10T10:56:10+00:00","dateModified":"2024-10-17T15:45:53+00:00","breadcrumb":{"@id":"https:\/\/www.mon-cintre.com\/it\/condizioni-generali-di-vendita\/#breadcrumb"},"inLanguage":"it-IT","potentialAction":[{"@type":"ReadAction","target":["https:\/\/www.mon-cintre.com\/it\/condizioni-generali-di-vendita\/"]}]},{"@type":"BreadcrumbList","@id":"https:\/\/www.mon-cintre.com\/it\/condizioni-generali-di-vendita\/#breadcrumb","itemListElement":[{"@type":"ListItem","position":1,"name":"Accueil","item":"https:\/\/www.mon-cintre.com\/it\/"},{"@type":"ListItem","position":2,"name":"Condizioni generali di vendita"}]},{"@type":"WebSite","@id":"https:\/\/www.mon-cintre.com\/it\/#website","url":"https:\/\/www.mon-cintre.com\/it\/","name":"Mon Cintre","description":"Cintres et accessoires de dressing","publisher":{"@id":"https:\/\/www.mon-cintre.com\/it\/#organization"},"potentialAction":[{"@type":"SearchAction","target":{"@type":"EntryPoint","urlTemplate":"https:\/\/www.mon-cintre.com\/it\/?s={search_term_string}"},"query-input":{"@type":"PropertyValueSpecification","valueRequired":true,"valueName":"search_term_string"}}],"inLanguage":"it-IT"},{"@type":"Organization","@id":"https:\/\/www.mon-cintre.com\/it\/#organization","name":"Mon Cintre","url":"https:\/\/www.mon-cintre.com\/it\/","logo":{"@type":"ImageObject","inLanguage":"it-IT","@id":"https:\/\/www.mon-cintre.com\/it\/#\/schema\/logo\/image\/","url":"https:\/\/www.mon-cintre.com\/wp-content\/uploads\/2022\/12\/logo-blanc.png","contentUrl":"https:\/\/www.mon-cintre.com\/wp-content\/uploads\/2022\/12\/logo-blanc.png","width":345,"height":205,"caption":"Mon Cintre"},"image":{"@id":"https:\/\/www.mon-cintre.com\/it\/#\/schema\/logo\/image\/"}}]}},"_links":{"self":[{"href":"https:\/\/www.mon-cintre.com\/it\/wp-json\/wp\/v2\/pages\/20918","targetHints":{"allow":["GET"]}}],"collection":[{"href":"https:\/\/www.mon-cintre.com\/it\/wp-json\/wp\/v2\/pages"}],"about":[{"href":"https:\/\/www.mon-cintre.com\/it\/wp-json\/wp\/v2\/types\/page"}],"author":[{"embeddable":true,"href":"https:\/\/www.mon-cintre.com\/it\/wp-json\/wp\/v2\/users\/1"}],"replies":[{"embeddable":true,"href":"https:\/\/www.mon-cintre.com\/it\/wp-json\/wp\/v2\/comments?post=20918"}],"version-history":[{"count":23,"href":"https:\/\/www.mon-cintre.com\/it\/wp-json\/wp\/v2\/pages\/20918\/revisions"}],"predecessor-version":[{"id":32459,"href":"https:\/\/www.mon-cintre.com\/it\/wp-json\/wp\/v2\/pages\/20918\/revisions\/32459"}],"wp:attachment":[{"href":"https:\/\/www.mon-cintre.com\/it\/wp-json\/wp\/v2\/media?parent=20918"}],"curies":[{"name":"wp","href":"https:\/\/api.w.org\/{rel}","templated":true}]}}