

{"id":28666,"date":"2023-02-23T17:19:52","date_gmt":"2023-02-23T16:19:52","guid":{"rendered":"https:\/\/www.mon-cintre.com\/grucce-personalizzati-2\/"},"modified":"2025-01-31T10:07:53","modified_gmt":"2025-01-31T09:07:53","slug":"grucce-personalizzati","status":"publish","type":"page","link":"https:\/\/www.mon-cintre.com\/it\/grucce-personalizzati\/","title":{"rendered":"Grucce personalizzati"},"content":{"rendered":"<div class=\"wpb-content-wrapper\"><p>[vc_row][vc_column][vc_column_text]<\/p>\n<div style=\"height:100px\" aria-hidden=\"true\" class=\"wp-block-spacer\"><\/div>\n\n[\/vc_column_text][\/vc_column][\/vc_row][vc_row][vc_column][vc_single_image image=&#8221;32761&#8243; img_size=&#8221;full&#8221; css=&#8221;&#8221;][\/vc_column][\/vc_row][vc_row][vc_row][\/vc_row][vc_column][vc_column_text css=&#8221;&#8221;]\n\n<div class=\"wp-block-columns is-layout-flex wp-container-core-columns-is-layout-9d6595d7 wp-block-columns-is-layout-flex\">\n<div class=\"wp-block-column is-layout-flow wp-block-column-is-layout-flow\" style=\"flex-basis: 100%;\">\n<div class=\"wp-block-columns is-layout-flex wp-container-core-columns-is-layout-9d6595d7 wp-block-columns-is-layout-flex\">\n<div class=\"wp-block-column is-layout-flow wp-block-column-is-layout-flow\" style=\"flex-basis: 100%;\">\n<div class=\"wp-block-columns is-layout-flex wp-container-core-columns-is-layout-9d6595d7 wp-block-columns-is-layout-flex\">\n<div class=\"wp-block-column is-layout-flow wp-block-column-is-layout-flow\" style=\"flex-basis: 25%;\">\u00a0<\/div>\n\n\n<div class=\"wp-block-column is-layout-flow wp-block-column-is-layout-flow\" style=\"flex-basis: 50%;\"><p>Mon Cintre ti offre la possibilit\u00e0 di personalizzare le sue grucce in legno con il tuo logo o le tue iniziali.<br \/>A partire da 4,90 \u20ac la gruccia e per un minimo di 20 grucce dello stesso modello, basteranno pochi giorni per rendere unico il tuo camerino o perfezionare l&#8217;arredamento del tuo negozio.<\/p>\n<p>Scegli tra marcatura <strong>laser<\/strong> o marcatura <strong>stampata<\/strong> in 1 colore (minimo 50 grucce per stampa).<\/p>\n<p>La marcatura laser, precisa ed elegante, riveler\u00e0 il colore naturale del frassino. La tecnica della marcatura laser, infatti, consiste nell&#8217;incidere il legno bruciandolo sulla superficie mediante un laser molto preciso che permette di marcare loghi anche complessi. Cos\u00ec, scavando nel legno dell&#8217;attaccapanni, il vero colore del legno si rivela sotto la vernice colorata e si ottiene questo risultato molto apprezzato dai nostri clienti.<\/p>\n<p>La marcatura <strong>stampata<\/strong>, detta tampografia, \u00e8 una tecnica che consiste nel trasferire il colore mediante un tampone ricoperto di inchiostro per trasferirlo sulla gruccia. La tampografia ha il vantaggio di permetterti di aggiungere un logo in 1 colore e anche oro o argento. Tieni presente che questa tecnica non \u00e8 adatta a tutte le nostre grucce. Infatti sulle grucce in legno spazzolato nero l&#8217;inchiostro non potr\u00e0 depositarsi ovunque perch\u00e9 la superficie non \u00e8 liscia come gli altri nostri colori.<\/p>\n<p>Sedotto dalla personalizzazione? Scegli le tue grucce e la tua tecnica preferita poi scrivici per ottenere un preventivo personalizzato: <u><a href=\"mailto:info@mon-cintre .com\">info@mon-cintre.com<\/a><\/u><\/p>\n\n<\/div>\n\n\n<div class=\"wp-block-column is-layout-flow wp-block-column-is-layout-flow\" style=\"flex-basis: 25%;\">\u00a0<\/div>\n\n<\/div>\n\n<\/div>\n\n<\/div>\n\n<\/div>\n\n<\/div>\n\n\n<div class=\"wp-block-columns is-layout-flex wp-container-core-columns-is-layout-9d6595d7 wp-block-columns-is-layout-flex\">\n<div class=\"wp-block-column is-layout-flow wp-block-column-is-layout-flow\" style=\"flex-basis: 25%;\">\u00a0<\/div>\n\n\n<div class=\"wp-block-column is-layout-flow wp-block-column-is-layout-flow\" style=\"flex-basis: 50%;\">\n<figure class=\"wp-block-video\"><video style=\"aspect-ratio: 854 \/ 480;\" src=\"https:\/\/www.mon-cintre.com\/wp-content\/uploads\/2023\/02\/marquage_laser_EN.mp4\" poster=\"https:\/\/www.mon-cintre.com\/wp-content\/uploads\/2023\/02\/titre-marquage-laserEN.jpg\" controls=\"controls\" width=\"854\" height=\"480\"><\/video><\/figure>\n\n<\/div>\n\n\n<div class=\"wp-block-column is-layout-flow wp-block-column-is-layout-flow\" style=\"flex-basis: 25%;\">\u00a0<\/div>\n\n<\/div>\n\n\n<div class=\"wp-block-columns is-layout-flex wp-container-core-columns-is-layout-9d6595d7 wp-block-columns-is-layout-flex\">\n<div class=\"wp-block-column is-layout-flow wp-block-column-is-layout-flow\" style=\"flex-basis: 25%;\">\u00a0<\/div>\n\n\n<div class=\"wp-block-column is-layout-flow wp-block-column-is-layout-flow\" style=\"flex-basis: 50%;\">\n<figure class=\"wp-block-video\"><video style=\"aspect-ratio: 854 \/ 480;\" src=\"https:\/\/www.mon-cintre.com\/wp-content\/uploads\/2023\/02\/marquage-tampo-EN-1.mp4\" poster=\"https:\/\/www.mon-cintre.com\/wp-content\/uploads\/2023\/02\/titre-tampographieEN.jpg\" controls=\"controls\" width=\"854\" height=\"480\"><\/video><\/figure>\n\n<\/div>\n\n\n<div class=\"wp-block-column is-layout-flow wp-block-column-is-layout-flow\" style=\"flex-basis: 25%;\">\u00a0<\/div>\n\n<\/div>\n\n\n<p>&nbsp;<\/p>\n<p>[\/vc_column_text][\/vc_column][\/vc_row]<\/p>\n<\/div>","protected":false},"excerpt":{"rendered":"<p>[vc_row][vc_column][vc_column_text] [\/vc_column_text][\/vc_column][\/vc_row][vc_row][vc_column][vc_single_image image=&#8221;32761&#8243; img_size=&#8221;full&#8221; css=&#8221;&#8221;][\/vc_column][\/vc_row][vc_row][vc_row][\/vc_row][vc_column][vc_column_text css=&#8221;&#8221;] \u00a0 Mon Cintre ti offre la possibilit\u00e0 di personalizzare le sue grucce in legno con il tuo logo o le tue iniziali.A partire da 4,90 \u20ac la gruccia e per un minimo di 20&#8230;<\/p>\n","protected":false},"author":1,"featured_media":0,"parent":0,"menu_order":0,"comment_status":"closed","ping_status":"closed","template":"template-visual-composer.php","meta":{"inline_featured_image":false,"footnotes":""},"class_list":["post-28666","page","type-page","status-publish","hentry"],"yoast_head":"<!-- This site is optimized with the Yoast SEO plugin v27.4 - https:\/\/yoast.com\/product\/yoast-seo-wordpress\/ -->\n<title>Grucce personalizzato e premium | Mon Cintre<\/title>\n<meta name=\"robots\" content=\"index, follow, max-snippet:-1, max-image-preview:large, max-video-preview:-1\" \/>\n<link rel=\"canonical\" href=\"https:\/\/www.mon-cintre.com\/it\/grucce-personalizzati\/\" \/>\n<meta property=\"og:locale\" content=\"it_IT\" \/>\n<meta property=\"og:type\" content=\"article\" \/>\n<meta property=\"og:title\" content=\"Grucce personalizzato e premium | Mon Cintre\" \/>\n<meta property=\"og:description\" content=\"[vc_row][vc_column][vc_column_text] [\/vc_column_text][\/vc_column][\/vc_row][vc_row][vc_column][vc_single_image image=&#8221;32761&#8243; img_size=&#8221;full&#8221; css=&#8221;&#8221;][\/vc_column][\/vc_row][vc_row][vc_row][\/vc_row][vc_column][vc_column_text css=&#8221;&#8221;] \u00a0 Mon Cintre ti offre la possibilit\u00e0 di personalizzare le sue grucce in legno con il tuo logo o le tue iniziali.A partire da 4,90 \u20ac la gruccia e per un minimo di 20...\" \/>\n<meta property=\"og:url\" content=\"https:\/\/www.mon-cintre.com\/it\/grucce-personalizzati\/\" \/>\n<meta property=\"og:site_name\" content=\"Mon Cintre\" \/>\n<meta property=\"article:modified_time\" content=\"2025-01-31T09:07:53+00:00\" \/>\n<meta name=\"twitter:card\" content=\"summary_large_image\" \/>\n<meta name=\"twitter:label1\" content=\"Tempo di lettura stimato\" \/>\n\t<meta name=\"twitter:data1\" content=\"2 minuti\" \/>\n<script type=\"application\/ld+json\" class=\"yoast-schema-graph\">{\"@context\":\"https:\\\/\\\/schema.org\",\"@graph\":[{\"@type\":\"WebPage\",\"@id\":\"https:\\\/\\\/www.mon-cintre.com\\\/it\\\/grucce-personalizzati\\\/\",\"url\":\"https:\\\/\\\/www.mon-cintre.com\\\/it\\\/grucce-personalizzati\\\/\",\"name\":\"Grucce personalizzato e premium | Mon Cintre\",\"isPartOf\":{\"@id\":\"https:\\\/\\\/www.mon-cintre.com\\\/it\\\/#website\"},\"datePublished\":\"2023-02-23T16:19:52+00:00\",\"dateModified\":\"2025-01-31T09:07:53+00:00\",\"breadcrumb\":{\"@id\":\"https:\\\/\\\/www.mon-cintre.com\\\/it\\\/grucce-personalizzati\\\/#breadcrumb\"},\"inLanguage\":\"it-IT\",\"potentialAction\":[{\"@type\":\"ReadAction\",\"target\":[\"https:\\\/\\\/www.mon-cintre.com\\\/it\\\/grucce-personalizzati\\\/\"]}]},{\"@type\":\"BreadcrumbList\",\"@id\":\"https:\\\/\\\/www.mon-cintre.com\\\/it\\\/grucce-personalizzati\\\/#breadcrumb\",\"itemListElement\":[{\"@type\":\"ListItem\",\"position\":1,\"name\":\"Accueil\",\"item\":\"https:\\\/\\\/www.mon-cintre.com\\\/it\\\/\"},{\"@type\":\"ListItem\",\"position\":2,\"name\":\"Grucce personalizzati\"}]},{\"@type\":\"WebSite\",\"@id\":\"https:\\\/\\\/www.mon-cintre.com\\\/it\\\/#website\",\"url\":\"https:\\\/\\\/www.mon-cintre.com\\\/it\\\/\",\"name\":\"Mon Cintre\",\"description\":\"Cintres et accessoires de dressing\",\"publisher\":{\"@id\":\"https:\\\/\\\/www.mon-cintre.com\\\/it\\\/#organization\"},\"potentialAction\":[{\"@type\":\"SearchAction\",\"target\":{\"@type\":\"EntryPoint\",\"urlTemplate\":\"https:\\\/\\\/www.mon-cintre.com\\\/it\\\/?s={search_term_string}\"},\"query-input\":{\"@type\":\"PropertyValueSpecification\",\"valueRequired\":true,\"valueName\":\"search_term_string\"}}],\"inLanguage\":\"it-IT\"},{\"@type\":\"Organization\",\"@id\":\"https:\\\/\\\/www.mon-cintre.com\\\/it\\\/#organization\",\"name\":\"Mon Cintre\",\"url\":\"https:\\\/\\\/www.mon-cintre.com\\\/it\\\/\",\"logo\":{\"@type\":\"ImageObject\",\"inLanguage\":\"it-IT\",\"@id\":\"https:\\\/\\\/www.mon-cintre.com\\\/it\\\/#\\\/schema\\\/logo\\\/image\\\/\",\"url\":\"https:\\\/\\\/www.mon-cintre.com\\\/wp-content\\\/uploads\\\/2022\\\/12\\\/logo-blanc.png\",\"contentUrl\":\"https:\\\/\\\/www.mon-cintre.com\\\/wp-content\\\/uploads\\\/2022\\\/12\\\/logo-blanc.png\",\"width\":345,\"height\":205,\"caption\":\"Mon Cintre\"},\"image\":{\"@id\":\"https:\\\/\\\/www.mon-cintre.com\\\/it\\\/#\\\/schema\\\/logo\\\/image\\\/\"}}]}<\/script>\n<!-- \/ Yoast SEO plugin. -->","yoast_head_json":{"title":"Grucce personalizzato e premium | Mon Cintre","robots":{"index":"index","follow":"follow","max-snippet":"max-snippet:-1","max-image-preview":"max-image-preview:large","max-video-preview":"max-video-preview:-1"},"canonical":"https:\/\/www.mon-cintre.com\/it\/grucce-personalizzati\/","og_locale":"it_IT","og_type":"article","og_title":"Grucce personalizzato e premium | Mon Cintre","og_description":"[vc_row][vc_column][vc_column_text] [\/vc_column_text][\/vc_column][\/vc_row][vc_row][vc_column][vc_single_image image=&#8221;32761&#8243; img_size=&#8221;full&#8221; css=&#8221;&#8221;][\/vc_column][\/vc_row][vc_row][vc_row][\/vc_row][vc_column][vc_column_text css=&#8221;&#8221;] \u00a0 Mon Cintre ti offre la possibilit\u00e0 di personalizzare le sue grucce in legno con il tuo logo o le tue iniziali.A partire da 4,90 \u20ac la gruccia e per un minimo di 20...","og_url":"https:\/\/www.mon-cintre.com\/it\/grucce-personalizzati\/","og_site_name":"Mon Cintre","article_modified_time":"2025-01-31T09:07:53+00:00","twitter_card":"summary_large_image","twitter_misc":{"Tempo di lettura stimato":"2 minuti"},"schema":{"@context":"https:\/\/schema.org","@graph":[{"@type":"WebPage","@id":"https:\/\/www.mon-cintre.com\/it\/grucce-personalizzati\/","url":"https:\/\/www.mon-cintre.com\/it\/grucce-personalizzati\/","name":"Grucce personalizzato e premium | Mon Cintre","isPartOf":{"@id":"https:\/\/www.mon-cintre.com\/it\/#website"},"datePublished":"2023-02-23T16:19:52+00:00","dateModified":"2025-01-31T09:07:53+00:00","breadcrumb":{"@id":"https:\/\/www.mon-cintre.com\/it\/grucce-personalizzati\/#breadcrumb"},"inLanguage":"it-IT","potentialAction":[{"@type":"ReadAction","target":["https:\/\/www.mon-cintre.com\/it\/grucce-personalizzati\/"]}]},{"@type":"BreadcrumbList","@id":"https:\/\/www.mon-cintre.com\/it\/grucce-personalizzati\/#breadcrumb","itemListElement":[{"@type":"ListItem","position":1,"name":"Accueil","item":"https:\/\/www.mon-cintre.com\/it\/"},{"@type":"ListItem","position":2,"name":"Grucce personalizzati"}]},{"@type":"WebSite","@id":"https:\/\/www.mon-cintre.com\/it\/#website","url":"https:\/\/www.mon-cintre.com\/it\/","name":"Mon Cintre","description":"Cintres et accessoires de dressing","publisher":{"@id":"https:\/\/www.mon-cintre.com\/it\/#organization"},"potentialAction":[{"@type":"SearchAction","target":{"@type":"EntryPoint","urlTemplate":"https:\/\/www.mon-cintre.com\/it\/?s={search_term_string}"},"query-input":{"@type":"PropertyValueSpecification","valueRequired":true,"valueName":"search_term_string"}}],"inLanguage":"it-IT"},{"@type":"Organization","@id":"https:\/\/www.mon-cintre.com\/it\/#organization","name":"Mon Cintre","url":"https:\/\/www.mon-cintre.com\/it\/","logo":{"@type":"ImageObject","inLanguage":"it-IT","@id":"https:\/\/www.mon-cintre.com\/it\/#\/schema\/logo\/image\/","url":"https:\/\/www.mon-cintre.com\/wp-content\/uploads\/2022\/12\/logo-blanc.png","contentUrl":"https:\/\/www.mon-cintre.com\/wp-content\/uploads\/2022\/12\/logo-blanc.png","width":345,"height":205,"caption":"Mon Cintre"},"image":{"@id":"https:\/\/www.mon-cintre.com\/it\/#\/schema\/logo\/image\/"}}]}},"_links":{"self":[{"href":"https:\/\/www.mon-cintre.com\/it\/wp-json\/wp\/v2\/pages\/28666","targetHints":{"allow":["GET"]}}],"collection":[{"href":"https:\/\/www.mon-cintre.com\/it\/wp-json\/wp\/v2\/pages"}],"about":[{"href":"https:\/\/www.mon-cintre.com\/it\/wp-json\/wp\/v2\/types\/page"}],"author":[{"embeddable":true,"href":"https:\/\/www.mon-cintre.com\/it\/wp-json\/wp\/v2\/users\/1"}],"replies":[{"embeddable":true,"href":"https:\/\/www.mon-cintre.com\/it\/wp-json\/wp\/v2\/comments?post=28666"}],"version-history":[{"count":16,"href":"https:\/\/www.mon-cintre.com\/it\/wp-json\/wp\/v2\/pages\/28666\/revisions"}],"predecessor-version":[{"id":32778,"href":"https:\/\/www.mon-cintre.com\/it\/wp-json\/wp\/v2\/pages\/28666\/revisions\/32778"}],"wp:attachment":[{"href":"https:\/\/www.mon-cintre.com\/it\/wp-json\/wp\/v2\/media?parent=28666"}],"curies":[{"name":"wp","href":"https:\/\/api.w.org\/{rel}","templated":true}]}}