

{"id":21092,"date":"2019-05-22T16:30:59","date_gmt":"2019-05-22T14:30:59","guid":{"rendered":"https:\/\/www.mon-cintre.com\/produit\/set-cabina-armadio-30-grucce-alluminio-blu-turchese\/"},"modified":"2025-06-02T17:18:27","modified_gmt":"2025-06-02T15:18:27","slug":"set-cabina-armadio-30-grucce-alluminio-blu-turchese","status":"publish","type":"product","link":"https:\/\/www.mon-cintre.com\/it\/produit\/set-cabina-armadio-30-grucce-alluminio-blu-turchese\/","title":{"rendered":"Set per cabina armadio di 30 grucce in alluminio &#8211; Blu turchese"},"content":{"rendered":"<ul>\n<li>30 grucce in alluminio metallizzato blu turchese<\/li>\n<li>Design e risparmio di spazio<\/li>\n<li>Dimensioni: larghezza 41,5 cm, altezza 23 cm, diametro 0,6 cm<\/li>\n<li>Ideale per riporre abiti, top con spalline, camicie, camicette, t-shirt, pantaloni, sciarpe, ecc.<\/li>\n<li>Cura: pulire con un panno morbido e leggermente umido<\/li>\n<\/ul>\n<p>1 metro di guardaroba = 60 grucce<br \/>\n<img loading=\"lazy\" decoding=\"async\" class=\"alignnone size-full wp-image-143\" src=\"https:\/\/www.mon-cintre.com\/DEV\/wp-content\/uploads\/2018\/08\/60cintres.png\" alt=\"\" width=\"190\" height=\"20\" \/><\/p>\n<p>* Foto non contrattuale.<br \/>\nSi noti che i colori cambiano da uno schermo all&#8217;altro, quindi \u00e8 possibile che ci sia una variazione tra lo schermo e la realt\u00e0 nonostante la cura posta alla qualit\u00e0 delle nostre foto.<\/p>\n","protected":false},"excerpt":{"rendered":"<ul>\n<li>30 grucce in alluminio &#8211; colore blu turchese metallizzato<\/li>\n<li>Design e risparmio di spazio<\/li>\n<li>Ideale per riporre abiti, top con spalline, camicie, camicette e t-shirt<\/li>\n<li>Dimensioni: 41,5 cm x 6 mm<\/li>\n<\/ul>\n<p>&nbsp;<\/p>\n<p>La collezione MILLENIUM \u00e8 decisamente moderna con i suoi colori e materiali molto attuali. Si rivolge a giovani e adulti allo stesso modo. Questa gamma di grucce molto fini ti far\u00e0 anche risparmiare spazio nei tuoi armadi.<\/p>\n","protected":false},"featured_media":33225,"comment_status":"open","ping_status":"closed","template":"","meta":{"inline_featured_image":false},"product_brand":[],"product_cat":[363,358,369,459,361,392,371,370,647,360,640,550,399,576],"product_tag":[],"class_list":{"0":"post-21092","1":"product","2":"type-product","3":"status-publish","4":"has-post-thumbnail","6":"product_cat-grucce-in-alluminio","7":"product_cat-grucce-per-le-donne","8":"product_cat-grucce-per-uomo","9":"product_cat-grucce-per-bambini","10":"product_cat-grucce-per-camicie","11":"product_cat-grucce-per-camicie-2","12":"product_cat-grucce-per-gonna-e-pantaloni","13":"product_cat-grucce-per-pantaloni","14":"product_cat-grucce-sciarpa","15":"product_cat-grucce-vestito","16":"product_cat-grucce-piatte","17":"product_cat-nostri-grucce","18":"product_cat-set-cabina-armadio","19":"product_cat-tipi-grucce","21":"first","22":"instock","23":"sale","24":"taxable","25":"shipping-taxable","26":"purchasable","27":"product-type-simple"},"yoast_head":"<!-- This site is optimized with the Yoast SEO plugin v27.4 - https:\/\/yoast.com\/product\/yoast-seo-wordpress\/ -->\n<title>Set per cabina armadio di 30 grucce in alluminio - Blu turchese - Mon Cintre<\/title>\n<meta name=\"description\" content=\"30 grucce in alluminio blu per un guardaroba di design. Conserva vestiti, t-shirt e top con questi grucce sottili e risparmia spazio nel tuo guardaroba.\" \/>\n<meta name=\"robots\" content=\"index, follow, max-snippet:-1, max-image-preview:large, max-video-preview:-1\" \/>\n<link rel=\"canonical\" href=\"https:\/\/www.mon-cintre.com\/it\/produit\/set-cabina-armadio-30-grucce-alluminio-blu-turchese\/\" \/>\n<meta property=\"og:locale\" content=\"it_IT\" \/>\n<meta property=\"og:type\" content=\"article\" \/>\n<meta property=\"og:title\" content=\"Set per cabina armadio di 30 grucce in alluminio - Blu turchese - Mon Cintre\" \/>\n<meta property=\"og:description\" content=\"30 grucce in alluminio blu per un guardaroba di design. Conserva vestiti, t-shirt e top con questi grucce sottili e risparmia spazio nel tuo guardaroba.\" \/>\n<meta property=\"og:url\" content=\"https:\/\/www.mon-cintre.com\/it\/produit\/set-cabina-armadio-30-grucce-alluminio-blu-turchese\/\" \/>\n<meta property=\"og:site_name\" content=\"Mon Cintre\" \/>\n<meta property=\"article:modified_time\" content=\"2025-06-02T15:18:27+00:00\" \/>\n<meta property=\"og:image\" content=\"https:\/\/www.mon-cintre.com\/wp-content\/uploads\/2019\/05\/pack-cintres-alu-30-bleu-7.jpg\" \/>\n\t<meta property=\"og:image:width\" content=\"1\" \/>\n\t<meta property=\"og:image:height\" content=\"1\" \/>\n\t<meta property=\"og:image:type\" content=\"image\/jpeg\" \/>\n<meta name=\"twitter:card\" content=\"summary_large_image\" \/>\n<script type=\"application\/ld+json\" class=\"yoast-schema-graph\">{\"@context\":\"https:\\\/\\\/schema.org\",\"@graph\":[{\"@type\":\"WebPage\",\"@id\":\"https:\\\/\\\/www.mon-cintre.com\\\/it\\\/produit\\\/set-cabina-armadio-30-grucce-alluminio-blu-turchese\\\/\",\"url\":\"https:\\\/\\\/www.mon-cintre.com\\\/it\\\/produit\\\/set-cabina-armadio-30-grucce-alluminio-blu-turchese\\\/\",\"name\":\"Set per cabina armadio di 30 grucce in alluminio - Blu turchese - Mon Cintre\",\"isPartOf\":{\"@id\":\"https:\\\/\\\/www.mon-cintre.com\\\/it\\\/#website\"},\"primaryImageOfPage\":{\"@id\":\"https:\\\/\\\/www.mon-cintre.com\\\/it\\\/produit\\\/set-cabina-armadio-30-grucce-alluminio-blu-turchese\\\/#primaryimage\"},\"image\":{\"@id\":\"https:\\\/\\\/www.mon-cintre.com\\\/it\\\/produit\\\/set-cabina-armadio-30-grucce-alluminio-blu-turchese\\\/#primaryimage\"},\"thumbnailUrl\":\"https:\\\/\\\/www.mon-cintre.com\\\/wp-content\\\/uploads\\\/2019\\\/05\\\/pack-cintres-alu-30-bleu-7.jpg\",\"datePublished\":\"2019-05-22T14:30:59+00:00\",\"dateModified\":\"2025-06-02T15:18:27+00:00\",\"description\":\"30 grucce in alluminio blu per un guardaroba di design. Conserva vestiti, t-shirt e top con questi grucce sottili e risparmia spazio nel tuo guardaroba.\",\"breadcrumb\":{\"@id\":\"https:\\\/\\\/www.mon-cintre.com\\\/it\\\/produit\\\/set-cabina-armadio-30-grucce-alluminio-blu-turchese\\\/#breadcrumb\"},\"inLanguage\":\"it-IT\",\"potentialAction\":[{\"@type\":\"ReadAction\",\"target\":[\"https:\\\/\\\/www.mon-cintre.com\\\/it\\\/produit\\\/set-cabina-armadio-30-grucce-alluminio-blu-turchese\\\/\"]}]},{\"@type\":\"ImageObject\",\"inLanguage\":\"it-IT\",\"@id\":\"https:\\\/\\\/www.mon-cintre.com\\\/it\\\/produit\\\/set-cabina-armadio-30-grucce-alluminio-blu-turchese\\\/#primaryimage\",\"url\":\"https:\\\/\\\/www.mon-cintre.com\\\/wp-content\\\/uploads\\\/2019\\\/05\\\/pack-cintres-alu-30-bleu-7.jpg\",\"contentUrl\":\"https:\\\/\\\/www.mon-cintre.com\\\/wp-content\\\/uploads\\\/2019\\\/05\\\/pack-cintres-alu-30-bleu-7.jpg\"},{\"@type\":\"BreadcrumbList\",\"@id\":\"https:\\\/\\\/www.mon-cintre.com\\\/it\\\/produit\\\/set-cabina-armadio-30-grucce-alluminio-blu-turchese\\\/#breadcrumb\",\"itemListElement\":[{\"@type\":\"ListItem\",\"position\":1,\"name\":\"Accueil\",\"item\":\"https:\\\/\\\/www.mon-cintre.com\\\/it\\\/\"},{\"@type\":\"ListItem\",\"position\":2,\"name\":\"Shop\",\"item\":\"https:\\\/\\\/www.mon-cintre.com\\\/it\\\/shop\\\/\"},{\"@type\":\"ListItem\",\"position\":3,\"name\":\"Set per cabina armadio di 30 grucce in alluminio &#8211; Blu turchese\"}]},{\"@type\":\"WebSite\",\"@id\":\"https:\\\/\\\/www.mon-cintre.com\\\/it\\\/#website\",\"url\":\"https:\\\/\\\/www.mon-cintre.com\\\/it\\\/\",\"name\":\"Mon Cintre\",\"description\":\"Cintres et accessoires de dressing\",\"publisher\":{\"@id\":\"https:\\\/\\\/www.mon-cintre.com\\\/it\\\/#organization\"},\"potentialAction\":[{\"@type\":\"SearchAction\",\"target\":{\"@type\":\"EntryPoint\",\"urlTemplate\":\"https:\\\/\\\/www.mon-cintre.com\\\/it\\\/?s={search_term_string}\"},\"query-input\":{\"@type\":\"PropertyValueSpecification\",\"valueRequired\":true,\"valueName\":\"search_term_string\"}}],\"inLanguage\":\"it-IT\"},{\"@type\":\"Organization\",\"@id\":\"https:\\\/\\\/www.mon-cintre.com\\\/it\\\/#organization\",\"name\":\"Mon Cintre\",\"url\":\"https:\\\/\\\/www.mon-cintre.com\\\/it\\\/\",\"logo\":{\"@type\":\"ImageObject\",\"inLanguage\":\"it-IT\",\"@id\":\"https:\\\/\\\/www.mon-cintre.com\\\/it\\\/#\\\/schema\\\/logo\\\/image\\\/\",\"url\":\"https:\\\/\\\/www.mon-cintre.com\\\/wp-content\\\/uploads\\\/2022\\\/12\\\/logo-blanc.png\",\"contentUrl\":\"https:\\\/\\\/www.mon-cintre.com\\\/wp-content\\\/uploads\\\/2022\\\/12\\\/logo-blanc.png\",\"width\":345,\"height\":205,\"caption\":\"Mon Cintre\"},\"image\":{\"@id\":\"https:\\\/\\\/www.mon-cintre.com\\\/it\\\/#\\\/schema\\\/logo\\\/image\\\/\"}}]}<\/script>\n<!-- \/ Yoast SEO plugin. -->","yoast_head_json":{"title":"Set per cabina armadio di 30 grucce in alluminio - Blu turchese - Mon Cintre","description":"30 grucce in alluminio blu per un guardaroba di design. Conserva vestiti, t-shirt e top con questi grucce sottili e risparmia spazio nel tuo guardaroba.","robots":{"index":"index","follow":"follow","max-snippet":"max-snippet:-1","max-image-preview":"max-image-preview:large","max-video-preview":"max-video-preview:-1"},"canonical":"https:\/\/www.mon-cintre.com\/it\/produit\/set-cabina-armadio-30-grucce-alluminio-blu-turchese\/","og_locale":"it_IT","og_type":"article","og_title":"Set per cabina armadio di 30 grucce in alluminio - Blu turchese - Mon Cintre","og_description":"30 grucce in alluminio blu per un guardaroba di design. Conserva vestiti, t-shirt e top con questi grucce sottili e risparmia spazio nel tuo guardaroba.","og_url":"https:\/\/www.mon-cintre.com\/it\/produit\/set-cabina-armadio-30-grucce-alluminio-blu-turchese\/","og_site_name":"Mon Cintre","article_modified_time":"2025-06-02T15:18:27+00:00","og_image":[{"url":"https:\/\/www.mon-cintre.com\/wp-content\/uploads\/2019\/05\/pack-cintres-alu-30-bleu-7.jpg","width":1,"height":1,"type":"image\/jpeg"}],"twitter_card":"summary_large_image","schema":{"@context":"https:\/\/schema.org","@graph":[{"@type":"WebPage","@id":"https:\/\/www.mon-cintre.com\/it\/produit\/set-cabina-armadio-30-grucce-alluminio-blu-turchese\/","url":"https:\/\/www.mon-cintre.com\/it\/produit\/set-cabina-armadio-30-grucce-alluminio-blu-turchese\/","name":"Set per cabina armadio di 30 grucce in alluminio - Blu turchese - Mon Cintre","isPartOf":{"@id":"https:\/\/www.mon-cintre.com\/it\/#website"},"primaryImageOfPage":{"@id":"https:\/\/www.mon-cintre.com\/it\/produit\/set-cabina-armadio-30-grucce-alluminio-blu-turchese\/#primaryimage"},"image":{"@id":"https:\/\/www.mon-cintre.com\/it\/produit\/set-cabina-armadio-30-grucce-alluminio-blu-turchese\/#primaryimage"},"thumbnailUrl":"https:\/\/www.mon-cintre.com\/wp-content\/uploads\/2019\/05\/pack-cintres-alu-30-bleu-7.jpg","datePublished":"2019-05-22T14:30:59+00:00","dateModified":"2025-06-02T15:18:27+00:00","description":"30 grucce in alluminio blu per un guardaroba di design. Conserva vestiti, t-shirt e top con questi grucce sottili e risparmia spazio nel tuo guardaroba.","breadcrumb":{"@id":"https:\/\/www.mon-cintre.com\/it\/produit\/set-cabina-armadio-30-grucce-alluminio-blu-turchese\/#breadcrumb"},"inLanguage":"it-IT","potentialAction":[{"@type":"ReadAction","target":["https:\/\/www.mon-cintre.com\/it\/produit\/set-cabina-armadio-30-grucce-alluminio-blu-turchese\/"]}]},{"@type":"ImageObject","inLanguage":"it-IT","@id":"https:\/\/www.mon-cintre.com\/it\/produit\/set-cabina-armadio-30-grucce-alluminio-blu-turchese\/#primaryimage","url":"https:\/\/www.mon-cintre.com\/wp-content\/uploads\/2019\/05\/pack-cintres-alu-30-bleu-7.jpg","contentUrl":"https:\/\/www.mon-cintre.com\/wp-content\/uploads\/2019\/05\/pack-cintres-alu-30-bleu-7.jpg"},{"@type":"BreadcrumbList","@id":"https:\/\/www.mon-cintre.com\/it\/produit\/set-cabina-armadio-30-grucce-alluminio-blu-turchese\/#breadcrumb","itemListElement":[{"@type":"ListItem","position":1,"name":"Accueil","item":"https:\/\/www.mon-cintre.com\/it\/"},{"@type":"ListItem","position":2,"name":"Shop","item":"https:\/\/www.mon-cintre.com\/it\/shop\/"},{"@type":"ListItem","position":3,"name":"Set per cabina armadio di 30 grucce in alluminio &#8211; Blu turchese"}]},{"@type":"WebSite","@id":"https:\/\/www.mon-cintre.com\/it\/#website","url":"https:\/\/www.mon-cintre.com\/it\/","name":"Mon Cintre","description":"Cintres et accessoires de dressing","publisher":{"@id":"https:\/\/www.mon-cintre.com\/it\/#organization"},"potentialAction":[{"@type":"SearchAction","target":{"@type":"EntryPoint","urlTemplate":"https:\/\/www.mon-cintre.com\/it\/?s={search_term_string}"},"query-input":{"@type":"PropertyValueSpecification","valueRequired":true,"valueName":"search_term_string"}}],"inLanguage":"it-IT"},{"@type":"Organization","@id":"https:\/\/www.mon-cintre.com\/it\/#organization","name":"Mon Cintre","url":"https:\/\/www.mon-cintre.com\/it\/","logo":{"@type":"ImageObject","inLanguage":"it-IT","@id":"https:\/\/www.mon-cintre.com\/it\/#\/schema\/logo\/image\/","url":"https:\/\/www.mon-cintre.com\/wp-content\/uploads\/2022\/12\/logo-blanc.png","contentUrl":"https:\/\/www.mon-cintre.com\/wp-content\/uploads\/2022\/12\/logo-blanc.png","width":345,"height":205,"caption":"Mon Cintre"},"image":{"@id":"https:\/\/www.mon-cintre.com\/it\/#\/schema\/logo\/image\/"}}]}},"_links":{"self":[{"href":"https:\/\/www.mon-cintre.com\/it\/wp-json\/wp\/v2\/product\/21092","targetHints":{"allow":["GET"]}}],"collection":[{"href":"https:\/\/www.mon-cintre.com\/it\/wp-json\/wp\/v2\/product"}],"about":[{"href":"https:\/\/www.mon-cintre.com\/it\/wp-json\/wp\/v2\/types\/product"}],"replies":[{"embeddable":true,"href":"https:\/\/www.mon-cintre.com\/it\/wp-json\/wp\/v2\/comments?post=21092"}],"wp:featuredmedia":[{"embeddable":true,"href":"https:\/\/www.mon-cintre.com\/it\/wp-json\/wp\/v2\/media\/33225"}],"wp:attachment":[{"href":"https:\/\/www.mon-cintre.com\/it\/wp-json\/wp\/v2\/media?parent=21092"}],"wp:term":[{"taxonomy":"product_brand","embeddable":true,"href":"https:\/\/www.mon-cintre.com\/it\/wp-json\/wp\/v2\/product_brand?post=21092"},{"taxonomy":"product_cat","embeddable":true,"href":"https:\/\/www.mon-cintre.com\/it\/wp-json\/wp\/v2\/product_cat?post=21092"},{"taxonomy":"product_tag","embeddable":true,"href":"https:\/\/www.mon-cintre.com\/it\/wp-json\/wp\/v2\/product_tag?post=21092"}],"curies":[{"name":"wp","href":"https:\/\/api.w.org\/{rel}","templated":true}]}}