

{"id":21305,"date":"2018-09-04T17:43:54","date_gmt":"2018-09-04T15:43:54","guid":{"rendered":"https:\/\/www.mon-cintre.com\/produit\/10-grucce-camicie-nero-legno-spazzolato-43-cm\/"},"modified":"2026-02-11T15:28:23","modified_gmt":"2026-02-11T14:28:23","slug":"10-grucce-camicie-nero-legno-spazzolato-43-cm","status":"publish","type":"product","link":"https:\/\/www.mon-cintre.com\/it\/produit\/10-grucce-camicie-nero-legno-spazzolato-43-cm\/","title":{"rendered":"10 grucce per camicie &#8211; nero, legno spazzolato (larghezza 43 cm-spalla 2,5 cm)"},"content":{"rendered":"<ul>\n<li>10 appendini di lusso per camicie, polo e t-shirt in legno<\/li>\n<li>Essenza di frassino tinto nero, legno spazzolato<\/li>\n<li>Gancio color canna di fucile opaco<\/li>\n<li>Gancio rotante a 360\u00ba<\/li>\n<li>Velluto nero antiscivolo sulle spalle di qualit\u00e0 professionale che non lascia pelucchi<\/li>\n<li>Larghezza 43 cm<\/li>\n<li>Larghezza della spalla 2,5 cm<\/li>\n<li>Diametro gancio 5 mm, altezza 8,5 cm<\/li>\n<li>Confezione da 10 grucce<\/li>\n<li>Ideale per camicie, polo e t-shirt<\/li>\n<li>Manutenzione: spolverare con un panno morbido e asciutto<\/li>\n<li>Informazioni importanti sulle nostre grucce in legno: il legno \u00e8 un materiale naturale e le nostre tavole provengono direttamente dagli alberi. Ogni pezzo di legno pu\u00f2 presentare variazioni di colore, venature e nodi specifici dell&#8217;albero originale e della parte di albero utilizzata. Queste caratteristiche aggiungono fascino al legno senza compromettere la qualit\u00e0 o la durata delle nostre grucce. Il legno \u00e8 vivo e pu\u00f2 rispondere ai cambiamenti di umidit\u00e0. Anche le nostre grucce sono parzialmente modellate a mano, questa lavorazione artigianale rende ogni gruccia unica e possono presentare lievi variazioni tra loro.<\/li>\n<\/ul>\n<p>Fornito in confezione regalo bianca con logo. Ogni appendiabiti \u00e8 avvolto individualmente in una custodia protettiva.<\/p>\n<p><img loading=\"lazy\" decoding=\"async\" class=\"alignnone wp-image-2625 size-medium\" src=\"https:\/\/www.mon-cintre.com\/wp-content\/uploads\/2019\/02\/boite-cadeau-300x300.jpg\" alt=\"Boite cadeau Mon cintre\" width=\"300\" height=\"300\" srcset=\"https:\/\/www.mon-cintre.com\/wp-content\/uploads\/2019\/02\/boite-cadeau-300x300.jpg 300w, https:\/\/www.mon-cintre.com\/wp-content\/uploads\/2019\/02\/boite-cadeau-150x150.jpg 150w, https:\/\/www.mon-cintre.com\/wp-content\/uploads\/2019\/02\/boite-cadeau-100x100.jpg 100w, https:\/\/www.mon-cintre.com\/wp-content\/uploads\/2019\/02\/boite-cadeau.jpg 500w\" sizes=\"auto, (max-width: 300px) 100vw, 300px\" \/><\/p>\n<p>1 metro di guardaroba = 30 grucce<br \/>\n<img loading=\"lazy\" decoding=\"async\" class=\"alignnone size-full wp-image-153\" src=\"https:\/\/www.mon-cintre.com\/DEV\/wp-content\/uploads\/2018\/08\/30cintres.png\" alt=\"\" width=\"190\" height=\"19\" \/><\/p>\n<p>La collezione INTENSE piacer\u00e0 sia agli uomini che alle donne. Il magnifico legno nero spazzolato combinato con il gancio della canna della pistola ti sorprender\u00e0 per la loro modernit\u00e0. Dona sollievo a questo set di 13 modelli di grucce per tutti i vestiti del tuo guardaroba.<\/p>\n<p>* Foto non contrattuale.<br \/>\nSi noti che i colori cambiano da uno schermo all&#8217;altro, quindi \u00e8 possibile che ci sia una variazione tra lo schermo e la realt\u00e0 nonostante la cura posta alla qualit\u00e0 delle nostre foto.<\/p>\n","protected":false},"excerpt":{"rendered":"<ul>\n<li>10 grucce di lusso per camicie, polo e t-shirt con floccato antiscivolo<\/li>\n<li>Colore nero, legno spazzolato<\/li>\n<li>Larghezza 43 cm<\/li>\n<li>Larghezza della spalla 2,5 cm<\/li>\n<li>Velluto nero antiscivolo sulle spalle di qualit\u00e0 professionale che non lascia pelucchi<\/li>\n<li>Confezione da 10 grucce<\/li>\n<li>Fatto a mano (<span style=\"text-decoration: underline;\"><a href=\"https:\/\/www.mon-cintre.com\/it\/fatto-a-mano\/\">scopri di pi\u00f9<\/a><\/span>)<\/li>\n<\/ul>\n<p>Acquista online questa confezione da 10 grucce in legno con bordi antiscivolo in velluto per il tuo guardaroba, perfette per appendere camicie e t-shirt. Personalizzabili con le tue iniziali o il tuo logo per ordini di almeno 20 grucce.<\/p>\n","protected":false},"featured_media":28795,"comment_status":"open","ping_status":"closed","template":"","meta":{"inline_featured_image":false},"product_brand":[],"product_cat":[570,622,580,633,362,359,369,392,631,550,576],"product_tag":[],"class_list":{"0":"post-21305","1":"product","2":"type-product","3":"status-publish","4":"has-post-thumbnail","6":"product_cat-colori-grucce","7":"product_cat-grucce-formato-43","8":"product_cat-grucce-velluto-antiscivolo","9":"product_cat-grucce-curvi","10":"product_cat-grucce-in-legno","11":"product_cat-collezione-intensa","12":"product_cat-grucce-per-uomo","13":"product_cat-grucce-per-camicie-2","14":"product_cat-grucce-dimensione","15":"product_cat-nostri-grucce","16":"product_cat-tipi-grucce","18":"first","19":"instock","20":"taxable","21":"shipping-taxable","22":"purchasable","23":"product-type-simple"},"yoast_head":"<!-- This site is optimized with the Yoast SEO plugin v27.4 - https:\/\/yoast.com\/product\/yoast-seo-wordpress\/ -->\n<title>10 grucce per camicie - nero, legno spazzolato (larghezza 43 cm)<\/title>\n<meta name=\"description\" content=\"10 grucce in legno di frassino per camicie con floccato antiscivolo sulle spalle. Una moderna finitura in legno spazzolato nero per riporre le tue cabina armadio in uno spogliatoio di fascia alta.\" \/>\n<meta name=\"robots\" content=\"index, follow, max-snippet:-1, max-image-preview:large, max-video-preview:-1\" \/>\n<link rel=\"canonical\" href=\"https:\/\/www.mon-cintre.com\/it\/produit\/10-grucce-camicie-nero-legno-spazzolato-43-cm\/\" \/>\n<meta property=\"og:locale\" content=\"it_IT\" \/>\n<meta property=\"og:type\" content=\"article\" \/>\n<meta property=\"og:title\" content=\"10 grucce per camicie - nero, legno spazzolato (larghezza 43 cm)\" \/>\n<meta property=\"og:description\" content=\"10 grucce in legno di frassino per camicie con floccato antiscivolo sulle spalle. Una moderna finitura in legno spazzolato nero per riporre le tue cabina armadio in uno spogliatoio di fascia alta.\" \/>\n<meta property=\"og:url\" content=\"https:\/\/www.mon-cintre.com\/it\/produit\/10-grucce-camicie-nero-legno-spazzolato-43-cm\/\" \/>\n<meta property=\"og:site_name\" content=\"Mon Cintre\" \/>\n<meta property=\"article:modified_time\" content=\"2026-02-11T14:28:23+00:00\" \/>\n<meta property=\"og:image\" content=\"https:\/\/www.mon-cintre.com\/wp-content\/uploads\/2018\/09\/cintre-bois-chemise-CLA4325-BB.jpg\" \/>\n\t<meta property=\"og:image:width\" content=\"2000\" \/>\n\t<meta property=\"og:image:height\" content=\"2000\" \/>\n\t<meta property=\"og:image:type\" content=\"image\/jpeg\" \/>\n<meta name=\"twitter:card\" content=\"summary_large_image\" \/>\n<meta name=\"twitter:label1\" content=\"Tempo di lettura stimato\" \/>\n\t<meta name=\"twitter:data1\" content=\"1 minuto\" \/>\n<script type=\"application\/ld+json\" class=\"yoast-schema-graph\">{\"@context\":\"https:\\\/\\\/schema.org\",\"@graph\":[{\"@type\":\"WebPage\",\"@id\":\"https:\\\/\\\/www.mon-cintre.com\\\/it\\\/produit\\\/10-grucce-camicie-nero-legno-spazzolato-43-cm\\\/\",\"url\":\"https:\\\/\\\/www.mon-cintre.com\\\/it\\\/produit\\\/10-grucce-camicie-nero-legno-spazzolato-43-cm\\\/\",\"name\":\"10 grucce per camicie - nero, legno spazzolato (larghezza 43 cm)\",\"isPartOf\":{\"@id\":\"https:\\\/\\\/www.mon-cintre.com\\\/it\\\/#website\"},\"primaryImageOfPage\":{\"@id\":\"https:\\\/\\\/www.mon-cintre.com\\\/it\\\/produit\\\/10-grucce-camicie-nero-legno-spazzolato-43-cm\\\/#primaryimage\"},\"image\":{\"@id\":\"https:\\\/\\\/www.mon-cintre.com\\\/it\\\/produit\\\/10-grucce-camicie-nero-legno-spazzolato-43-cm\\\/#primaryimage\"},\"thumbnailUrl\":\"https:\\\/\\\/www.mon-cintre.com\\\/wp-content\\\/uploads\\\/2018\\\/09\\\/cintre-bois-chemise-CLA4325-BB.jpg\",\"datePublished\":\"2018-09-04T15:43:54+00:00\",\"dateModified\":\"2026-02-11T14:28:23+00:00\",\"description\":\"10 grucce in legno di frassino per camicie con floccato antiscivolo sulle spalle. Una moderna finitura in legno spazzolato nero per riporre le tue cabina armadio in uno spogliatoio di fascia alta.\",\"breadcrumb\":{\"@id\":\"https:\\\/\\\/www.mon-cintre.com\\\/it\\\/produit\\\/10-grucce-camicie-nero-legno-spazzolato-43-cm\\\/#breadcrumb\"},\"inLanguage\":\"it-IT\",\"potentialAction\":[{\"@type\":\"ReadAction\",\"target\":[\"https:\\\/\\\/www.mon-cintre.com\\\/it\\\/produit\\\/10-grucce-camicie-nero-legno-spazzolato-43-cm\\\/\"]}]},{\"@type\":\"ImageObject\",\"inLanguage\":\"it-IT\",\"@id\":\"https:\\\/\\\/www.mon-cintre.com\\\/it\\\/produit\\\/10-grucce-camicie-nero-legno-spazzolato-43-cm\\\/#primaryimage\",\"url\":\"https:\\\/\\\/www.mon-cintre.com\\\/wp-content\\\/uploads\\\/2018\\\/09\\\/cintre-bois-chemise-CLA4325-BB.jpg\",\"contentUrl\":\"https:\\\/\\\/www.mon-cintre.com\\\/wp-content\\\/uploads\\\/2018\\\/09\\\/cintre-bois-chemise-CLA4325-BB.jpg\",\"width\":2000,\"height\":2000,\"caption\":\"10 grucce di fascia alta per camicie con velluto antiscivolo\"},{\"@type\":\"BreadcrumbList\",\"@id\":\"https:\\\/\\\/www.mon-cintre.com\\\/it\\\/produit\\\/10-grucce-camicie-nero-legno-spazzolato-43-cm\\\/#breadcrumb\",\"itemListElement\":[{\"@type\":\"ListItem\",\"position\":1,\"name\":\"Accueil\",\"item\":\"https:\\\/\\\/www.mon-cintre.com\\\/it\\\/\"},{\"@type\":\"ListItem\",\"position\":2,\"name\":\"Shop\",\"item\":\"https:\\\/\\\/www.mon-cintre.com\\\/it\\\/shop\\\/\"},{\"@type\":\"ListItem\",\"position\":3,\"name\":\"10 grucce per camicie &#8211; nero, legno spazzolato (larghezza 43 cm-spalla 2,5 cm)\"}]},{\"@type\":\"WebSite\",\"@id\":\"https:\\\/\\\/www.mon-cintre.com\\\/it\\\/#website\",\"url\":\"https:\\\/\\\/www.mon-cintre.com\\\/it\\\/\",\"name\":\"Mon Cintre\",\"description\":\"Cintres et accessoires de dressing\",\"publisher\":{\"@id\":\"https:\\\/\\\/www.mon-cintre.com\\\/it\\\/#organization\"},\"potentialAction\":[{\"@type\":\"SearchAction\",\"target\":{\"@type\":\"EntryPoint\",\"urlTemplate\":\"https:\\\/\\\/www.mon-cintre.com\\\/it\\\/?s={search_term_string}\"},\"query-input\":{\"@type\":\"PropertyValueSpecification\",\"valueRequired\":true,\"valueName\":\"search_term_string\"}}],\"inLanguage\":\"it-IT\"},{\"@type\":\"Organization\",\"@id\":\"https:\\\/\\\/www.mon-cintre.com\\\/it\\\/#organization\",\"name\":\"Mon Cintre\",\"url\":\"https:\\\/\\\/www.mon-cintre.com\\\/it\\\/\",\"logo\":{\"@type\":\"ImageObject\",\"inLanguage\":\"it-IT\",\"@id\":\"https:\\\/\\\/www.mon-cintre.com\\\/it\\\/#\\\/schema\\\/logo\\\/image\\\/\",\"url\":\"https:\\\/\\\/www.mon-cintre.com\\\/wp-content\\\/uploads\\\/2022\\\/12\\\/logo-blanc.png\",\"contentUrl\":\"https:\\\/\\\/www.mon-cintre.com\\\/wp-content\\\/uploads\\\/2022\\\/12\\\/logo-blanc.png\",\"width\":345,\"height\":205,\"caption\":\"Mon Cintre\"},\"image\":{\"@id\":\"https:\\\/\\\/www.mon-cintre.com\\\/it\\\/#\\\/schema\\\/logo\\\/image\\\/\"}}]}<\/script>\n<!-- \/ Yoast SEO plugin. -->","yoast_head_json":{"title":"10 grucce per camicie - nero, legno spazzolato (larghezza 43 cm)","description":"10 grucce in legno di frassino per camicie con floccato antiscivolo sulle spalle. Una moderna finitura in legno spazzolato nero per riporre le tue cabina armadio in uno spogliatoio di fascia alta.","robots":{"index":"index","follow":"follow","max-snippet":"max-snippet:-1","max-image-preview":"max-image-preview:large","max-video-preview":"max-video-preview:-1"},"canonical":"https:\/\/www.mon-cintre.com\/it\/produit\/10-grucce-camicie-nero-legno-spazzolato-43-cm\/","og_locale":"it_IT","og_type":"article","og_title":"10 grucce per camicie - nero, legno spazzolato (larghezza 43 cm)","og_description":"10 grucce in legno di frassino per camicie con floccato antiscivolo sulle spalle. Una moderna finitura in legno spazzolato nero per riporre le tue cabina armadio in uno spogliatoio di fascia alta.","og_url":"https:\/\/www.mon-cintre.com\/it\/produit\/10-grucce-camicie-nero-legno-spazzolato-43-cm\/","og_site_name":"Mon Cintre","article_modified_time":"2026-02-11T14:28:23+00:00","og_image":[{"width":2000,"height":2000,"url":"https:\/\/www.mon-cintre.com\/wp-content\/uploads\/2018\/09\/cintre-bois-chemise-CLA4325-BB.jpg","type":"image\/jpeg"}],"twitter_card":"summary_large_image","twitter_misc":{"Tempo di lettura stimato":"1 minuto"},"schema":{"@context":"https:\/\/schema.org","@graph":[{"@type":"WebPage","@id":"https:\/\/www.mon-cintre.com\/it\/produit\/10-grucce-camicie-nero-legno-spazzolato-43-cm\/","url":"https:\/\/www.mon-cintre.com\/it\/produit\/10-grucce-camicie-nero-legno-spazzolato-43-cm\/","name":"10 grucce per camicie - nero, legno spazzolato (larghezza 43 cm)","isPartOf":{"@id":"https:\/\/www.mon-cintre.com\/it\/#website"},"primaryImageOfPage":{"@id":"https:\/\/www.mon-cintre.com\/it\/produit\/10-grucce-camicie-nero-legno-spazzolato-43-cm\/#primaryimage"},"image":{"@id":"https:\/\/www.mon-cintre.com\/it\/produit\/10-grucce-camicie-nero-legno-spazzolato-43-cm\/#primaryimage"},"thumbnailUrl":"https:\/\/www.mon-cintre.com\/wp-content\/uploads\/2018\/09\/cintre-bois-chemise-CLA4325-BB.jpg","datePublished":"2018-09-04T15:43:54+00:00","dateModified":"2026-02-11T14:28:23+00:00","description":"10 grucce in legno di frassino per camicie con floccato antiscivolo sulle spalle. Una moderna finitura in legno spazzolato nero per riporre le tue cabina armadio in uno spogliatoio di fascia alta.","breadcrumb":{"@id":"https:\/\/www.mon-cintre.com\/it\/produit\/10-grucce-camicie-nero-legno-spazzolato-43-cm\/#breadcrumb"},"inLanguage":"it-IT","potentialAction":[{"@type":"ReadAction","target":["https:\/\/www.mon-cintre.com\/it\/produit\/10-grucce-camicie-nero-legno-spazzolato-43-cm\/"]}]},{"@type":"ImageObject","inLanguage":"it-IT","@id":"https:\/\/www.mon-cintre.com\/it\/produit\/10-grucce-camicie-nero-legno-spazzolato-43-cm\/#primaryimage","url":"https:\/\/www.mon-cintre.com\/wp-content\/uploads\/2018\/09\/cintre-bois-chemise-CLA4325-BB.jpg","contentUrl":"https:\/\/www.mon-cintre.com\/wp-content\/uploads\/2018\/09\/cintre-bois-chemise-CLA4325-BB.jpg","width":2000,"height":2000,"caption":"10 grucce di fascia alta per camicie con velluto antiscivolo"},{"@type":"BreadcrumbList","@id":"https:\/\/www.mon-cintre.com\/it\/produit\/10-grucce-camicie-nero-legno-spazzolato-43-cm\/#breadcrumb","itemListElement":[{"@type":"ListItem","position":1,"name":"Accueil","item":"https:\/\/www.mon-cintre.com\/it\/"},{"@type":"ListItem","position":2,"name":"Shop","item":"https:\/\/www.mon-cintre.com\/it\/shop\/"},{"@type":"ListItem","position":3,"name":"10 grucce per camicie &#8211; nero, legno spazzolato (larghezza 43 cm-spalla 2,5 cm)"}]},{"@type":"WebSite","@id":"https:\/\/www.mon-cintre.com\/it\/#website","url":"https:\/\/www.mon-cintre.com\/it\/","name":"Mon Cintre","description":"Cintres et accessoires de dressing","publisher":{"@id":"https:\/\/www.mon-cintre.com\/it\/#organization"},"potentialAction":[{"@type":"SearchAction","target":{"@type":"EntryPoint","urlTemplate":"https:\/\/www.mon-cintre.com\/it\/?s={search_term_string}"},"query-input":{"@type":"PropertyValueSpecification","valueRequired":true,"valueName":"search_term_string"}}],"inLanguage":"it-IT"},{"@type":"Organization","@id":"https:\/\/www.mon-cintre.com\/it\/#organization","name":"Mon Cintre","url":"https:\/\/www.mon-cintre.com\/it\/","logo":{"@type":"ImageObject","inLanguage":"it-IT","@id":"https:\/\/www.mon-cintre.com\/it\/#\/schema\/logo\/image\/","url":"https:\/\/www.mon-cintre.com\/wp-content\/uploads\/2022\/12\/logo-blanc.png","contentUrl":"https:\/\/www.mon-cintre.com\/wp-content\/uploads\/2022\/12\/logo-blanc.png","width":345,"height":205,"caption":"Mon Cintre"},"image":{"@id":"https:\/\/www.mon-cintre.com\/it\/#\/schema\/logo\/image\/"}}]}},"_links":{"self":[{"href":"https:\/\/www.mon-cintre.com\/it\/wp-json\/wp\/v2\/product\/21305","targetHints":{"allow":["GET"]}}],"collection":[{"href":"https:\/\/www.mon-cintre.com\/it\/wp-json\/wp\/v2\/product"}],"about":[{"href":"https:\/\/www.mon-cintre.com\/it\/wp-json\/wp\/v2\/types\/product"}],"replies":[{"embeddable":true,"href":"https:\/\/www.mon-cintre.com\/it\/wp-json\/wp\/v2\/comments?post=21305"}],"wp:featuredmedia":[{"embeddable":true,"href":"https:\/\/www.mon-cintre.com\/it\/wp-json\/wp\/v2\/media\/28795"}],"wp:attachment":[{"href":"https:\/\/www.mon-cintre.com\/it\/wp-json\/wp\/v2\/media?parent=21305"}],"wp:term":[{"taxonomy":"product_brand","embeddable":true,"href":"https:\/\/www.mon-cintre.com\/it\/wp-json\/wp\/v2\/product_brand?post=21305"},{"taxonomy":"product_cat","embeddable":true,"href":"https:\/\/www.mon-cintre.com\/it\/wp-json\/wp\/v2\/product_cat?post=21305"},{"taxonomy":"product_tag","embeddable":true,"href":"https:\/\/www.mon-cintre.com\/it\/wp-json\/wp\/v2\/product_tag?post=21305"}],"curies":[{"name":"wp","href":"https:\/\/api.w.org\/{rel}","templated":true}]}}