

{"id":21347,"date":"2025-08-10T10:26:54","date_gmt":"2025-08-10T08:26:54","guid":{"rendered":"https:\/\/www.mon-cintre.com\/produit\/6-grucce-giacca-abito-frassino-nero-legno-spazzolato-collo-colonnello-45-cm\/"},"modified":"2026-02-11T11:08:27","modified_gmt":"2026-02-11T10:08:27","slug":"6-grucce-giacca-abito-frassino-nero-legno-spazzolato-collo-colonnello-45-cm","status":"publish","type":"product","link":"https:\/\/www.mon-cintre.com\/it\/produit\/6-grucce-giacca-abito-frassino-nero-legno-spazzolato-collo-colonnello-45-cm\/","title":{"rendered":"6 grucce per giacca e abito in frassino &#8211; colore nero, legno spazzolato, collo colonnello (larghezza 45 cm-spalla 5 cm)"},"content":{"rendered":"<ul>\n<li>6 appendini per cappotti, giacche e abiti, in legno di frassino<\/li>\n<li>Colore nero (legno spazzolato)<\/li>\n<li>Col colonnello<\/li>\n<li>Gancio color canna di fucile opaco<\/li>\n<li>Gancio girevole a 360\u00ba<\/li>\n<li>Barra floccata in velluto nero antiscivolo che non lascia pelucchi<\/li>\n<li>Larghezza: 45 cm<\/li>\n<li>Larghezza spalle: 5 cm<\/li>\n<li>Dimensioni della barra: 36,5 cm<\/li>\n<li>Diametro gancio 5 mm, altezza 8,5 cm<\/li>\n<li>Confezione da 6 grucce<\/li>\n<li>Ideale per cappotti, giacche, abiti e pantaloni<\/li>\n<li>Manutenzione: spolverare con un panno morbido e asciutto<\/li>\n<\/ul>\n<p>La collezione DANDY si rivolge a gentiluomini esperti di moda che si preoccupano di mantenere le loro giacche e camicie. Il collo del colonnello, oltre ad essere elegante, si abbiner\u00e0 perfettamente alla curva dei colletti dei tuoi vestiti. La collezione DANDY \u00e8 disponibile in 2 colori, nero spazzolato e noce opaco.<\/p>\n<p>Fornito in confezione regalo bianca con logo. Ogni gruccia \u00e8 avvolto individualmente in una custodia protettiva.<\/p>\n<p><img loading=\"lazy\" decoding=\"async\" class=\"alignnone size-medium wp-image-2625\" src=\"https:\/\/www.mon-cintre.com\/wp-content\/uploads\/2019\/02\/boite-cadeau-300x300.jpg\" alt=\"Boite cadeau Mon cintre\" width=\"300\" height=\"300\" srcset=\"https:\/\/www.mon-cintre.com\/wp-content\/uploads\/2019\/02\/boite-cadeau-300x300.jpg 300w, https:\/\/www.mon-cintre.com\/wp-content\/uploads\/2019\/02\/boite-cadeau-150x150.jpg 150w, https:\/\/www.mon-cintre.com\/wp-content\/uploads\/2019\/02\/boite-cadeau-100x100.jpg 100w, https:\/\/www.mon-cintre.com\/wp-content\/uploads\/2019\/02\/boite-cadeau.jpg 500w\" sizes=\"auto, (max-width: 300px) 100vw, 300px\" \/><\/p>\n<p>1 metro di guardaroba = 17 grucce<br \/>\n<img loading=\"lazy\" decoding=\"async\" class=\"alignnone size-full wp-image-147\" src=\"https:\/\/www.mon-cintre.com\/DEV\/wp-content\/uploads\/2018\/08\/17cintres.png\" alt=\"\" width=\"190\" height=\"19\" \/><\/p>\n<p>* Foto non contrattuale.<br \/>\nNota che i colori sono cambiati nello schermo dell&#8217;altro, quindi \u00e8 possibile che ci sia una variazione tra il tutto e la realt\u00e0 nonostante la qualit\u00e0 delle nostre foto.<\/p>\n","protected":false},"excerpt":{"rendered":"<ul>\n<li>6 grucce di lusso per cappotti, giacche e abiti<\/li>\n<li>Colore nero, legno spazzolato<\/li>\n<li>Gancio girevole color canna di fucile opaco<\/li>\n<li>Larghezza: 45 cm<\/li>\n<li>Larghezza spalle: 5 cm<\/li>\n<li>Barra floccata in velluto nero antiscivolo, qualit\u00e0 professionale che non lascia fibre<\/li>\n<li>Confezione da 6 grucce<\/li>\n<li>Fatto a mano (<span style=\"text-decoration: underline;\"><a href=\"https:\/\/www.mon-cintre.com\/it\/fatto-a-mano\/\">scopri di pi\u00f9<\/a><\/span>)<\/li>\n<\/ul>\n<p>Acquista online questa scatola da 6 grucce in legno, con spalle larghe e barra antiscivolo, perfette per appendere abiti, giacche, cappotti e pantaloni nel tuo guardaroba. Personalizzabili con le tue iniziali o il tuo logo per ordini di almeno 24 grucce.<\/p>\n","protected":false},"featured_media":28969,"comment_status":"open","ping_status":"closed","template":"","meta":{"inline_featured_image":false},"product_brand":[],"product_cat":[570,621,586,595,633,362,378,377,369,631,370,550,576],"product_tag":[],"class_list":{"0":"post-21347","1":"product","2":"type-product","3":"status-publish","4":"has-post-thumbnail","6":"product_cat-colori-grucce","7":"product_cat-grucce-formato-45","8":"product_cat-grucce-barra","9":"product_cat-grucce-spalle-larghe","10":"product_cat-grucce-curvi","11":"product_cat-grucce-in-legno","12":"product_cat-collezione-dandy","13":"product_cat-grucce-per-abiti-da-uomo","14":"product_cat-grucce-per-uomo","15":"product_cat-grucce-dimensione","16":"product_cat-grucce-per-pantaloni","17":"product_cat-nostri-grucce","18":"product_cat-tipi-grucce","20":"first","21":"instock","22":"taxable","23":"shipping-taxable","24":"purchasable","25":"product-type-simple"},"yoast_head":"<!-- This site is optimized with the Yoast SEO plugin v27.4 - https:\/\/yoast.com\/product\/yoast-seo-wordpress\/ -->\n<title>6 grucce per giacca e abito in frassino - colore nero, legno spazzolato, collo colonnello (larghezza 45 cm-spalla 5 cm) - Mon Cintre<\/title>\n<meta name=\"description\" content=\"6 lussuosi grucce in legno di frassino, nero con legno spazzolato a mano e barra floccata antiscivolo per riporre con eleganza i tuoi abiti nel tuo cabina armadio.\" \/>\n<meta name=\"robots\" content=\"index, follow, max-snippet:-1, max-image-preview:large, max-video-preview:-1\" \/>\n<link rel=\"canonical\" href=\"https:\/\/www.mon-cintre.com\/it\/produit\/6-grucce-giacca-abito-frassino-nero-legno-spazzolato-collo-colonnello-45-cm\/\" \/>\n<meta property=\"og:locale\" content=\"it_IT\" \/>\n<meta property=\"og:type\" content=\"article\" \/>\n<meta property=\"og:title\" content=\"6 grucce per giacca e abito in frassino - colore nero, legno spazzolato, collo colonnello (larghezza 45 cm-spalla 5 cm) - Mon Cintre\" \/>\n<meta property=\"og:description\" content=\"6 lussuosi grucce in legno di frassino, nero con legno spazzolato a mano e barra floccata antiscivolo per riporre con eleganza i tuoi abiti nel tuo cabina armadio.\" \/>\n<meta property=\"og:url\" content=\"https:\/\/www.mon-cintre.com\/it\/produit\/6-grucce-giacca-abito-frassino-nero-legno-spazzolato-collo-colonnello-45-cm\/\" \/>\n<meta property=\"og:site_name\" content=\"Mon Cintre\" \/>\n<meta property=\"article:modified_time\" content=\"2026-02-11T10:08:27+00:00\" \/>\n<meta property=\"og:image\" content=\"https:\/\/www.mon-cintre.com\/wp-content\/uploads\/2018\/08\/cintre-luxe-costume-COL4555BAR-BB-5.jpg\" \/>\n\t<meta property=\"og:image:width\" content=\"2000\" \/>\n\t<meta property=\"og:image:height\" content=\"2000\" \/>\n\t<meta property=\"og:image:type\" content=\"image\/jpeg\" \/>\n<meta name=\"twitter:card\" content=\"summary_large_image\" \/>\n<meta name=\"twitter:label1\" content=\"Tempo di lettura stimato\" \/>\n\t<meta name=\"twitter:data1\" content=\"2 minuti\" \/>\n<script type=\"application\/ld+json\" class=\"yoast-schema-graph\">{\"@context\":\"https:\\\/\\\/schema.org\",\"@graph\":[{\"@type\":\"WebPage\",\"@id\":\"https:\\\/\\\/www.mon-cintre.com\\\/it\\\/produit\\\/6-grucce-giacca-abito-frassino-nero-legno-spazzolato-collo-colonnello-45-cm\\\/\",\"url\":\"https:\\\/\\\/www.mon-cintre.com\\\/it\\\/produit\\\/6-grucce-giacca-abito-frassino-nero-legno-spazzolato-collo-colonnello-45-cm\\\/\",\"name\":\"6 grucce per giacca e abito in frassino - colore nero, legno spazzolato, collo colonnello (larghezza 45 cm-spalla 5 cm) - Mon Cintre\",\"isPartOf\":{\"@id\":\"https:\\\/\\\/www.mon-cintre.com\\\/it\\\/#website\"},\"primaryImageOfPage\":{\"@id\":\"https:\\\/\\\/www.mon-cintre.com\\\/it\\\/produit\\\/6-grucce-giacca-abito-frassino-nero-legno-spazzolato-collo-colonnello-45-cm\\\/#primaryimage\"},\"image\":{\"@id\":\"https:\\\/\\\/www.mon-cintre.com\\\/it\\\/produit\\\/6-grucce-giacca-abito-frassino-nero-legno-spazzolato-collo-colonnello-45-cm\\\/#primaryimage\"},\"thumbnailUrl\":\"https:\\\/\\\/www.mon-cintre.com\\\/wp-content\\\/uploads\\\/2018\\\/08\\\/cintre-luxe-costume-COL4555BAR-BB-5.jpg\",\"datePublished\":\"2025-08-10T08:26:54+00:00\",\"dateModified\":\"2026-02-11T10:08:27+00:00\",\"description\":\"6 lussuosi grucce in legno di frassino, nero con legno spazzolato a mano e barra floccata antiscivolo per riporre con eleganza i tuoi abiti nel tuo cabina armadio.\",\"breadcrumb\":{\"@id\":\"https:\\\/\\\/www.mon-cintre.com\\\/it\\\/produit\\\/6-grucce-giacca-abito-frassino-nero-legno-spazzolato-collo-colonnello-45-cm\\\/#breadcrumb\"},\"inLanguage\":\"it-IT\",\"potentialAction\":[{\"@type\":\"ReadAction\",\"target\":[\"https:\\\/\\\/www.mon-cintre.com\\\/it\\\/produit\\\/6-grucce-giacca-abito-frassino-nero-legno-spazzolato-collo-colonnello-45-cm\\\/\"]}]},{\"@type\":\"ImageObject\",\"inLanguage\":\"it-IT\",\"@id\":\"https:\\\/\\\/www.mon-cintre.com\\\/it\\\/produit\\\/6-grucce-giacca-abito-frassino-nero-legno-spazzolato-collo-colonnello-45-cm\\\/#primaryimage\",\"url\":\"https:\\\/\\\/www.mon-cintre.com\\\/wp-content\\\/uploads\\\/2018\\\/08\\\/cintre-luxe-costume-COL4555BAR-BB-5.jpg\",\"contentUrl\":\"https:\\\/\\\/www.mon-cintre.com\\\/wp-content\\\/uploads\\\/2018\\\/08\\\/cintre-luxe-costume-COL4555BAR-BB-5.jpg\",\"width\":2000,\"height\":2000,\"caption\":\"Grucce per abiti di lusso, spalle larghe, barra antiscivolo, colore nero\"},{\"@type\":\"BreadcrumbList\",\"@id\":\"https:\\\/\\\/www.mon-cintre.com\\\/it\\\/produit\\\/6-grucce-giacca-abito-frassino-nero-legno-spazzolato-collo-colonnello-45-cm\\\/#breadcrumb\",\"itemListElement\":[{\"@type\":\"ListItem\",\"position\":1,\"name\":\"Accueil\",\"item\":\"https:\\\/\\\/www.mon-cintre.com\\\/it\\\/\"},{\"@type\":\"ListItem\",\"position\":2,\"name\":\"Shop\",\"item\":\"https:\\\/\\\/www.mon-cintre.com\\\/it\\\/shop\\\/\"},{\"@type\":\"ListItem\",\"position\":3,\"name\":\"6 grucce per giacca e abito in frassino &#8211; colore nero, legno spazzolato, collo colonnello (larghezza 45 cm-spalla 5 cm)\"}]},{\"@type\":\"WebSite\",\"@id\":\"https:\\\/\\\/www.mon-cintre.com\\\/it\\\/#website\",\"url\":\"https:\\\/\\\/www.mon-cintre.com\\\/it\\\/\",\"name\":\"Mon Cintre\",\"description\":\"Cintres et accessoires de dressing\",\"publisher\":{\"@id\":\"https:\\\/\\\/www.mon-cintre.com\\\/it\\\/#organization\"},\"potentialAction\":[{\"@type\":\"SearchAction\",\"target\":{\"@type\":\"EntryPoint\",\"urlTemplate\":\"https:\\\/\\\/www.mon-cintre.com\\\/it\\\/?s={search_term_string}\"},\"query-input\":{\"@type\":\"PropertyValueSpecification\",\"valueRequired\":true,\"valueName\":\"search_term_string\"}}],\"inLanguage\":\"it-IT\"},{\"@type\":\"Organization\",\"@id\":\"https:\\\/\\\/www.mon-cintre.com\\\/it\\\/#organization\",\"name\":\"Mon Cintre\",\"url\":\"https:\\\/\\\/www.mon-cintre.com\\\/it\\\/\",\"logo\":{\"@type\":\"ImageObject\",\"inLanguage\":\"it-IT\",\"@id\":\"https:\\\/\\\/www.mon-cintre.com\\\/it\\\/#\\\/schema\\\/logo\\\/image\\\/\",\"url\":\"https:\\\/\\\/www.mon-cintre.com\\\/wp-content\\\/uploads\\\/2022\\\/12\\\/logo-blanc.png\",\"contentUrl\":\"https:\\\/\\\/www.mon-cintre.com\\\/wp-content\\\/uploads\\\/2022\\\/12\\\/logo-blanc.png\",\"width\":345,\"height\":205,\"caption\":\"Mon Cintre\"},\"image\":{\"@id\":\"https:\\\/\\\/www.mon-cintre.com\\\/it\\\/#\\\/schema\\\/logo\\\/image\\\/\"}}]}<\/script>\n<!-- \/ Yoast SEO plugin. -->","yoast_head_json":{"title":"6 grucce per giacca e abito in frassino - colore nero, legno spazzolato, collo colonnello (larghezza 45 cm-spalla 5 cm) - Mon Cintre","description":"6 lussuosi grucce in legno di frassino, nero con legno spazzolato a mano e barra floccata antiscivolo per riporre con eleganza i tuoi abiti nel tuo cabina armadio.","robots":{"index":"index","follow":"follow","max-snippet":"max-snippet:-1","max-image-preview":"max-image-preview:large","max-video-preview":"max-video-preview:-1"},"canonical":"https:\/\/www.mon-cintre.com\/it\/produit\/6-grucce-giacca-abito-frassino-nero-legno-spazzolato-collo-colonnello-45-cm\/","og_locale":"it_IT","og_type":"article","og_title":"6 grucce per giacca e abito in frassino - colore nero, legno spazzolato, collo colonnello (larghezza 45 cm-spalla 5 cm) - Mon Cintre","og_description":"6 lussuosi grucce in legno di frassino, nero con legno spazzolato a mano e barra floccata antiscivolo per riporre con eleganza i tuoi abiti nel tuo cabina armadio.","og_url":"https:\/\/www.mon-cintre.com\/it\/produit\/6-grucce-giacca-abito-frassino-nero-legno-spazzolato-collo-colonnello-45-cm\/","og_site_name":"Mon Cintre","article_modified_time":"2026-02-11T10:08:27+00:00","og_image":[{"width":2000,"height":2000,"url":"https:\/\/www.mon-cintre.com\/wp-content\/uploads\/2018\/08\/cintre-luxe-costume-COL4555BAR-BB-5.jpg","type":"image\/jpeg"}],"twitter_card":"summary_large_image","twitter_misc":{"Tempo di lettura stimato":"2 minuti"},"schema":{"@context":"https:\/\/schema.org","@graph":[{"@type":"WebPage","@id":"https:\/\/www.mon-cintre.com\/it\/produit\/6-grucce-giacca-abito-frassino-nero-legno-spazzolato-collo-colonnello-45-cm\/","url":"https:\/\/www.mon-cintre.com\/it\/produit\/6-grucce-giacca-abito-frassino-nero-legno-spazzolato-collo-colonnello-45-cm\/","name":"6 grucce per giacca e abito in frassino - colore nero, legno spazzolato, collo colonnello (larghezza 45 cm-spalla 5 cm) - Mon Cintre","isPartOf":{"@id":"https:\/\/www.mon-cintre.com\/it\/#website"},"primaryImageOfPage":{"@id":"https:\/\/www.mon-cintre.com\/it\/produit\/6-grucce-giacca-abito-frassino-nero-legno-spazzolato-collo-colonnello-45-cm\/#primaryimage"},"image":{"@id":"https:\/\/www.mon-cintre.com\/it\/produit\/6-grucce-giacca-abito-frassino-nero-legno-spazzolato-collo-colonnello-45-cm\/#primaryimage"},"thumbnailUrl":"https:\/\/www.mon-cintre.com\/wp-content\/uploads\/2018\/08\/cintre-luxe-costume-COL4555BAR-BB-5.jpg","datePublished":"2025-08-10T08:26:54+00:00","dateModified":"2026-02-11T10:08:27+00:00","description":"6 lussuosi grucce in legno di frassino, nero con legno spazzolato a mano e barra floccata antiscivolo per riporre con eleganza i tuoi abiti nel tuo cabina armadio.","breadcrumb":{"@id":"https:\/\/www.mon-cintre.com\/it\/produit\/6-grucce-giacca-abito-frassino-nero-legno-spazzolato-collo-colonnello-45-cm\/#breadcrumb"},"inLanguage":"it-IT","potentialAction":[{"@type":"ReadAction","target":["https:\/\/www.mon-cintre.com\/it\/produit\/6-grucce-giacca-abito-frassino-nero-legno-spazzolato-collo-colonnello-45-cm\/"]}]},{"@type":"ImageObject","inLanguage":"it-IT","@id":"https:\/\/www.mon-cintre.com\/it\/produit\/6-grucce-giacca-abito-frassino-nero-legno-spazzolato-collo-colonnello-45-cm\/#primaryimage","url":"https:\/\/www.mon-cintre.com\/wp-content\/uploads\/2018\/08\/cintre-luxe-costume-COL4555BAR-BB-5.jpg","contentUrl":"https:\/\/www.mon-cintre.com\/wp-content\/uploads\/2018\/08\/cintre-luxe-costume-COL4555BAR-BB-5.jpg","width":2000,"height":2000,"caption":"Grucce per abiti di lusso, spalle larghe, barra antiscivolo, colore nero"},{"@type":"BreadcrumbList","@id":"https:\/\/www.mon-cintre.com\/it\/produit\/6-grucce-giacca-abito-frassino-nero-legno-spazzolato-collo-colonnello-45-cm\/#breadcrumb","itemListElement":[{"@type":"ListItem","position":1,"name":"Accueil","item":"https:\/\/www.mon-cintre.com\/it\/"},{"@type":"ListItem","position":2,"name":"Shop","item":"https:\/\/www.mon-cintre.com\/it\/shop\/"},{"@type":"ListItem","position":3,"name":"6 grucce per giacca e abito in frassino &#8211; colore nero, legno spazzolato, collo colonnello (larghezza 45 cm-spalla 5 cm)"}]},{"@type":"WebSite","@id":"https:\/\/www.mon-cintre.com\/it\/#website","url":"https:\/\/www.mon-cintre.com\/it\/","name":"Mon Cintre","description":"Cintres et accessoires de dressing","publisher":{"@id":"https:\/\/www.mon-cintre.com\/it\/#organization"},"potentialAction":[{"@type":"SearchAction","target":{"@type":"EntryPoint","urlTemplate":"https:\/\/www.mon-cintre.com\/it\/?s={search_term_string}"},"query-input":{"@type":"PropertyValueSpecification","valueRequired":true,"valueName":"search_term_string"}}],"inLanguage":"it-IT"},{"@type":"Organization","@id":"https:\/\/www.mon-cintre.com\/it\/#organization","name":"Mon Cintre","url":"https:\/\/www.mon-cintre.com\/it\/","logo":{"@type":"ImageObject","inLanguage":"it-IT","@id":"https:\/\/www.mon-cintre.com\/it\/#\/schema\/logo\/image\/","url":"https:\/\/www.mon-cintre.com\/wp-content\/uploads\/2022\/12\/logo-blanc.png","contentUrl":"https:\/\/www.mon-cintre.com\/wp-content\/uploads\/2022\/12\/logo-blanc.png","width":345,"height":205,"caption":"Mon Cintre"},"image":{"@id":"https:\/\/www.mon-cintre.com\/it\/#\/schema\/logo\/image\/"}}]}},"_links":{"self":[{"href":"https:\/\/www.mon-cintre.com\/it\/wp-json\/wp\/v2\/product\/21347","targetHints":{"allow":["GET"]}}],"collection":[{"href":"https:\/\/www.mon-cintre.com\/it\/wp-json\/wp\/v2\/product"}],"about":[{"href":"https:\/\/www.mon-cintre.com\/it\/wp-json\/wp\/v2\/types\/product"}],"replies":[{"embeddable":true,"href":"https:\/\/www.mon-cintre.com\/it\/wp-json\/wp\/v2\/comments?post=21347"}],"wp:featuredmedia":[{"embeddable":true,"href":"https:\/\/www.mon-cintre.com\/it\/wp-json\/wp\/v2\/media\/28969"}],"wp:attachment":[{"href":"https:\/\/www.mon-cintre.com\/it\/wp-json\/wp\/v2\/media?parent=21347"}],"wp:term":[{"taxonomy":"product_brand","embeddable":true,"href":"https:\/\/www.mon-cintre.com\/it\/wp-json\/wp\/v2\/product_brand?post=21347"},{"taxonomy":"product_cat","embeddable":true,"href":"https:\/\/www.mon-cintre.com\/it\/wp-json\/wp\/v2\/product_cat?post=21347"},{"taxonomy":"product_tag","embeddable":true,"href":"https:\/\/www.mon-cintre.com\/it\/wp-json\/wp\/v2\/product_tag?post=21347"}],"curies":[{"name":"wp","href":"https:\/\/api.w.org\/{rel}","templated":true}]}}