

{"id":21473,"date":"2018-08-27T15:37:44","date_gmt":"2018-08-27T13:37:44","guid":{"rendered":"https:\/\/www.mon-cintre.com\/produit\/10-grucce-camicie-noce-opaco-43-cm\/"},"modified":"2026-02-11T15:28:32","modified_gmt":"2026-02-11T14:28:32","slug":"10-grucce-camicie-noce-opaco-43-cm","status":"publish","type":"product","link":"https:\/\/www.mon-cintre.com\/it\/produit\/10-grucce-camicie-noce-opaco-43-cm\/","title":{"rendered":"10 grucce per camicie &#8211; color noce opaco, collo colonnello (larghezza 43 cm-spalla 2,5 cm)"},"content":{"rendered":"<ul>\n<li>10 appendini per camicie, polo e t-shirt, in legno di frassino<\/li>\n<li>Colore noce opaco<\/li>\n<li>Collare da colonnello scavato per adattarsi alla forma del colletto<\/li>\n<li>Gancio color canna di fucile opaco<\/li>\n<li>Gancio girevole a 360\u00ba<\/li>\n<li>Velluto marrone antiscivolo sulle spalle di qualit\u00e0 professionale che non lascia pelucchi<\/li>\n<li>Larghezza 43 cm<\/li>\n<li>Larghezza della spalla 2,5 cm<\/li>\n<li>Diametro gancio 5 mm, altezza 8,5 cm<\/li>\n<li>Confezione da 10 grucce<\/li>\n<li>Ideale per camicie, polo e t-shirt<\/li>\n<li>Manutenzione: spolverare con un panno morbido e asciutto<\/li>\n<\/ul>\n<p>La collezione DANDY si rivolge a gentiluomini esperti di moda che si preoccupano di mantenere le loro giacche e camicie. Il colletto da colonnello oltre l&#8217;eleganza, segue la curva dei colli dei tuoi vestiti. La collezione DANDY \u00e8 disponibile in 2 colori, nero spazzolato e noce opaco.<\/p>\n<p>Fornito in confezione regalo bianca con logo. Ogni gruccia \u00e8 avvolto individualmente in una custodia protettiva.<\/p>\n<p><img loading=\"lazy\" decoding=\"async\" class=\"alignnone size-medium wp-image-2625\" src=\"https:\/\/www.mon-cintre.com\/wp-content\/uploads\/2019\/02\/boite-cadeau-300x300.jpg\" alt=\"Boite cadeau Mon cintre\" width=\"300\" height=\"300\" srcset=\"https:\/\/www.mon-cintre.com\/wp-content\/uploads\/2019\/02\/boite-cadeau-300x300.jpg 300w, https:\/\/www.mon-cintre.com\/wp-content\/uploads\/2019\/02\/boite-cadeau-150x150.jpg 150w, https:\/\/www.mon-cintre.com\/wp-content\/uploads\/2019\/02\/boite-cadeau-100x100.jpg 100w, https:\/\/www.mon-cintre.com\/wp-content\/uploads\/2019\/02\/boite-cadeau.jpg 500w\" sizes=\"auto, (max-width: 300px) 100vw, 300px\" \/><\/p>\n<p>1 metro di guardaroba = 30 grucce<br \/>\n<img loading=\"lazy\" decoding=\"async\" class=\"alignnone size-full wp-image-153\" src=\"https:\/\/www.mon-cintre.com\/DEV\/wp-content\/uploads\/2018\/08\/30cintres.png\" alt=\"\" width=\"190\" height=\"19\" \/><\/p>\n<p>* Foto non contrattuale.<br \/>\nSi noti che i colori cambiano da uno schermo all&#8217;altro, quindi \u00e8 possibile che ci sia una variazione tra lo schermo e la realt\u00e0 nonostante la cura posta alla qualit\u00e0 delle nostre foto.<\/p>\n","protected":false},"excerpt":{"rendered":"<ul>\n<li>10 grucce di lusso per camicie, polo e t-shirt, in frassino con floccato antiscivolo<\/li>\n<li>Colore noce opaco<\/li>\n<li>Gancio girevole color canna di fucile opaco<\/li>\n<li>Larghezza 43 cm<\/li>\n<li>Larghezza della spalla 2,5 cm<\/li>\n<li>Velluto marrone antiscivolo sulle spalle di qualit\u00e0 professionale che non lascia pelucchi<\/li>\n<li>Confezione da 10 grucce<\/li>\n<li>Fatto a mano (<span style=\"text-decoration: underline;\"><a href=\"https:\/\/www.mon-cintre.com\/it\/fatto-a-mano\/\">scopri di pi\u00f9<\/a><\/span>)<\/li>\n<\/ul>\n<p>Acquista online questa confezione da 10 grucce in legno con bordi antiscivolo in velluto per il tuo guardaroba, perfette per appendere camicie e t-shirt. Personalizzabili con le tue iniziali o il tuo logo per ordini di almeno 20 grucce.<\/p>\n","protected":false},"featured_media":29041,"comment_status":"open","ping_status":"closed","template":"","meta":{"inline_featured_image":false},"product_brand":[],"product_cat":[570,622,580,633,362,378,369,392,631,550,576],"product_tag":[],"class_list":{"0":"post-21473","1":"product","2":"type-product","3":"status-publish","4":"has-post-thumbnail","6":"product_cat-colori-grucce","7":"product_cat-grucce-formato-43","8":"product_cat-grucce-velluto-antiscivolo","9":"product_cat-grucce-curvi","10":"product_cat-grucce-in-legno","11":"product_cat-collezione-dandy","12":"product_cat-grucce-per-uomo","13":"product_cat-grucce-per-camicie-2","14":"product_cat-grucce-dimensione","15":"product_cat-nostri-grucce","16":"product_cat-tipi-grucce","18":"first","19":"instock","20":"taxable","21":"shipping-taxable","22":"purchasable","23":"product-type-simple"},"yoast_head":"<!-- This site is optimized with the Yoast SEO plugin v27.3 - https:\/\/yoast.com\/product\/yoast-seo-wordpress\/ -->\n<title>10 grucce per camicie - color noce opaco, collo colonnello (larghezza 43 cm-spalla 2,5 cm) - Mon Cintre<\/title>\n<meta name=\"description\" content=\"Lussuosi grucce in legno per camicie con colletto scavato stile colonnello, questi 10 grucce, in frassino con floccato antiscivolo sulle spalle sono fatti per il tuo guardaroba.\" \/>\n<meta name=\"robots\" content=\"index, follow, max-snippet:-1, max-image-preview:large, max-video-preview:-1\" \/>\n<link rel=\"canonical\" href=\"https:\/\/www.mon-cintre.com\/it\/produit\/10-grucce-camicie-noce-opaco-43-cm\/\" \/>\n<meta property=\"og:locale\" content=\"it_IT\" \/>\n<meta property=\"og:type\" content=\"article\" \/>\n<meta property=\"og:title\" content=\"10 grucce per camicie - color noce opaco, collo colonnello (larghezza 43 cm-spalla 2,5 cm) - Mon Cintre\" \/>\n<meta property=\"og:description\" content=\"Lussuosi grucce in legno per camicie con colletto scavato stile colonnello, questi 10 grucce, in frassino con floccato antiscivolo sulle spalle sono fatti per il tuo guardaroba.\" \/>\n<meta property=\"og:url\" content=\"https:\/\/www.mon-cintre.com\/it\/produit\/10-grucce-camicie-noce-opaco-43-cm\/\" \/>\n<meta property=\"og:site_name\" content=\"Mon Cintre\" \/>\n<meta property=\"article:modified_time\" content=\"2026-02-11T14:28:32+00:00\" \/>\n<meta property=\"og:image\" content=\"https:\/\/www.mon-cintre.com\/wp-content\/uploads\/2018\/08\/cintres-luxe-chemise-COL4325FLO-WN.jpg\" \/>\n\t<meta property=\"og:image:width\" content=\"2000\" \/>\n\t<meta property=\"og:image:height\" content=\"2000\" \/>\n\t<meta property=\"og:image:type\" content=\"image\/jpeg\" \/>\n<meta name=\"twitter:card\" content=\"summary_large_image\" \/>\n<meta name=\"twitter:label1\" content=\"Tempo di lettura stimato\" \/>\n\t<meta name=\"twitter:data1\" content=\"1 minuto\" \/>\n<script type=\"application\/ld+json\" class=\"yoast-schema-graph\">{\"@context\":\"https:\\\/\\\/schema.org\",\"@graph\":[{\"@type\":\"WebPage\",\"@id\":\"https:\\\/\\\/www.mon-cintre.com\\\/it\\\/produit\\\/10-grucce-camicie-noce-opaco-43-cm\\\/\",\"url\":\"https:\\\/\\\/www.mon-cintre.com\\\/it\\\/produit\\\/10-grucce-camicie-noce-opaco-43-cm\\\/\",\"name\":\"10 grucce per camicie - color noce opaco, collo colonnello (larghezza 43 cm-spalla 2,5 cm) - Mon Cintre\",\"isPartOf\":{\"@id\":\"https:\\\/\\\/www.mon-cintre.com\\\/it\\\/#website\"},\"primaryImageOfPage\":{\"@id\":\"https:\\\/\\\/www.mon-cintre.com\\\/it\\\/produit\\\/10-grucce-camicie-noce-opaco-43-cm\\\/#primaryimage\"},\"image\":{\"@id\":\"https:\\\/\\\/www.mon-cintre.com\\\/it\\\/produit\\\/10-grucce-camicie-noce-opaco-43-cm\\\/#primaryimage\"},\"thumbnailUrl\":\"https:\\\/\\\/www.mon-cintre.com\\\/wp-content\\\/uploads\\\/2018\\\/08\\\/cintres-luxe-chemise-COL4325FLO-WN.jpg\",\"datePublished\":\"2018-08-27T13:37:44+00:00\",\"dateModified\":\"2026-02-11T14:28:32+00:00\",\"description\":\"Lussuosi grucce in legno per camicie con colletto scavato stile colonnello, questi 10 grucce, in frassino con floccato antiscivolo sulle spalle sono fatti per il tuo guardaroba.\",\"breadcrumb\":{\"@id\":\"https:\\\/\\\/www.mon-cintre.com\\\/it\\\/produit\\\/10-grucce-camicie-noce-opaco-43-cm\\\/#breadcrumb\"},\"inLanguage\":\"it-IT\",\"potentialAction\":[{\"@type\":\"ReadAction\",\"target\":[\"https:\\\/\\\/www.mon-cintre.com\\\/it\\\/produit\\\/10-grucce-camicie-noce-opaco-43-cm\\\/\"]}]},{\"@type\":\"ImageObject\",\"inLanguage\":\"it-IT\",\"@id\":\"https:\\\/\\\/www.mon-cintre.com\\\/it\\\/produit\\\/10-grucce-camicie-noce-opaco-43-cm\\\/#primaryimage\",\"url\":\"https:\\\/\\\/www.mon-cintre.com\\\/wp-content\\\/uploads\\\/2018\\\/08\\\/cintres-luxe-chemise-COL4325FLO-WN.jpg\",\"contentUrl\":\"https:\\\/\\\/www.mon-cintre.com\\\/wp-content\\\/uploads\\\/2018\\\/08\\\/cintres-luxe-chemise-COL4325FLO-WN.jpg\",\"width\":2000,\"height\":2000,\"caption\":\"10 grucce per camicie, velluto antiscivolo, grucce di frassino di lusso\"},{\"@type\":\"BreadcrumbList\",\"@id\":\"https:\\\/\\\/www.mon-cintre.com\\\/it\\\/produit\\\/10-grucce-camicie-noce-opaco-43-cm\\\/#breadcrumb\",\"itemListElement\":[{\"@type\":\"ListItem\",\"position\":1,\"name\":\"Accueil\",\"item\":\"https:\\\/\\\/www.mon-cintre.com\\\/it\\\/\"},{\"@type\":\"ListItem\",\"position\":2,\"name\":\"Shop\",\"item\":\"https:\\\/\\\/www.mon-cintre.com\\\/it\\\/shop\\\/\"},{\"@type\":\"ListItem\",\"position\":3,\"name\":\"10 grucce per camicie &#8211; color noce opaco, collo colonnello (larghezza 43 cm-spalla 2,5 cm)\"}]},{\"@type\":\"WebSite\",\"@id\":\"https:\\\/\\\/www.mon-cintre.com\\\/it\\\/#website\",\"url\":\"https:\\\/\\\/www.mon-cintre.com\\\/it\\\/\",\"name\":\"Mon Cintre\",\"description\":\"Cintres et accessoires de dressing\",\"publisher\":{\"@id\":\"https:\\\/\\\/www.mon-cintre.com\\\/it\\\/#organization\"},\"potentialAction\":[{\"@type\":\"SearchAction\",\"target\":{\"@type\":\"EntryPoint\",\"urlTemplate\":\"https:\\\/\\\/www.mon-cintre.com\\\/it\\\/?s={search_term_string}\"},\"query-input\":{\"@type\":\"PropertyValueSpecification\",\"valueRequired\":true,\"valueName\":\"search_term_string\"}}],\"inLanguage\":\"it-IT\"},{\"@type\":\"Organization\",\"@id\":\"https:\\\/\\\/www.mon-cintre.com\\\/it\\\/#organization\",\"name\":\"Mon Cintre\",\"url\":\"https:\\\/\\\/www.mon-cintre.com\\\/it\\\/\",\"logo\":{\"@type\":\"ImageObject\",\"inLanguage\":\"it-IT\",\"@id\":\"https:\\\/\\\/www.mon-cintre.com\\\/it\\\/#\\\/schema\\\/logo\\\/image\\\/\",\"url\":\"https:\\\/\\\/www.mon-cintre.com\\\/wp-content\\\/uploads\\\/2022\\\/12\\\/logo-blanc.png\",\"contentUrl\":\"https:\\\/\\\/www.mon-cintre.com\\\/wp-content\\\/uploads\\\/2022\\\/12\\\/logo-blanc.png\",\"width\":345,\"height\":205,\"caption\":\"Mon Cintre\"},\"image\":{\"@id\":\"https:\\\/\\\/www.mon-cintre.com\\\/it\\\/#\\\/schema\\\/logo\\\/image\\\/\"}}]}<\/script>\n<!-- \/ Yoast SEO plugin. -->","yoast_head_json":{"title":"10 grucce per camicie - color noce opaco, collo colonnello (larghezza 43 cm-spalla 2,5 cm) - Mon Cintre","description":"Lussuosi grucce in legno per camicie con colletto scavato stile colonnello, questi 10 grucce, in frassino con floccato antiscivolo sulle spalle sono fatti per il tuo guardaroba.","robots":{"index":"index","follow":"follow","max-snippet":"max-snippet:-1","max-image-preview":"max-image-preview:large","max-video-preview":"max-video-preview:-1"},"canonical":"https:\/\/www.mon-cintre.com\/it\/produit\/10-grucce-camicie-noce-opaco-43-cm\/","og_locale":"it_IT","og_type":"article","og_title":"10 grucce per camicie - color noce opaco, collo colonnello (larghezza 43 cm-spalla 2,5 cm) - Mon Cintre","og_description":"Lussuosi grucce in legno per camicie con colletto scavato stile colonnello, questi 10 grucce, in frassino con floccato antiscivolo sulle spalle sono fatti per il tuo guardaroba.","og_url":"https:\/\/www.mon-cintre.com\/it\/produit\/10-grucce-camicie-noce-opaco-43-cm\/","og_site_name":"Mon Cintre","article_modified_time":"2026-02-11T14:28:32+00:00","og_image":[{"width":2000,"height":2000,"url":"https:\/\/www.mon-cintre.com\/wp-content\/uploads\/2018\/08\/cintres-luxe-chemise-COL4325FLO-WN.jpg","type":"image\/jpeg"}],"twitter_card":"summary_large_image","twitter_misc":{"Tempo di lettura stimato":"1 minuto"},"schema":{"@context":"https:\/\/schema.org","@graph":[{"@type":"WebPage","@id":"https:\/\/www.mon-cintre.com\/it\/produit\/10-grucce-camicie-noce-opaco-43-cm\/","url":"https:\/\/www.mon-cintre.com\/it\/produit\/10-grucce-camicie-noce-opaco-43-cm\/","name":"10 grucce per camicie - color noce opaco, collo colonnello (larghezza 43 cm-spalla 2,5 cm) - Mon Cintre","isPartOf":{"@id":"https:\/\/www.mon-cintre.com\/it\/#website"},"primaryImageOfPage":{"@id":"https:\/\/www.mon-cintre.com\/it\/produit\/10-grucce-camicie-noce-opaco-43-cm\/#primaryimage"},"image":{"@id":"https:\/\/www.mon-cintre.com\/it\/produit\/10-grucce-camicie-noce-opaco-43-cm\/#primaryimage"},"thumbnailUrl":"https:\/\/www.mon-cintre.com\/wp-content\/uploads\/2018\/08\/cintres-luxe-chemise-COL4325FLO-WN.jpg","datePublished":"2018-08-27T13:37:44+00:00","dateModified":"2026-02-11T14:28:32+00:00","description":"Lussuosi grucce in legno per camicie con colletto scavato stile colonnello, questi 10 grucce, in frassino con floccato antiscivolo sulle spalle sono fatti per il tuo guardaroba.","breadcrumb":{"@id":"https:\/\/www.mon-cintre.com\/it\/produit\/10-grucce-camicie-noce-opaco-43-cm\/#breadcrumb"},"inLanguage":"it-IT","potentialAction":[{"@type":"ReadAction","target":["https:\/\/www.mon-cintre.com\/it\/produit\/10-grucce-camicie-noce-opaco-43-cm\/"]}]},{"@type":"ImageObject","inLanguage":"it-IT","@id":"https:\/\/www.mon-cintre.com\/it\/produit\/10-grucce-camicie-noce-opaco-43-cm\/#primaryimage","url":"https:\/\/www.mon-cintre.com\/wp-content\/uploads\/2018\/08\/cintres-luxe-chemise-COL4325FLO-WN.jpg","contentUrl":"https:\/\/www.mon-cintre.com\/wp-content\/uploads\/2018\/08\/cintres-luxe-chemise-COL4325FLO-WN.jpg","width":2000,"height":2000,"caption":"10 grucce per camicie, velluto antiscivolo, grucce di frassino di lusso"},{"@type":"BreadcrumbList","@id":"https:\/\/www.mon-cintre.com\/it\/produit\/10-grucce-camicie-noce-opaco-43-cm\/#breadcrumb","itemListElement":[{"@type":"ListItem","position":1,"name":"Accueil","item":"https:\/\/www.mon-cintre.com\/it\/"},{"@type":"ListItem","position":2,"name":"Shop","item":"https:\/\/www.mon-cintre.com\/it\/shop\/"},{"@type":"ListItem","position":3,"name":"10 grucce per camicie &#8211; color noce opaco, collo colonnello (larghezza 43 cm-spalla 2,5 cm)"}]},{"@type":"WebSite","@id":"https:\/\/www.mon-cintre.com\/it\/#website","url":"https:\/\/www.mon-cintre.com\/it\/","name":"Mon Cintre","description":"Cintres et accessoires de dressing","publisher":{"@id":"https:\/\/www.mon-cintre.com\/it\/#organization"},"potentialAction":[{"@type":"SearchAction","target":{"@type":"EntryPoint","urlTemplate":"https:\/\/www.mon-cintre.com\/it\/?s={search_term_string}"},"query-input":{"@type":"PropertyValueSpecification","valueRequired":true,"valueName":"search_term_string"}}],"inLanguage":"it-IT"},{"@type":"Organization","@id":"https:\/\/www.mon-cintre.com\/it\/#organization","name":"Mon Cintre","url":"https:\/\/www.mon-cintre.com\/it\/","logo":{"@type":"ImageObject","inLanguage":"it-IT","@id":"https:\/\/www.mon-cintre.com\/it\/#\/schema\/logo\/image\/","url":"https:\/\/www.mon-cintre.com\/wp-content\/uploads\/2022\/12\/logo-blanc.png","contentUrl":"https:\/\/www.mon-cintre.com\/wp-content\/uploads\/2022\/12\/logo-blanc.png","width":345,"height":205,"caption":"Mon Cintre"},"image":{"@id":"https:\/\/www.mon-cintre.com\/it\/#\/schema\/logo\/image\/"}}]}},"_links":{"self":[{"href":"https:\/\/www.mon-cintre.com\/it\/wp-json\/wp\/v2\/product\/21473","targetHints":{"allow":["GET"]}}],"collection":[{"href":"https:\/\/www.mon-cintre.com\/it\/wp-json\/wp\/v2\/product"}],"about":[{"href":"https:\/\/www.mon-cintre.com\/it\/wp-json\/wp\/v2\/types\/product"}],"replies":[{"embeddable":true,"href":"https:\/\/www.mon-cintre.com\/it\/wp-json\/wp\/v2\/comments?post=21473"}],"wp:featuredmedia":[{"embeddable":true,"href":"https:\/\/www.mon-cintre.com\/it\/wp-json\/wp\/v2\/media\/29041"}],"wp:attachment":[{"href":"https:\/\/www.mon-cintre.com\/it\/wp-json\/wp\/v2\/media?parent=21473"}],"wp:term":[{"taxonomy":"product_brand","embeddable":true,"href":"https:\/\/www.mon-cintre.com\/it\/wp-json\/wp\/v2\/product_brand?post=21473"},{"taxonomy":"product_cat","embeddable":true,"href":"https:\/\/www.mon-cintre.com\/it\/wp-json\/wp\/v2\/product_cat?post=21473"},{"taxonomy":"product_tag","embeddable":true,"href":"https:\/\/www.mon-cintre.com\/it\/wp-json\/wp\/v2\/product_tag?post=21473"}],"curies":[{"name":"wp","href":"https:\/\/api.w.org\/{rel}","templated":true}]}}