

{"id":22351,"date":"2021-06-09T09:31:43","date_gmt":"2021-06-09T07:31:43","guid":{"rendered":"https:\/\/www.mon-cintre.com\/?post_type=product&#038;p=22351"},"modified":"2026-02-11T11:11:06","modified_gmt":"2026-02-11T10:11:06","slug":"6-costume-costume-francese-vernice-naturale-45-cm","status":"publish","type":"product","link":"https:\/\/www.mon-cintre.com\/it\/produit\/6-costume-costume-francese-vernice-naturale-45-cm\/","title":{"rendered":"6 grucce per giacche e abiti in frassino &#8211; colore legno naturale (larghezza 45 cm &#8211; spalla 5,5 cm)"},"content":{"rendered":"<ul>\n<li>6 appendini in legno di lusso per cappotti, giacche e abiti<\/li>\n<li>Legno di frassino, vernice naturale<\/li>\n<li>Gancio color canna di fucile opaco<\/li>\n<li>Gancio girevole a 360\u00ba<\/li>\n<li>Barra floccata in crema antiscivolo che non fa pelucchi<\/li>\n<li>Larghezza 45 cm<\/li>\n<li>Larghezza della spalla 5,5 cm per un perfetto mantenimento delle giacche senza deformarsi<\/li>\n<li>Dimensione della barra: 36,5 cm<\/li>\n<li>Gancio diametro 5 mm, altezza 8,5 cm<\/li>\n<li>Scatola di 6 grucce<\/li>\n<li>Ideale per cappotti, giacche, abiti e pantaloni<\/li>\n<li>Manutenzione: spolverare con un panno morbido e asciutto<\/li>\n<li>Informazioni importanti sulle nostre grucce in legno: il legno \u00e8 un materiale naturale e le nostre tavole provengono direttamente dagli alberi. Ogni pezzo di legno pu\u00f2 presentare variazioni di colore, venature e nodi specifici dell&#8217;albero originale e della parte di albero utilizzata. Queste caratteristiche aggiungono fascino al legno senza compromettere la qualit\u00e0 o la durata delle nostre grucce. Il legno \u00e8 vivo e pu\u00f2 rispondere ai cambiamenti di umidit\u00e0. Anche le nostre grucce sono parzialmente modellate a mano, questa lavorazione artigianale rende ogni gruccia unica e possono presentare lievi variazioni tra loro.<\/li>\n<\/ul>\n<p>La collezione NATURALE si rivolge sia agli uomini che alle donne. Il suo legno verniciato naturale combinato con il gancio color canna di fucile si adatta a molti interni. 12 modelli di grucce per tutti i vestiti del tuo guardaroba.<\/p>\n<p>Consegnato in una scatola regalo bianca con logo. Ogni gancio \u00e8 avvolto individualmente in una copertura protettiva.<\/p>\n<p><img loading=\"lazy\" decoding=\"async\" class=\"alignnone wp-image-2625 size-medium\" src=\"https:\/\/www.mon-cintre.com\/wp-content\/uploads\/2019\/02\/boite-cadeau-300x300.jpg\" alt=\"Boite cadeau Mon cintre\" width=\"300\" height=\"300\" srcset=\"https:\/\/www.mon-cintre.com\/wp-content\/uploads\/2019\/02\/boite-cadeau-300x300.jpg 300w, https:\/\/www.mon-cintre.com\/wp-content\/uploads\/2019\/02\/boite-cadeau-150x150.jpg 150w, https:\/\/www.mon-cintre.com\/wp-content\/uploads\/2019\/02\/boite-cadeau-100x100.jpg 100w, https:\/\/www.mon-cintre.com\/wp-content\/uploads\/2019\/02\/boite-cadeau.jpg 500w\" sizes=\"auto, (max-width: 300px) 100vw, 300px\" \/><\/p>\n<p>1 metro di armadio = 11 grucce<br \/>\n<img loading=\"lazy\" decoding=\"async\" class=\"alignnone size-full wp-image-147\" src=\"https:\/\/www.mon-cintre.com\/DEV\/wp-content\/uploads\/2018\/08\/17cintres.png\" alt=\"\" width=\"190\" height=\"19\" \/><\/p>\n<p>*Le foto non sono contrattuali.<br \/>\nSi prega di notare che i colori cambiano da uno schermo all&#8217;altro, quindi \u00e8 possibile che ci sia una variazione tra lo schermo e la realt\u00e0 nonostante la cura prestata alla qualit\u00e0 delle nostre foto.<\/p>\n","protected":false},"excerpt":{"rendered":"<ul>\n<li>6 grucce di lusso per cappotti, giacche e abiti<\/li>\n<li>Colore naturale del legno verniciato<\/li>\n<li>Larghezza 45 cm<\/li>\n<li>Larghezza della spalla 5,5 cm<\/li>\n<li>Barra antiscivolo floccata in velluto color crema, qualit\u00e0 professionale che non lascia fibre<\/li>\n<li>Scatola di 6 grucce<\/li>\n<li>Fatto a mano (<span style=\"text-decoration: underline;\"><a href=\"https:\/\/www.mon-cintre.com\/it\/fatto-a-mano\/\">scopri di pi\u00fa<\/a><\/span>)<\/li>\n<\/ul>\n<p>Acquista online questa scatola da 6 grucce in legno, con spalle larghe e barra antiscivolo, perfette per appendere abiti, giacche, cappotti e pantaloni nel tuo guardaroba. Personalizzabili con le tue iniziali o il tuo logo per ordini di almeno 24 grucce.<\/p>\n","protected":false},"featured_media":29566,"comment_status":"open","ping_status":"closed","template":"","meta":{"inline_featured_image":false},"product_brand":[],"product_cat":[570,621,586,595,633,362,422,377,369,631,370,550,576],"product_tag":[],"class_list":{"0":"post-22351","1":"product","2":"type-product","3":"status-publish","4":"has-post-thumbnail","6":"product_cat-colori-grucce","7":"product_cat-grucce-formato-45","8":"product_cat-grucce-barra","9":"product_cat-grucce-spalle-larghe","10":"product_cat-grucce-curvi","11":"product_cat-grucce-in-legno","12":"product_cat-collezione-naturale","13":"product_cat-grucce-per-abiti-da-uomo","14":"product_cat-grucce-per-uomo","15":"product_cat-grucce-dimensione","16":"product_cat-grucce-per-pantaloni","17":"product_cat-nostri-grucce","18":"product_cat-tipi-grucce","20":"first","21":"instock","22":"taxable","23":"shipping-taxable","24":"purchasable","25":"product-type-simple"},"yoast_head":"<!-- This site is optimized with the Yoast SEO plugin v27.3 - https:\/\/yoast.com\/product\/yoast-seo-wordpress\/ -->\n<title>6 grucce per giacca e abito, in frassino - colore nero, legno spazzolato<\/title>\n<meta name=\"description\" content=\"6 grucce di alta gamma in legno di frassino, una moderna ed elegante finitura nero spazzolato, una forma pensata per la cura di giacche e abiti.\" \/>\n<meta name=\"robots\" content=\"index, follow, max-snippet:-1, max-image-preview:large, max-video-preview:-1\" \/>\n<link rel=\"canonical\" href=\"https:\/\/www.mon-cintre.com\/it\/produit\/6-costume-costume-francese-vernice-naturale-45-cm\/\" \/>\n<meta property=\"og:locale\" content=\"it_IT\" \/>\n<meta property=\"og:type\" content=\"article\" \/>\n<meta property=\"og:title\" content=\"6 grucce per giacca e abito, in frassino - colore nero, legno spazzolato\" \/>\n<meta property=\"og:description\" content=\"6 grucce di alta gamma in legno di frassino, una moderna ed elegante finitura nero spazzolato, una forma pensata per la cura di giacche e abiti.\" \/>\n<meta property=\"og:url\" content=\"https:\/\/www.mon-cintre.com\/it\/produit\/6-costume-costume-francese-vernice-naturale-45-cm\/\" \/>\n<meta property=\"og:site_name\" content=\"Mon Cintre\" \/>\n<meta property=\"article:modified_time\" content=\"2026-02-11T10:11:06+00:00\" \/>\n<meta property=\"og:image\" content=\"https:\/\/www.mon-cintre.com\/wp-content\/uploads\/2021\/06\/cintre-costume-bois-CLA4555BAR-NA-6.jpg\" \/>\n\t<meta property=\"og:image:width\" content=\"2000\" \/>\n\t<meta property=\"og:image:height\" content=\"2000\" \/>\n\t<meta property=\"og:image:type\" content=\"image\/jpeg\" \/>\n<meta name=\"twitter:card\" content=\"summary_large_image\" \/>\n<meta name=\"twitter:label1\" content=\"Tempo di lettura stimato\" \/>\n\t<meta name=\"twitter:data1\" content=\"1 minuto\" \/>\n<script type=\"application\/ld+json\" class=\"yoast-schema-graph\">{\"@context\":\"https:\\\/\\\/schema.org\",\"@graph\":[{\"@type\":\"WebPage\",\"@id\":\"https:\\\/\\\/www.mon-cintre.com\\\/it\\\/produit\\\/6-costume-costume-francese-vernice-naturale-45-cm\\\/\",\"url\":\"https:\\\/\\\/www.mon-cintre.com\\\/it\\\/produit\\\/6-costume-costume-francese-vernice-naturale-45-cm\\\/\",\"name\":\"6 grucce per giacca e abito, in frassino - colore nero, legno spazzolato\",\"isPartOf\":{\"@id\":\"https:\\\/\\\/www.mon-cintre.com\\\/it\\\/#website\"},\"primaryImageOfPage\":{\"@id\":\"https:\\\/\\\/www.mon-cintre.com\\\/it\\\/produit\\\/6-costume-costume-francese-vernice-naturale-45-cm\\\/#primaryimage\"},\"image\":{\"@id\":\"https:\\\/\\\/www.mon-cintre.com\\\/it\\\/produit\\\/6-costume-costume-francese-vernice-naturale-45-cm\\\/#primaryimage\"},\"thumbnailUrl\":\"https:\\\/\\\/www.mon-cintre.com\\\/wp-content\\\/uploads\\\/2021\\\/06\\\/cintre-costume-bois-CLA4555BAR-NA-6.jpg\",\"datePublished\":\"2021-06-09T07:31:43+00:00\",\"dateModified\":\"2026-02-11T10:11:06+00:00\",\"description\":\"6 grucce di alta gamma in legno di frassino, una moderna ed elegante finitura nero spazzolato, una forma pensata per la cura di giacche e abiti.\",\"breadcrumb\":{\"@id\":\"https:\\\/\\\/www.mon-cintre.com\\\/it\\\/produit\\\/6-costume-costume-francese-vernice-naturale-45-cm\\\/#breadcrumb\"},\"inLanguage\":\"it-IT\",\"potentialAction\":[{\"@type\":\"ReadAction\",\"target\":[\"https:\\\/\\\/www.mon-cintre.com\\\/it\\\/produit\\\/6-costume-costume-francese-vernice-naturale-45-cm\\\/\"]}]},{\"@type\":\"ImageObject\",\"inLanguage\":\"it-IT\",\"@id\":\"https:\\\/\\\/www.mon-cintre.com\\\/it\\\/produit\\\/6-costume-costume-francese-vernice-naturale-45-cm\\\/#primaryimage\",\"url\":\"https:\\\/\\\/www.mon-cintre.com\\\/wp-content\\\/uploads\\\/2021\\\/06\\\/cintre-costume-bois-CLA4555BAR-NA-6.jpg\",\"contentUrl\":\"https:\\\/\\\/www.mon-cintre.com\\\/wp-content\\\/uploads\\\/2021\\\/06\\\/cintre-costume-bois-CLA4555BAR-NA-6.jpg\",\"width\":2000,\"height\":2000,\"caption\":\"Gruccia in legno naturale per abiti\"},{\"@type\":\"BreadcrumbList\",\"@id\":\"https:\\\/\\\/www.mon-cintre.com\\\/it\\\/produit\\\/6-costume-costume-francese-vernice-naturale-45-cm\\\/#breadcrumb\",\"itemListElement\":[{\"@type\":\"ListItem\",\"position\":1,\"name\":\"Accueil\",\"item\":\"https:\\\/\\\/www.mon-cintre.com\\\/it\\\/\"},{\"@type\":\"ListItem\",\"position\":2,\"name\":\"Shop\",\"item\":\"https:\\\/\\\/www.mon-cintre.com\\\/it\\\/shop\\\/\"},{\"@type\":\"ListItem\",\"position\":3,\"name\":\"6 grucce per giacche e abiti in frassino &#8211; colore legno naturale (larghezza 45 cm &#8211; spalla 5,5 cm)\"}]},{\"@type\":\"WebSite\",\"@id\":\"https:\\\/\\\/www.mon-cintre.com\\\/it\\\/#website\",\"url\":\"https:\\\/\\\/www.mon-cintre.com\\\/it\\\/\",\"name\":\"Mon Cintre\",\"description\":\"Cintres et accessoires de dressing\",\"publisher\":{\"@id\":\"https:\\\/\\\/www.mon-cintre.com\\\/it\\\/#organization\"},\"potentialAction\":[{\"@type\":\"SearchAction\",\"target\":{\"@type\":\"EntryPoint\",\"urlTemplate\":\"https:\\\/\\\/www.mon-cintre.com\\\/it\\\/?s={search_term_string}\"},\"query-input\":{\"@type\":\"PropertyValueSpecification\",\"valueRequired\":true,\"valueName\":\"search_term_string\"}}],\"inLanguage\":\"it-IT\"},{\"@type\":\"Organization\",\"@id\":\"https:\\\/\\\/www.mon-cintre.com\\\/it\\\/#organization\",\"name\":\"Mon Cintre\",\"url\":\"https:\\\/\\\/www.mon-cintre.com\\\/it\\\/\",\"logo\":{\"@type\":\"ImageObject\",\"inLanguage\":\"it-IT\",\"@id\":\"https:\\\/\\\/www.mon-cintre.com\\\/it\\\/#\\\/schema\\\/logo\\\/image\\\/\",\"url\":\"https:\\\/\\\/www.mon-cintre.com\\\/wp-content\\\/uploads\\\/2022\\\/12\\\/logo-blanc.png\",\"contentUrl\":\"https:\\\/\\\/www.mon-cintre.com\\\/wp-content\\\/uploads\\\/2022\\\/12\\\/logo-blanc.png\",\"width\":345,\"height\":205,\"caption\":\"Mon Cintre\"},\"image\":{\"@id\":\"https:\\\/\\\/www.mon-cintre.com\\\/it\\\/#\\\/schema\\\/logo\\\/image\\\/\"}}]}<\/script>\n<!-- \/ Yoast SEO plugin. -->","yoast_head_json":{"title":"6 grucce per giacca e abito, in frassino - colore nero, legno spazzolato","description":"6 grucce di alta gamma in legno di frassino, una moderna ed elegante finitura nero spazzolato, una forma pensata per la cura di giacche e abiti.","robots":{"index":"index","follow":"follow","max-snippet":"max-snippet:-1","max-image-preview":"max-image-preview:large","max-video-preview":"max-video-preview:-1"},"canonical":"https:\/\/www.mon-cintre.com\/it\/produit\/6-costume-costume-francese-vernice-naturale-45-cm\/","og_locale":"it_IT","og_type":"article","og_title":"6 grucce per giacca e abito, in frassino - colore nero, legno spazzolato","og_description":"6 grucce di alta gamma in legno di frassino, una moderna ed elegante finitura nero spazzolato, una forma pensata per la cura di giacche e abiti.","og_url":"https:\/\/www.mon-cintre.com\/it\/produit\/6-costume-costume-francese-vernice-naturale-45-cm\/","og_site_name":"Mon Cintre","article_modified_time":"2026-02-11T10:11:06+00:00","og_image":[{"width":2000,"height":2000,"url":"https:\/\/www.mon-cintre.com\/wp-content\/uploads\/2021\/06\/cintre-costume-bois-CLA4555BAR-NA-6.jpg","type":"image\/jpeg"}],"twitter_card":"summary_large_image","twitter_misc":{"Tempo di lettura stimato":"1 minuto"},"schema":{"@context":"https:\/\/schema.org","@graph":[{"@type":"WebPage","@id":"https:\/\/www.mon-cintre.com\/it\/produit\/6-costume-costume-francese-vernice-naturale-45-cm\/","url":"https:\/\/www.mon-cintre.com\/it\/produit\/6-costume-costume-francese-vernice-naturale-45-cm\/","name":"6 grucce per giacca e abito, in frassino - colore nero, legno spazzolato","isPartOf":{"@id":"https:\/\/www.mon-cintre.com\/it\/#website"},"primaryImageOfPage":{"@id":"https:\/\/www.mon-cintre.com\/it\/produit\/6-costume-costume-francese-vernice-naturale-45-cm\/#primaryimage"},"image":{"@id":"https:\/\/www.mon-cintre.com\/it\/produit\/6-costume-costume-francese-vernice-naturale-45-cm\/#primaryimage"},"thumbnailUrl":"https:\/\/www.mon-cintre.com\/wp-content\/uploads\/2021\/06\/cintre-costume-bois-CLA4555BAR-NA-6.jpg","datePublished":"2021-06-09T07:31:43+00:00","dateModified":"2026-02-11T10:11:06+00:00","description":"6 grucce di alta gamma in legno di frassino, una moderna ed elegante finitura nero spazzolato, una forma pensata per la cura di giacche e abiti.","breadcrumb":{"@id":"https:\/\/www.mon-cintre.com\/it\/produit\/6-costume-costume-francese-vernice-naturale-45-cm\/#breadcrumb"},"inLanguage":"it-IT","potentialAction":[{"@type":"ReadAction","target":["https:\/\/www.mon-cintre.com\/it\/produit\/6-costume-costume-francese-vernice-naturale-45-cm\/"]}]},{"@type":"ImageObject","inLanguage":"it-IT","@id":"https:\/\/www.mon-cintre.com\/it\/produit\/6-costume-costume-francese-vernice-naturale-45-cm\/#primaryimage","url":"https:\/\/www.mon-cintre.com\/wp-content\/uploads\/2021\/06\/cintre-costume-bois-CLA4555BAR-NA-6.jpg","contentUrl":"https:\/\/www.mon-cintre.com\/wp-content\/uploads\/2021\/06\/cintre-costume-bois-CLA4555BAR-NA-6.jpg","width":2000,"height":2000,"caption":"Gruccia in legno naturale per abiti"},{"@type":"BreadcrumbList","@id":"https:\/\/www.mon-cintre.com\/it\/produit\/6-costume-costume-francese-vernice-naturale-45-cm\/#breadcrumb","itemListElement":[{"@type":"ListItem","position":1,"name":"Accueil","item":"https:\/\/www.mon-cintre.com\/it\/"},{"@type":"ListItem","position":2,"name":"Shop","item":"https:\/\/www.mon-cintre.com\/it\/shop\/"},{"@type":"ListItem","position":3,"name":"6 grucce per giacche e abiti in frassino &#8211; colore legno naturale (larghezza 45 cm &#8211; spalla 5,5 cm)"}]},{"@type":"WebSite","@id":"https:\/\/www.mon-cintre.com\/it\/#website","url":"https:\/\/www.mon-cintre.com\/it\/","name":"Mon Cintre","description":"Cintres et accessoires de dressing","publisher":{"@id":"https:\/\/www.mon-cintre.com\/it\/#organization"},"potentialAction":[{"@type":"SearchAction","target":{"@type":"EntryPoint","urlTemplate":"https:\/\/www.mon-cintre.com\/it\/?s={search_term_string}"},"query-input":{"@type":"PropertyValueSpecification","valueRequired":true,"valueName":"search_term_string"}}],"inLanguage":"it-IT"},{"@type":"Organization","@id":"https:\/\/www.mon-cintre.com\/it\/#organization","name":"Mon Cintre","url":"https:\/\/www.mon-cintre.com\/it\/","logo":{"@type":"ImageObject","inLanguage":"it-IT","@id":"https:\/\/www.mon-cintre.com\/it\/#\/schema\/logo\/image\/","url":"https:\/\/www.mon-cintre.com\/wp-content\/uploads\/2022\/12\/logo-blanc.png","contentUrl":"https:\/\/www.mon-cintre.com\/wp-content\/uploads\/2022\/12\/logo-blanc.png","width":345,"height":205,"caption":"Mon Cintre"},"image":{"@id":"https:\/\/www.mon-cintre.com\/it\/#\/schema\/logo\/image\/"}}]}},"_links":{"self":[{"href":"https:\/\/www.mon-cintre.com\/it\/wp-json\/wp\/v2\/product\/22351","targetHints":{"allow":["GET"]}}],"collection":[{"href":"https:\/\/www.mon-cintre.com\/it\/wp-json\/wp\/v2\/product"}],"about":[{"href":"https:\/\/www.mon-cintre.com\/it\/wp-json\/wp\/v2\/types\/product"}],"replies":[{"embeddable":true,"href":"https:\/\/www.mon-cintre.com\/it\/wp-json\/wp\/v2\/comments?post=22351"}],"wp:featuredmedia":[{"embeddable":true,"href":"https:\/\/www.mon-cintre.com\/it\/wp-json\/wp\/v2\/media\/29566"}],"wp:attachment":[{"href":"https:\/\/www.mon-cintre.com\/it\/wp-json\/wp\/v2\/media?parent=22351"}],"wp:term":[{"taxonomy":"product_brand","embeddable":true,"href":"https:\/\/www.mon-cintre.com\/it\/wp-json\/wp\/v2\/product_brand?post=22351"},{"taxonomy":"product_cat","embeddable":true,"href":"https:\/\/www.mon-cintre.com\/it\/wp-json\/wp\/v2\/product_cat?post=22351"},{"taxonomy":"product_tag","embeddable":true,"href":"https:\/\/www.mon-cintre.com\/it\/wp-json\/wp\/v2\/product_tag?post=22351"}],"curies":[{"name":"wp","href":"https:\/\/api.w.org\/{rel}","templated":true}]}}