

{"id":30408,"date":"2023-08-15T17:11:47","date_gmt":"2023-08-15T15:11:47","guid":{"rendered":"https:\/\/www.mon-cintre.com\/?post_type=product&#038;p=30408"},"modified":"2026-02-11T12:49:46","modified_gmt":"2026-02-11T11:49:46","slug":"6-grucce-per-uomo-o-donna-per-giacca-e-abito-colore-legno-naturale-larghezza-42-cm-spalla-5-cm-copie","status":"publish","type":"product","link":"https:\/\/www.mon-cintre.com\/it\/produit\/6-grucce-per-uomo-o-donna-per-giacca-e-abito-colore-legno-naturale-larghezza-42-cm-spalla-5-cm-copie\/","title":{"rendered":"6 grucce per uomo o donna per giacca e abito &#8211; colore legno naturale (larghezza 42 cm-spalla 5 cm)"},"content":{"rendered":"<ul>\n<li>6 grucce miste per abiti e giacche, in legno di frassino<\/li>\n<li>Colore legno naturale<\/li>\n<li>Gancio e pinze color canna di fucile opachi<\/li>\n<li>Gancio rotante a 360\u00ba<\/li>\n<li>Pinze professionali che non lasciano segni e garantiscono una tenuta perfetta<\/li>\n<li>Clips mobili su tutta la lunghezza della barra con protezione per evitare di graffiarla<\/li>\n<li>Larghezza 42 cm<\/li>\n<li>Larghezza spalle 5 cm<\/li>\n<li>Diametro gancio 5 mm, altezza 8,5 cm<\/li>\n<li>Pinze 6 x 2 cm<\/li>\n<li>Confezione da 6 grucce<\/li>\n<li>Ideale per giacche, cappotti, gonne, pantaloni e abiti<\/li>\n<li>Manutenzione: spolverare con un panno morbido e asciutto<\/li>\n<li>Informazioni importanti sulle nostre grucce in legno: il legno \u00e8 un materiale naturale e le nostre tavole provengono direttamente dagli alberi. Ogni pezzo di legno pu\u00f2 presentare variazioni di colore, venature e nodi specifici dell&#8217;albero originale e della parte di albero utilizzata. Queste caratteristiche aggiungono fascino al legno senza compromettere la qualit\u00e0 o la durata delle nostre grucce. Il legno \u00e8 vivo e pu\u00f2 rispondere ai cambiamenti di umidit\u00e0. Anche le nostre grucce sono parzialmente modellate a mano, questa lavorazione artigianale rende ogni gruccia unica e possono presentare lievi variazioni tra loro.<\/li>\n<\/ul>\n<p>La collezione NATURALE si rivolge sia agli uomini che alle donne. Il suo legno verniciato naturale combinato con il gancio color canna di fucile si adatta a molti interni. 12 modelli di grucce per tutti i vestiti del tuo guardaroba.<\/p>\n<p>Fornito in confezione regalo bianca con logo. Ogni gruccia \u00e8 avvolto individualmente in una custodia protettiva.<\/p>\n<p><img loading=\"lazy\" decoding=\"async\" class=\"alignnone size-medium wp-image-2625\" src=\"https:\/\/www.mon-cintre.com\/wp-content\/uploads\/2019\/02\/boite-cadeau-300x300.jpg\" alt=\"Boite cadeau Mon cintre\" width=\"300\" height=\"300\" srcset=\"https:\/\/www.mon-cintre.com\/wp-content\/uploads\/2019\/02\/boite-cadeau-300x300.jpg 300w, https:\/\/www.mon-cintre.com\/wp-content\/uploads\/2019\/02\/boite-cadeau-150x150.jpg 150w, https:\/\/www.mon-cintre.com\/wp-content\/uploads\/2019\/02\/boite-cadeau-100x100.jpg 100w, https:\/\/www.mon-cintre.com\/wp-content\/uploads\/2019\/02\/boite-cadeau.jpg 500w\" sizes=\"auto, (max-width: 300px) 100vw, 300px\" \/><\/p>\n<p>1 metro di guardaroba = 14 grucce<br \/>\n<img loading=\"lazy\" decoding=\"async\" class=\"alignnone size-full wp-image-147\" src=\"https:\/\/www.mon-cintre.com\/DEV\/wp-content\/uploads\/2018\/08\/17cintres.png\" alt=\"\" width=\"190\" height=\"19\" \/><\/p>\n<p>* Foto non contrattuale.<br \/>\nSi noti che i colori cambiano da uno schermo all&#8217;altro, quindi \u00e8 possibile che ci sia una variazione tra lo schermo e la realt\u00e0 nonostante la cura posta alla qualit\u00e0 delle nostre foto.<\/p>\n","protected":false},"excerpt":{"rendered":"<ul>\n<li>6 grucce da uomo o da donna per abiti e giacche<\/li>\n<li>Colore legno naturale<\/li>\n<li>Larghezza 42 cm<\/li>\n<li>Larghezza spalle 5 cm<\/li>\n<li>Pinza professionale che non segna<\/li>\n<li>Confezione da 6 grucce<\/li>\n<li>Fatto a mano (<span style=\"text-decoration: underline;\"><a href=\"https:\/\/www.mon-cintre.com\/it\/fatto-a-mano\/\">scopri di pi\u00f9<\/a><\/span>)<\/li>\n<\/ul>\n<p>Acquista online questa confezione da 6 grucce in legno, dotate di spalle larghe e clip professionali per appendere giacche, cappotti, abiti, gonne e pantaloni senza danneggiarli o rovinarli. Personalizzabili con le tue iniziali o il tuo logo per ordini di almeno 24 grucce.<\/p>\n","protected":false},"featured_media":30413,"comment_status":"open","ping_status":"closed","template":"","meta":{"inline_featured_image":false},"product_brand":[],"product_cat":[570,620,601,595,633,362,422,377,358,369,631,391,371,370,550,576],"product_tag":[],"class_list":{"0":"post-30408","1":"product","2":"type-product","3":"status-publish","4":"has-post-thumbnail","6":"product_cat-colori-grucce","7":"product_cat-grucce-formato-42","8":"product_cat-grucce-clips","9":"product_cat-grucce-spalle-larghe","10":"product_cat-grucce-curvi","11":"product_cat-grucce-in-legno","12":"product_cat-collezione-naturale","13":"product_cat-grucce-per-abiti-da-uomo","14":"product_cat-grucce-per-le-donne","15":"product_cat-grucce-per-uomo","16":"product_cat-grucce-dimensione","17":"product_cat-grucce-per-giacche-e-cappotti","18":"product_cat-grucce-per-gonna-e-pantaloni","19":"product_cat-grucce-per-pantaloni","20":"product_cat-nostri-grucce","21":"product_cat-tipi-grucce","23":"first","24":"instock","25":"taxable","26":"shipping-taxable","27":"purchasable","28":"product-type-simple"},"yoast_head":"<!-- This site is optimized with the Yoast SEO plugin v27.3 - https:\/\/yoast.com\/product\/yoast-seo-wordpress\/ -->\n<title>6 grucce per uomo o donna per giacca e abito - colore legno naturale (larghezza 42 cm-spalla 5 cm) - Mon Cintre<\/title>\n<meta name=\"description\" content=\"Grucce di alta gamma in legno verniciato naturale per riporre giacche e cappotti che manterranno la loro forma grazie alle spalle larghe dell&#039;appendiabiti\" \/>\n<meta name=\"robots\" content=\"index, follow, max-snippet:-1, max-image-preview:large, max-video-preview:-1\" \/>\n<link rel=\"canonical\" href=\"https:\/\/www.mon-cintre.com\/it\/produit\/6-grucce-per-uomo-o-donna-per-giacca-e-abito-colore-legno-naturale-larghezza-42-cm-spalla-5-cm-copie\/\" \/>\n<meta property=\"og:locale\" content=\"it_IT\" \/>\n<meta property=\"og:type\" content=\"article\" \/>\n<meta property=\"og:title\" content=\"6 grucce per uomo o donna per giacca e abito - colore legno naturale (larghezza 42 cm-spalla 5 cm) - Mon Cintre\" \/>\n<meta property=\"og:description\" content=\"Grucce di alta gamma in legno verniciato naturale per riporre giacche e cappotti che manterranno la loro forma grazie alle spalle larghe dell&#039;appendiabiti\" \/>\n<meta property=\"og:url\" content=\"https:\/\/www.mon-cintre.com\/it\/produit\/6-grucce-per-uomo-o-donna-per-giacca-e-abito-colore-legno-naturale-larghezza-42-cm-spalla-5-cm-copie\/\" \/>\n<meta property=\"og:site_name\" content=\"Mon Cintre\" \/>\n<meta property=\"article:modified_time\" content=\"2026-02-11T11:49:46+00:00\" \/>\n<meta property=\"og:image\" content=\"https:\/\/www.mon-cintre.com\/wp-content\/uploads\/2023\/08\/cintre-veste-pinces-CLA4250PIN-NA.jpg\" \/>\n\t<meta property=\"og:image:width\" content=\"2000\" \/>\n\t<meta property=\"og:image:height\" content=\"2000\" \/>\n\t<meta property=\"og:image:type\" content=\"image\/jpeg\" \/>\n<meta name=\"twitter:card\" content=\"summary_large_image\" \/>\n<meta name=\"twitter:label1\" content=\"Tempo di lettura stimato\" \/>\n\t<meta name=\"twitter:data1\" content=\"2 minuti\" \/>\n<script type=\"application\/ld+json\" class=\"yoast-schema-graph\">{\"@context\":\"https:\\\/\\\/schema.org\",\"@graph\":[{\"@type\":\"WebPage\",\"@id\":\"https:\\\/\\\/www.mon-cintre.com\\\/it\\\/produit\\\/6-grucce-per-uomo-o-donna-per-giacca-e-abito-colore-legno-naturale-larghezza-42-cm-spalla-5-cm-copie\\\/\",\"url\":\"https:\\\/\\\/www.mon-cintre.com\\\/it\\\/produit\\\/6-grucce-per-uomo-o-donna-per-giacca-e-abito-colore-legno-naturale-larghezza-42-cm-spalla-5-cm-copie\\\/\",\"name\":\"6 grucce per uomo o donna per giacca e abito - colore legno naturale (larghezza 42 cm-spalla 5 cm) - Mon Cintre\",\"isPartOf\":{\"@id\":\"https:\\\/\\\/www.mon-cintre.com\\\/it\\\/#website\"},\"primaryImageOfPage\":{\"@id\":\"https:\\\/\\\/www.mon-cintre.com\\\/it\\\/produit\\\/6-grucce-per-uomo-o-donna-per-giacca-e-abito-colore-legno-naturale-larghezza-42-cm-spalla-5-cm-copie\\\/#primaryimage\"},\"image\":{\"@id\":\"https:\\\/\\\/www.mon-cintre.com\\\/it\\\/produit\\\/6-grucce-per-uomo-o-donna-per-giacca-e-abito-colore-legno-naturale-larghezza-42-cm-spalla-5-cm-copie\\\/#primaryimage\"},\"thumbnailUrl\":\"https:\\\/\\\/www.mon-cintre.com\\\/wp-content\\\/uploads\\\/2023\\\/08\\\/cintre-veste-pinces-CLA4250PIN-NA.jpg\",\"datePublished\":\"2023-08-15T15:11:47+00:00\",\"dateModified\":\"2026-02-11T11:49:46+00:00\",\"description\":\"Grucce di alta gamma in legno verniciato naturale per riporre giacche e cappotti che manterranno la loro forma grazie alle spalle larghe dell'appendiabiti\",\"breadcrumb\":{\"@id\":\"https:\\\/\\\/www.mon-cintre.com\\\/it\\\/produit\\\/6-grucce-per-uomo-o-donna-per-giacca-e-abito-colore-legno-naturale-larghezza-42-cm-spalla-5-cm-copie\\\/#breadcrumb\"},\"inLanguage\":\"it-IT\",\"potentialAction\":[{\"@type\":\"ReadAction\",\"target\":[\"https:\\\/\\\/www.mon-cintre.com\\\/it\\\/produit\\\/6-grucce-per-uomo-o-donna-per-giacca-e-abito-colore-legno-naturale-larghezza-42-cm-spalla-5-cm-copie\\\/\"]}]},{\"@type\":\"ImageObject\",\"inLanguage\":\"it-IT\",\"@id\":\"https:\\\/\\\/www.mon-cintre.com\\\/it\\\/produit\\\/6-grucce-per-uomo-o-donna-per-giacca-e-abito-colore-legno-naturale-larghezza-42-cm-spalla-5-cm-copie\\\/#primaryimage\",\"url\":\"https:\\\/\\\/www.mon-cintre.com\\\/wp-content\\\/uploads\\\/2023\\\/08\\\/cintre-veste-pinces-CLA4250PIN-NA.jpg\",\"contentUrl\":\"https:\\\/\\\/www.mon-cintre.com\\\/wp-content\\\/uploads\\\/2023\\\/08\\\/cintre-veste-pinces-CLA4250PIN-NA.jpg\",\"width\":2000,\"height\":2000,\"caption\":\"Grucce in legno con clip per abito e giacca\"},{\"@type\":\"BreadcrumbList\",\"@id\":\"https:\\\/\\\/www.mon-cintre.com\\\/it\\\/produit\\\/6-grucce-per-uomo-o-donna-per-giacca-e-abito-colore-legno-naturale-larghezza-42-cm-spalla-5-cm-copie\\\/#breadcrumb\",\"itemListElement\":[{\"@type\":\"ListItem\",\"position\":1,\"name\":\"Accueil\",\"item\":\"https:\\\/\\\/www.mon-cintre.com\\\/it\\\/\"},{\"@type\":\"ListItem\",\"position\":2,\"name\":\"Shop\",\"item\":\"https:\\\/\\\/www.mon-cintre.com\\\/it\\\/shop\\\/\"},{\"@type\":\"ListItem\",\"position\":3,\"name\":\"6 grucce per uomo o donna per giacca e abito &#8211; colore legno naturale (larghezza 42 cm-spalla 5 cm)\"}]},{\"@type\":\"WebSite\",\"@id\":\"https:\\\/\\\/www.mon-cintre.com\\\/it\\\/#website\",\"url\":\"https:\\\/\\\/www.mon-cintre.com\\\/it\\\/\",\"name\":\"Mon Cintre\",\"description\":\"Cintres et accessoires de dressing\",\"publisher\":{\"@id\":\"https:\\\/\\\/www.mon-cintre.com\\\/it\\\/#organization\"},\"potentialAction\":[{\"@type\":\"SearchAction\",\"target\":{\"@type\":\"EntryPoint\",\"urlTemplate\":\"https:\\\/\\\/www.mon-cintre.com\\\/it\\\/?s={search_term_string}\"},\"query-input\":{\"@type\":\"PropertyValueSpecification\",\"valueRequired\":true,\"valueName\":\"search_term_string\"}}],\"inLanguage\":\"it-IT\"},{\"@type\":\"Organization\",\"@id\":\"https:\\\/\\\/www.mon-cintre.com\\\/it\\\/#organization\",\"name\":\"Mon Cintre\",\"url\":\"https:\\\/\\\/www.mon-cintre.com\\\/it\\\/\",\"logo\":{\"@type\":\"ImageObject\",\"inLanguage\":\"it-IT\",\"@id\":\"https:\\\/\\\/www.mon-cintre.com\\\/it\\\/#\\\/schema\\\/logo\\\/image\\\/\",\"url\":\"https:\\\/\\\/www.mon-cintre.com\\\/wp-content\\\/uploads\\\/2022\\\/12\\\/logo-blanc.png\",\"contentUrl\":\"https:\\\/\\\/www.mon-cintre.com\\\/wp-content\\\/uploads\\\/2022\\\/12\\\/logo-blanc.png\",\"width\":345,\"height\":205,\"caption\":\"Mon Cintre\"},\"image\":{\"@id\":\"https:\\\/\\\/www.mon-cintre.com\\\/it\\\/#\\\/schema\\\/logo\\\/image\\\/\"}}]}<\/script>\n<!-- \/ Yoast SEO plugin. -->","yoast_head_json":{"title":"6 grucce per uomo o donna per giacca e abito - colore legno naturale (larghezza 42 cm-spalla 5 cm) - Mon Cintre","description":"Grucce di alta gamma in legno verniciato naturale per riporre giacche e cappotti che manterranno la loro forma grazie alle spalle larghe dell'appendiabiti","robots":{"index":"index","follow":"follow","max-snippet":"max-snippet:-1","max-image-preview":"max-image-preview:large","max-video-preview":"max-video-preview:-1"},"canonical":"https:\/\/www.mon-cintre.com\/it\/produit\/6-grucce-per-uomo-o-donna-per-giacca-e-abito-colore-legno-naturale-larghezza-42-cm-spalla-5-cm-copie\/","og_locale":"it_IT","og_type":"article","og_title":"6 grucce per uomo o donna per giacca e abito - colore legno naturale (larghezza 42 cm-spalla 5 cm) - Mon Cintre","og_description":"Grucce di alta gamma in legno verniciato naturale per riporre giacche e cappotti che manterranno la loro forma grazie alle spalle larghe dell'appendiabiti","og_url":"https:\/\/www.mon-cintre.com\/it\/produit\/6-grucce-per-uomo-o-donna-per-giacca-e-abito-colore-legno-naturale-larghezza-42-cm-spalla-5-cm-copie\/","og_site_name":"Mon Cintre","article_modified_time":"2026-02-11T11:49:46+00:00","og_image":[{"width":2000,"height":2000,"url":"https:\/\/www.mon-cintre.com\/wp-content\/uploads\/2023\/08\/cintre-veste-pinces-CLA4250PIN-NA.jpg","type":"image\/jpeg"}],"twitter_card":"summary_large_image","twitter_misc":{"Tempo di lettura stimato":"2 minuti"},"schema":{"@context":"https:\/\/schema.org","@graph":[{"@type":"WebPage","@id":"https:\/\/www.mon-cintre.com\/it\/produit\/6-grucce-per-uomo-o-donna-per-giacca-e-abito-colore-legno-naturale-larghezza-42-cm-spalla-5-cm-copie\/","url":"https:\/\/www.mon-cintre.com\/it\/produit\/6-grucce-per-uomo-o-donna-per-giacca-e-abito-colore-legno-naturale-larghezza-42-cm-spalla-5-cm-copie\/","name":"6 grucce per uomo o donna per giacca e abito - colore legno naturale (larghezza 42 cm-spalla 5 cm) - Mon Cintre","isPartOf":{"@id":"https:\/\/www.mon-cintre.com\/it\/#website"},"primaryImageOfPage":{"@id":"https:\/\/www.mon-cintre.com\/it\/produit\/6-grucce-per-uomo-o-donna-per-giacca-e-abito-colore-legno-naturale-larghezza-42-cm-spalla-5-cm-copie\/#primaryimage"},"image":{"@id":"https:\/\/www.mon-cintre.com\/it\/produit\/6-grucce-per-uomo-o-donna-per-giacca-e-abito-colore-legno-naturale-larghezza-42-cm-spalla-5-cm-copie\/#primaryimage"},"thumbnailUrl":"https:\/\/www.mon-cintre.com\/wp-content\/uploads\/2023\/08\/cintre-veste-pinces-CLA4250PIN-NA.jpg","datePublished":"2023-08-15T15:11:47+00:00","dateModified":"2026-02-11T11:49:46+00:00","description":"Grucce di alta gamma in legno verniciato naturale per riporre giacche e cappotti che manterranno la loro forma grazie alle spalle larghe dell'appendiabiti","breadcrumb":{"@id":"https:\/\/www.mon-cintre.com\/it\/produit\/6-grucce-per-uomo-o-donna-per-giacca-e-abito-colore-legno-naturale-larghezza-42-cm-spalla-5-cm-copie\/#breadcrumb"},"inLanguage":"it-IT","potentialAction":[{"@type":"ReadAction","target":["https:\/\/www.mon-cintre.com\/it\/produit\/6-grucce-per-uomo-o-donna-per-giacca-e-abito-colore-legno-naturale-larghezza-42-cm-spalla-5-cm-copie\/"]}]},{"@type":"ImageObject","inLanguage":"it-IT","@id":"https:\/\/www.mon-cintre.com\/it\/produit\/6-grucce-per-uomo-o-donna-per-giacca-e-abito-colore-legno-naturale-larghezza-42-cm-spalla-5-cm-copie\/#primaryimage","url":"https:\/\/www.mon-cintre.com\/wp-content\/uploads\/2023\/08\/cintre-veste-pinces-CLA4250PIN-NA.jpg","contentUrl":"https:\/\/www.mon-cintre.com\/wp-content\/uploads\/2023\/08\/cintre-veste-pinces-CLA4250PIN-NA.jpg","width":2000,"height":2000,"caption":"Grucce in legno con clip per abito e giacca"},{"@type":"BreadcrumbList","@id":"https:\/\/www.mon-cintre.com\/it\/produit\/6-grucce-per-uomo-o-donna-per-giacca-e-abito-colore-legno-naturale-larghezza-42-cm-spalla-5-cm-copie\/#breadcrumb","itemListElement":[{"@type":"ListItem","position":1,"name":"Accueil","item":"https:\/\/www.mon-cintre.com\/it\/"},{"@type":"ListItem","position":2,"name":"Shop","item":"https:\/\/www.mon-cintre.com\/it\/shop\/"},{"@type":"ListItem","position":3,"name":"6 grucce per uomo o donna per giacca e abito &#8211; colore legno naturale (larghezza 42 cm-spalla 5 cm)"}]},{"@type":"WebSite","@id":"https:\/\/www.mon-cintre.com\/it\/#website","url":"https:\/\/www.mon-cintre.com\/it\/","name":"Mon Cintre","description":"Cintres et accessoires de dressing","publisher":{"@id":"https:\/\/www.mon-cintre.com\/it\/#organization"},"potentialAction":[{"@type":"SearchAction","target":{"@type":"EntryPoint","urlTemplate":"https:\/\/www.mon-cintre.com\/it\/?s={search_term_string}"},"query-input":{"@type":"PropertyValueSpecification","valueRequired":true,"valueName":"search_term_string"}}],"inLanguage":"it-IT"},{"@type":"Organization","@id":"https:\/\/www.mon-cintre.com\/it\/#organization","name":"Mon Cintre","url":"https:\/\/www.mon-cintre.com\/it\/","logo":{"@type":"ImageObject","inLanguage":"it-IT","@id":"https:\/\/www.mon-cintre.com\/it\/#\/schema\/logo\/image\/","url":"https:\/\/www.mon-cintre.com\/wp-content\/uploads\/2022\/12\/logo-blanc.png","contentUrl":"https:\/\/www.mon-cintre.com\/wp-content\/uploads\/2022\/12\/logo-blanc.png","width":345,"height":205,"caption":"Mon Cintre"},"image":{"@id":"https:\/\/www.mon-cintre.com\/it\/#\/schema\/logo\/image\/"}}]}},"_links":{"self":[{"href":"https:\/\/www.mon-cintre.com\/it\/wp-json\/wp\/v2\/product\/30408","targetHints":{"allow":["GET"]}}],"collection":[{"href":"https:\/\/www.mon-cintre.com\/it\/wp-json\/wp\/v2\/product"}],"about":[{"href":"https:\/\/www.mon-cintre.com\/it\/wp-json\/wp\/v2\/types\/product"}],"replies":[{"embeddable":true,"href":"https:\/\/www.mon-cintre.com\/it\/wp-json\/wp\/v2\/comments?post=30408"}],"wp:featuredmedia":[{"embeddable":true,"href":"https:\/\/www.mon-cintre.com\/it\/wp-json\/wp\/v2\/media\/30413"}],"wp:attachment":[{"href":"https:\/\/www.mon-cintre.com\/it\/wp-json\/wp\/v2\/media?parent=30408"}],"wp:term":[{"taxonomy":"product_brand","embeddable":true,"href":"https:\/\/www.mon-cintre.com\/it\/wp-json\/wp\/v2\/product_brand?post=30408"},{"taxonomy":"product_cat","embeddable":true,"href":"https:\/\/www.mon-cintre.com\/it\/wp-json\/wp\/v2\/product_cat?post=30408"},{"taxonomy":"product_tag","embeddable":true,"href":"https:\/\/www.mon-cintre.com\/it\/wp-json\/wp\/v2\/product_tag?post=30408"}],"curies":[{"name":"wp","href":"https:\/\/api.w.org\/{rel}","templated":true}]}}