

{"id":31894,"date":"2024-06-17T17:09:25","date_gmt":"2024-06-17T15:09:25","guid":{"rendered":"https:\/\/www.mon-cintre.com\/?post_type=product&#038;p=31894"},"modified":"2026-04-10T15:55:47","modified_gmt":"2026-04-10T13:55:47","slug":"6-grucce-in-legno-per-giacca-e-cappotto-colore-noce-larghezza-38-cm-spalla-45-cm-copie","status":"publish","type":"product","link":"https:\/\/www.mon-cintre.com\/it\/produit\/6-grucce-in-legno-per-giacca-e-cappotto-colore-noce-larghezza-38-cm-spalla-45-cm-copie\/","title":{"rendered":"6 grucce in legno per giacca e cappotto &#8211; colore noce (larghezza 42 cm &#8211; spalla 5 cm)"},"content":{"rendered":"<ul>\n<li>6 grucce in legno di frassino per giacca e cappotto<\/li>\n<li>Colore noce<\/li>\n<li>Gancio color canna di fucile opaco<\/li>\n<li>Larghezza: 42 cm<\/li>\n<li>Larghezza spalle: 5 cm<\/li>\n<li>Diametro gancio 5 mm, altezza 8,5 cm<\/li>\n<li>Confezione da 6 grucce<\/li>\n<li>Ideale giacca e cappotto<\/li>\n<li>Manutenzione: spolverare con un panno morbido e asciutto<\/li>\n<li>Informazioni importanti sulle nostre grucce in legno: il legno \u00e8 un materiale naturale e le nostre tavole provengono direttamente dagli alberi. Ogni pezzo di legno pu\u00f2 presentare variazioni di colore, venature e nodi specifici dell&#8217;albero originale e della parte di albero utilizzata. Queste caratteristiche aggiungono fascino al legno senza compromettere la qualit\u00e0 o la durata delle nostre grucce. Il legno \u00e8 vivo e pu\u00f2 rispondere ai cambiamenti di umidit\u00e0. Anche le nostre grucce sono parzialmente modellate a mano, questa lavorazione artigianale rende ogni gruccia unica e possono presentare lievi variazioni tra loro.<\/li>\n<\/ul>\n<p>La collezione CHIC, per gentleman e lady, \u00e8 disponibile in 12 modelli in frassino tinto noce, per un effetto pi\u00f9 chic e tradizionale nel tuo camerino.<\/p>\n<p>Fornito confezione regalo bianche con logo. Ogni gruccia \u00e8 avvolto individualmente in una custodia protettiva.<\/p>\n<p><img loading=\"lazy\" decoding=\"async\" class=\"alignnone wp-image-2625 size-medium\" src=\"https:\/\/www.mon-cintre.com\/wp-content\/uploads\/2019\/02\/boite-cadeau-300x300.jpg\" alt=\"Boite cadeau Mon cintre\" width=\"300\" height=\"300\" srcset=\"https:\/\/www.mon-cintre.com\/wp-content\/uploads\/2019\/02\/boite-cadeau-300x300.jpg 300w, https:\/\/www.mon-cintre.com\/wp-content\/uploads\/2019\/02\/boite-cadeau-150x150.jpg 150w, https:\/\/www.mon-cintre.com\/wp-content\/uploads\/2019\/02\/boite-cadeau-100x100.jpg 100w, https:\/\/www.mon-cintre.com\/wp-content\/uploads\/2019\/02\/boite-cadeau.jpg 500w\" sizes=\"auto, (max-width: 300px) 100vw, 300px\" \/><\/p>\n<p>1 metro di guardaroba = 14 grucce<br \/>\n<img loading=\"lazy\" decoding=\"async\" class=\"alignnone size-full wp-image-310\" src=\"https:\/\/www.mon-cintre.com\/DEV\/wp-content\/uploads\/2018\/08\/11cintres.png\" alt=\"\" width=\"190\" height=\"19\" \/><\/p>\n<p>*Foto non contrattuale.<br \/>\nSi noti che i colori cambiano da uno schermo all&#8217;altro, quindi \u00e8 possibile che ci sia una variazione tra lo schermo e la realt\u00e0 nonostante la cura posta alla qualit\u00e0 delle nostre foto.<\/p>\n","protected":false},"excerpt":{"rendered":"<p><strong><span style=\"color: red;\">2 scatole rimaste, pi\u00f9 scorte a luglio 2026. Potrebbe interessarti anche: <a href=\"https:\/\/www.mon-cintre.com\/it\/produit\/6-grucce-giacca-cappotto-noce-larghezza-45-cm-spalla-55-mm\/\">6 grucce in legno per giacca e cappotto \u2013 colore noce (larghezza 45 cm \u2013 spalla 5,5 cm)<\/a><\/span><\/strong><\/p>\n<ul>\n<li>6 grucce per giacca e cappotto<\/li>\n<li>Colore noce<\/li>\n<li>Larghezza: 42 cm<\/li>\n<li>Larghezza spalle: 5 cm<\/li>\n<li>Confezione da 6 grucce<\/li>\n<li>Fatto a mano (<span style=\"text-decoration: underline;\"><a href=\"https:\/\/www.mon-cintre.com\/it\/fatto-a-mano\/\">scopri di pi\u00f9<\/a><\/span>)<\/li>\n<\/ul>\n<p>Acquista online questa scatola da 6 grucce in legno con spalle larghe per il tuo guardaroba, perfette per appendere giacche e cappotti senza rovinarli. Personalizzabili con le tue iniziali o il tuo logo (ordine minimo 24 grucce).<\/p>\n","protected":false},"featured_media":31863,"comment_status":"open","ping_status":"closed","template":"","meta":{"inline_featured_image":false},"product_brand":[],"product_cat":[570,620,364,595,633,362,377,358,369,631,391,550,576],"product_tag":[],"class_list":{"0":"post-31894","1":"product","2":"type-product","3":"status-publish","4":"has-post-thumbnail","6":"product_cat-colori-grucce","7":"product_cat-grucce-formato-42","8":"product_cat-collezione-chic","9":"product_cat-grucce-spalle-larghe","10":"product_cat-grucce-curvi","11":"product_cat-grucce-in-legno","12":"product_cat-grucce-per-abiti-da-uomo","13":"product_cat-grucce-per-le-donne","14":"product_cat-grucce-per-uomo","15":"product_cat-grucce-dimensione","16":"product_cat-grucce-per-giacche-e-cappotti","17":"product_cat-nostri-grucce","18":"product_cat-tipi-grucce","20":"first","21":"instock","22":"taxable","23":"shipping-taxable","24":"purchasable","25":"product-type-simple"},"yoast_head":"<!-- This site is optimized with the Yoast SEO plugin v27.3 - https:\/\/yoast.com\/product\/yoast-seo-wordpress\/ -->\n<title>6 grucce in legno per cappotti e giacche - 42 cm - Mon Cintre<\/title>\n<meta name=\"description\" content=\"6 grucce in legno di alta gamma per cappotti e giacche da uomo e donna. Colore noce, larghezza 42 cm, spalla 5 cm per un perfetto sostegno ai tuoi vestiti.\" \/>\n<meta name=\"robots\" content=\"index, follow, max-snippet:-1, max-image-preview:large, max-video-preview:-1\" \/>\n<link rel=\"canonical\" href=\"https:\/\/www.mon-cintre.com\/it\/produit\/6-grucce-in-legno-per-giacca-e-cappotto-colore-noce-larghezza-38-cm-spalla-45-cm-copie\/\" \/>\n<meta property=\"og:locale\" content=\"it_IT\" \/>\n<meta property=\"og:type\" content=\"article\" \/>\n<meta property=\"og:title\" content=\"6 grucce in legno per cappotti e giacche - 42 cm - Mon Cintre\" \/>\n<meta property=\"og:description\" content=\"6 grucce in legno di alta gamma per cappotti e giacche da uomo e donna. Colore noce, larghezza 42 cm, spalla 5 cm per un perfetto sostegno ai tuoi vestiti.\" \/>\n<meta property=\"og:url\" content=\"https:\/\/www.mon-cintre.com\/it\/produit\/6-grucce-in-legno-per-giacca-e-cappotto-colore-noce-larghezza-38-cm-spalla-45-cm-copie\/\" \/>\n<meta property=\"og:site_name\" content=\"Mon Cintre\" \/>\n<meta property=\"article:modified_time\" content=\"2026-04-10T13:55:47+00:00\" \/>\n<meta property=\"og:image\" content=\"https:\/\/www.mon-cintre.com\/wp-content\/uploads\/2024\/06\/cintre-bois-veste-CLA3845VES-WN.jpg\" \/>\n\t<meta property=\"og:image:width\" content=\"2000\" \/>\n\t<meta property=\"og:image:height\" content=\"2000\" \/>\n\t<meta property=\"og:image:type\" content=\"image\/jpeg\" \/>\n<meta name=\"twitter:card\" content=\"summary_large_image\" \/>\n<meta name=\"twitter:label1\" content=\"Tempo di lettura stimato\" \/>\n\t<meta name=\"twitter:data1\" content=\"2 minuti\" \/>\n<script type=\"application\/ld+json\" class=\"yoast-schema-graph\">{\"@context\":\"https:\\\/\\\/schema.org\",\"@graph\":[{\"@type\":\"WebPage\",\"@id\":\"https:\\\/\\\/www.mon-cintre.com\\\/it\\\/produit\\\/6-grucce-in-legno-per-giacca-e-cappotto-colore-noce-larghezza-38-cm-spalla-45-cm-copie\\\/\",\"url\":\"https:\\\/\\\/www.mon-cintre.com\\\/it\\\/produit\\\/6-grucce-in-legno-per-giacca-e-cappotto-colore-noce-larghezza-38-cm-spalla-45-cm-copie\\\/\",\"name\":\"6 grucce in legno per cappotti e giacche - 42 cm - Mon Cintre\",\"isPartOf\":{\"@id\":\"https:\\\/\\\/www.mon-cintre.com\\\/it\\\/#website\"},\"primaryImageOfPage\":{\"@id\":\"https:\\\/\\\/www.mon-cintre.com\\\/it\\\/produit\\\/6-grucce-in-legno-per-giacca-e-cappotto-colore-noce-larghezza-38-cm-spalla-45-cm-copie\\\/#primaryimage\"},\"image\":{\"@id\":\"https:\\\/\\\/www.mon-cintre.com\\\/it\\\/produit\\\/6-grucce-in-legno-per-giacca-e-cappotto-colore-noce-larghezza-38-cm-spalla-45-cm-copie\\\/#primaryimage\"},\"thumbnailUrl\":\"https:\\\/\\\/www.mon-cintre.com\\\/wp-content\\\/uploads\\\/2024\\\/06\\\/cintre-bois-veste-CLA3845VES-WN.jpg\",\"datePublished\":\"2024-06-17T15:09:25+00:00\",\"dateModified\":\"2026-04-10T13:55:47+00:00\",\"description\":\"6 grucce in legno di alta gamma per cappotti e giacche da uomo e donna. Colore noce, larghezza 42 cm, spalla 5 cm per un perfetto sostegno ai tuoi vestiti.\",\"breadcrumb\":{\"@id\":\"https:\\\/\\\/www.mon-cintre.com\\\/it\\\/produit\\\/6-grucce-in-legno-per-giacca-e-cappotto-colore-noce-larghezza-38-cm-spalla-45-cm-copie\\\/#breadcrumb\"},\"inLanguage\":\"it-IT\",\"potentialAction\":[{\"@type\":\"ReadAction\",\"target\":[\"https:\\\/\\\/www.mon-cintre.com\\\/it\\\/produit\\\/6-grucce-in-legno-per-giacca-e-cappotto-colore-noce-larghezza-38-cm-spalla-45-cm-copie\\\/\"]}]},{\"@type\":\"ImageObject\",\"inLanguage\":\"it-IT\",\"@id\":\"https:\\\/\\\/www.mon-cintre.com\\\/it\\\/produit\\\/6-grucce-in-legno-per-giacca-e-cappotto-colore-noce-larghezza-38-cm-spalla-45-cm-copie\\\/#primaryimage\",\"url\":\"https:\\\/\\\/www.mon-cintre.com\\\/wp-content\\\/uploads\\\/2024\\\/06\\\/cintre-bois-veste-CLA3845VES-WN.jpg\",\"contentUrl\":\"https:\\\/\\\/www.mon-cintre.com\\\/wp-content\\\/uploads\\\/2024\\\/06\\\/cintre-bois-veste-CLA3845VES-WN.jpg\",\"width\":2000,\"height\":2000,\"caption\":\"grucce di lujo in legno per giacca e cappotto da donna, 38 cm\"},{\"@type\":\"BreadcrumbList\",\"@id\":\"https:\\\/\\\/www.mon-cintre.com\\\/it\\\/produit\\\/6-grucce-in-legno-per-giacca-e-cappotto-colore-noce-larghezza-38-cm-spalla-45-cm-copie\\\/#breadcrumb\",\"itemListElement\":[{\"@type\":\"ListItem\",\"position\":1,\"name\":\"Accueil\",\"item\":\"https:\\\/\\\/www.mon-cintre.com\\\/it\\\/\"},{\"@type\":\"ListItem\",\"position\":2,\"name\":\"Shop\",\"item\":\"https:\\\/\\\/www.mon-cintre.com\\\/it\\\/shop\\\/\"},{\"@type\":\"ListItem\",\"position\":3,\"name\":\"6 grucce in legno per giacca e cappotto &#8211; colore noce (larghezza 42 cm &#8211; spalla 5 cm)\"}]},{\"@type\":\"WebSite\",\"@id\":\"https:\\\/\\\/www.mon-cintre.com\\\/it\\\/#website\",\"url\":\"https:\\\/\\\/www.mon-cintre.com\\\/it\\\/\",\"name\":\"Mon Cintre\",\"description\":\"Cintres et accessoires de dressing\",\"publisher\":{\"@id\":\"https:\\\/\\\/www.mon-cintre.com\\\/it\\\/#organization\"},\"potentialAction\":[{\"@type\":\"SearchAction\",\"target\":{\"@type\":\"EntryPoint\",\"urlTemplate\":\"https:\\\/\\\/www.mon-cintre.com\\\/it\\\/?s={search_term_string}\"},\"query-input\":{\"@type\":\"PropertyValueSpecification\",\"valueRequired\":true,\"valueName\":\"search_term_string\"}}],\"inLanguage\":\"it-IT\"},{\"@type\":\"Organization\",\"@id\":\"https:\\\/\\\/www.mon-cintre.com\\\/it\\\/#organization\",\"name\":\"Mon Cintre\",\"url\":\"https:\\\/\\\/www.mon-cintre.com\\\/it\\\/\",\"logo\":{\"@type\":\"ImageObject\",\"inLanguage\":\"it-IT\",\"@id\":\"https:\\\/\\\/www.mon-cintre.com\\\/it\\\/#\\\/schema\\\/logo\\\/image\\\/\",\"url\":\"https:\\\/\\\/www.mon-cintre.com\\\/wp-content\\\/uploads\\\/2022\\\/12\\\/logo-blanc.png\",\"contentUrl\":\"https:\\\/\\\/www.mon-cintre.com\\\/wp-content\\\/uploads\\\/2022\\\/12\\\/logo-blanc.png\",\"width\":345,\"height\":205,\"caption\":\"Mon Cintre\"},\"image\":{\"@id\":\"https:\\\/\\\/www.mon-cintre.com\\\/it\\\/#\\\/schema\\\/logo\\\/image\\\/\"}}]}<\/script>\n<!-- \/ Yoast SEO plugin. -->","yoast_head_json":{"title":"6 grucce in legno per cappotti e giacche - 42 cm - Mon Cintre","description":"6 grucce in legno di alta gamma per cappotti e giacche da uomo e donna. Colore noce, larghezza 42 cm, spalla 5 cm per un perfetto sostegno ai tuoi vestiti.","robots":{"index":"index","follow":"follow","max-snippet":"max-snippet:-1","max-image-preview":"max-image-preview:large","max-video-preview":"max-video-preview:-1"},"canonical":"https:\/\/www.mon-cintre.com\/it\/produit\/6-grucce-in-legno-per-giacca-e-cappotto-colore-noce-larghezza-38-cm-spalla-45-cm-copie\/","og_locale":"it_IT","og_type":"article","og_title":"6 grucce in legno per cappotti e giacche - 42 cm - Mon Cintre","og_description":"6 grucce in legno di alta gamma per cappotti e giacche da uomo e donna. Colore noce, larghezza 42 cm, spalla 5 cm per un perfetto sostegno ai tuoi vestiti.","og_url":"https:\/\/www.mon-cintre.com\/it\/produit\/6-grucce-in-legno-per-giacca-e-cappotto-colore-noce-larghezza-38-cm-spalla-45-cm-copie\/","og_site_name":"Mon Cintre","article_modified_time":"2026-04-10T13:55:47+00:00","og_image":[{"width":2000,"height":2000,"url":"https:\/\/www.mon-cintre.com\/wp-content\/uploads\/2024\/06\/cintre-bois-veste-CLA3845VES-WN.jpg","type":"image\/jpeg"}],"twitter_card":"summary_large_image","twitter_misc":{"Tempo di lettura stimato":"2 minuti"},"schema":{"@context":"https:\/\/schema.org","@graph":[{"@type":"WebPage","@id":"https:\/\/www.mon-cintre.com\/it\/produit\/6-grucce-in-legno-per-giacca-e-cappotto-colore-noce-larghezza-38-cm-spalla-45-cm-copie\/","url":"https:\/\/www.mon-cintre.com\/it\/produit\/6-grucce-in-legno-per-giacca-e-cappotto-colore-noce-larghezza-38-cm-spalla-45-cm-copie\/","name":"6 grucce in legno per cappotti e giacche - 42 cm - Mon Cintre","isPartOf":{"@id":"https:\/\/www.mon-cintre.com\/it\/#website"},"primaryImageOfPage":{"@id":"https:\/\/www.mon-cintre.com\/it\/produit\/6-grucce-in-legno-per-giacca-e-cappotto-colore-noce-larghezza-38-cm-spalla-45-cm-copie\/#primaryimage"},"image":{"@id":"https:\/\/www.mon-cintre.com\/it\/produit\/6-grucce-in-legno-per-giacca-e-cappotto-colore-noce-larghezza-38-cm-spalla-45-cm-copie\/#primaryimage"},"thumbnailUrl":"https:\/\/www.mon-cintre.com\/wp-content\/uploads\/2024\/06\/cintre-bois-veste-CLA3845VES-WN.jpg","datePublished":"2024-06-17T15:09:25+00:00","dateModified":"2026-04-10T13:55:47+00:00","description":"6 grucce in legno di alta gamma per cappotti e giacche da uomo e donna. Colore noce, larghezza 42 cm, spalla 5 cm per un perfetto sostegno ai tuoi vestiti.","breadcrumb":{"@id":"https:\/\/www.mon-cintre.com\/it\/produit\/6-grucce-in-legno-per-giacca-e-cappotto-colore-noce-larghezza-38-cm-spalla-45-cm-copie\/#breadcrumb"},"inLanguage":"it-IT","potentialAction":[{"@type":"ReadAction","target":["https:\/\/www.mon-cintre.com\/it\/produit\/6-grucce-in-legno-per-giacca-e-cappotto-colore-noce-larghezza-38-cm-spalla-45-cm-copie\/"]}]},{"@type":"ImageObject","inLanguage":"it-IT","@id":"https:\/\/www.mon-cintre.com\/it\/produit\/6-grucce-in-legno-per-giacca-e-cappotto-colore-noce-larghezza-38-cm-spalla-45-cm-copie\/#primaryimage","url":"https:\/\/www.mon-cintre.com\/wp-content\/uploads\/2024\/06\/cintre-bois-veste-CLA3845VES-WN.jpg","contentUrl":"https:\/\/www.mon-cintre.com\/wp-content\/uploads\/2024\/06\/cintre-bois-veste-CLA3845VES-WN.jpg","width":2000,"height":2000,"caption":"grucce di lujo in legno per giacca e cappotto da donna, 38 cm"},{"@type":"BreadcrumbList","@id":"https:\/\/www.mon-cintre.com\/it\/produit\/6-grucce-in-legno-per-giacca-e-cappotto-colore-noce-larghezza-38-cm-spalla-45-cm-copie\/#breadcrumb","itemListElement":[{"@type":"ListItem","position":1,"name":"Accueil","item":"https:\/\/www.mon-cintre.com\/it\/"},{"@type":"ListItem","position":2,"name":"Shop","item":"https:\/\/www.mon-cintre.com\/it\/shop\/"},{"@type":"ListItem","position":3,"name":"6 grucce in legno per giacca e cappotto &#8211; colore noce (larghezza 42 cm &#8211; spalla 5 cm)"}]},{"@type":"WebSite","@id":"https:\/\/www.mon-cintre.com\/it\/#website","url":"https:\/\/www.mon-cintre.com\/it\/","name":"Mon Cintre","description":"Cintres et accessoires de dressing","publisher":{"@id":"https:\/\/www.mon-cintre.com\/it\/#organization"},"potentialAction":[{"@type":"SearchAction","target":{"@type":"EntryPoint","urlTemplate":"https:\/\/www.mon-cintre.com\/it\/?s={search_term_string}"},"query-input":{"@type":"PropertyValueSpecification","valueRequired":true,"valueName":"search_term_string"}}],"inLanguage":"it-IT"},{"@type":"Organization","@id":"https:\/\/www.mon-cintre.com\/it\/#organization","name":"Mon Cintre","url":"https:\/\/www.mon-cintre.com\/it\/","logo":{"@type":"ImageObject","inLanguage":"it-IT","@id":"https:\/\/www.mon-cintre.com\/it\/#\/schema\/logo\/image\/","url":"https:\/\/www.mon-cintre.com\/wp-content\/uploads\/2022\/12\/logo-blanc.png","contentUrl":"https:\/\/www.mon-cintre.com\/wp-content\/uploads\/2022\/12\/logo-blanc.png","width":345,"height":205,"caption":"Mon Cintre"},"image":{"@id":"https:\/\/www.mon-cintre.com\/it\/#\/schema\/logo\/image\/"}}]}},"_links":{"self":[{"href":"https:\/\/www.mon-cintre.com\/it\/wp-json\/wp\/v2\/product\/31894","targetHints":{"allow":["GET"]}}],"collection":[{"href":"https:\/\/www.mon-cintre.com\/it\/wp-json\/wp\/v2\/product"}],"about":[{"href":"https:\/\/www.mon-cintre.com\/it\/wp-json\/wp\/v2\/types\/product"}],"replies":[{"embeddable":true,"href":"https:\/\/www.mon-cintre.com\/it\/wp-json\/wp\/v2\/comments?post=31894"}],"wp:featuredmedia":[{"embeddable":true,"href":"https:\/\/www.mon-cintre.com\/it\/wp-json\/wp\/v2\/media\/31863"}],"wp:attachment":[{"href":"https:\/\/www.mon-cintre.com\/it\/wp-json\/wp\/v2\/media?parent=31894"}],"wp:term":[{"taxonomy":"product_brand","embeddable":true,"href":"https:\/\/www.mon-cintre.com\/it\/wp-json\/wp\/v2\/product_brand?post=31894"},{"taxonomy":"product_cat","embeddable":true,"href":"https:\/\/www.mon-cintre.com\/it\/wp-json\/wp\/v2\/product_cat?post=31894"},{"taxonomy":"product_tag","embeddable":true,"href":"https:\/\/www.mon-cintre.com\/it\/wp-json\/wp\/v2\/product_tag?post=31894"}],"curies":[{"name":"wp","href":"https:\/\/api.w.org\/{rel}","templated":true}]}}