

{"id":33149,"date":"2025-05-19T14:19:57","date_gmt":"2025-05-19T12:19:57","guid":{"rendered":"https:\/\/www.mon-cintre.com\/?post_type=product&#038;p=33149"},"modified":"2026-02-11T12:04:41","modified_gmt":"2026-02-11T11:04:41","slug":"15-grucce-con-clips-per-gonna-e-pantaloni-colore-noce-chiaro","status":"publish","type":"product","link":"https:\/\/www.mon-cintre.com\/it\/produit\/15-grucce-con-clips-per-gonna-e-pantaloni-colore-noce-chiaro\/","title":{"rendered":"15 grucce con clips per gonna e pantaloni &#8211; colore noce Chiaro"},"content":{"rendered":"<ul>\n<li>15 grucce con clips per gonna e pantaloni<\/li>\n<li>Frassino tinto noce\u00a0(<strong>colore leggermente pi\u00f9 chiaro<\/strong> rispetto alle altre grucce della <a href=\"https:\/\/www.mon-cintre.com\/it\/categorie-produit\/nostri-grucce\/colori-grucce\/collezione-chic\/\">Collezione Chic<\/a>)<\/li>\n<li>Gancio color canna di fucile opaco<\/li>\n<li>Gancio rotante a 360\u00ba<\/li>\n<li>Larghezza 39 cm<\/li>\n<li>Spessore 1,5 cm<\/li>\n<li>Diametro gancio 5 mm, altezza 8,5 cm<\/li>\n<li>Confezione da 15 grucce<\/li>\n<li>Ideale per gonne, pantaloni, sciarpe, sciarpe, ecc.<\/li>\n<li>Pinza professionale che non segna<\/li>\n<li>Manutenzione: spolverare con un panno morbido e asciutto<\/li>\n<li>Informazioni importanti sulle nostre grucce in legno: il legno \u00e8 un materiale naturale e le nostre tavole provengono direttamente dagli alberi. Ogni pezzo di legno pu\u00f2 presentare variazioni di colore, venature e nodi specifici dell&#8217;albero originale e della parte di albero utilizzata. Queste caratteristiche aggiungono fascino al legno senza compromettere la qualit\u00e0 o la durata delle nostre grucce. Il legno \u00e8 vivo e pu\u00f2 rispondere ai cambiamenti di umidit\u00e0. Anche le nostre grucce sono parzialmente modellate a mano, questa lavorazione artigianale rende ogni gruccia unica e possono presentare lievi variazioni tra loro.<\/li>\n<\/ul>\n<p>Fornito in confezione regalo bianca con logo. Ogni gruccia \u00e8 avvolto individualmente in una custodia protettiva.<\/p>\n<p><img loading=\"lazy\" decoding=\"async\" class=\"alignnone size-medium wp-image-2625\" src=\"https:\/\/www.mon-cintre.com\/wp-content\/uploads\/2019\/02\/boite-cadeau-300x300.jpg\" alt=\"Boite cadeau Mon cintre\" width=\"300\" height=\"300\" srcset=\"https:\/\/www.mon-cintre.com\/wp-content\/uploads\/2019\/02\/boite-cadeau-300x300.jpg 300w, https:\/\/www.mon-cintre.com\/wp-content\/uploads\/2019\/02\/boite-cadeau-150x150.jpg 150w, https:\/\/www.mon-cintre.com\/wp-content\/uploads\/2019\/02\/boite-cadeau-100x100.jpg 100w, https:\/\/www.mon-cintre.com\/wp-content\/uploads\/2019\/02\/boite-cadeau.jpg 500w\" sizes=\"auto, (max-width: 300px) 100vw, 300px\" \/><\/p>\n<p>1 metro di guardaroba = 38 grucce<br \/>\n<img loading=\"lazy\" decoding=\"async\" class=\"alignnone size-full wp-image-153\" src=\"https:\/\/www.mon-cintre.com\/DEV\/wp-content\/uploads\/2018\/08\/30cintres.png\" alt=\"\" width=\"190\" height=\"19\" \/><\/p>\n<p>* Foto non contrattuale.<br \/>\nSi noti che i colori cambiano da uno schermo all&#8217;altro, quindi \u00e8 possibile che ci sia una variazione tra lo schermo e la realt\u00e0 nonostante la cura posta alla qualit\u00e0 delle nostre foto.<\/p>\n","protected":false},"excerpt":{"rendered":"<p>Approfitta di questo grande affare su queste grucce premium per gonna e pantaloni.<br \/>\nDella stessa qualit\u00e0 di tutti i <span style=\"text-decoration: underline;\"><a href=\"https:\/\/www.mon-cintre.com\/it\/categorie-produit\/nostri-grucce\/grucce-in-legno\/\">nostri grucce in legno<\/a><\/span>, ora li offriamo in promozione perch\u00e9, a seguito di un errore nella finitura nel colore della vernice e nell&#8217;impossibilit\u00e0 di modificare questo errore perch\u00e9 il gancio e la barra non possono essere rimossi per riverniciatura, il colore \u00e8 <strong>pi\u00f9 chiaro della nostra <a href=\"https:\/\/www.mon-cintre.com\/it\/categorie-produit\/nostri-grucce\/colori-grucce\/collezione-chic\/\">Collezione Chic<\/a><\/strong> e quindi non si sposa perfettamente con gli altri grucce di questa collezione.<\/p>\n<ul>\n<li>15 grucce con clips per gonna e pantaloni<\/li>\n<li>Colore noce\u00a0(<strong>colore leggermente pi\u00f9 chiaro<\/strong> rispetto alle altre grucce della <a href=\"https:\/\/www.mon-cintre.com\/it\/categorie-produit\/nostri-grucce\/colori-grucce\/collezione-chic\/\">Collezione Chic<\/a>)<\/li>\n<li>Larghezza 39 cm<\/li>\n<li>Spessore 1,5 cm<\/li>\n<li>Pinze 6 x 2 cm, clip rimovibili lungo la barra<\/li>\n<li>Confezione da 15 grucce<\/li>\n<li>Handcrafted (<span style=\"text-decoration: underline;\"><a href=\"https:\/\/www.mon-cintre.com\/it\/fatto-a-mano\/\">scopri di pi\u00f9<\/a><\/span>)<\/li>\n<\/ul>\n<p>Acquista online questa confezione da 15 grucce in legno con clip professionali per appendere gonne e pantaloni nell&#8217;armadio senza lasciare segni. Personalizzabili con le tue iniziali o il tuo logo per ordini di almeno 30 grucce.<\/p>\n","protected":false},"featured_media":33157,"comment_status":"open","ping_status":"closed","template":"","meta":{"inline_featured_image":false},"product_brand":[],"product_cat":[570,364,601,362,358,369,459,631,371,370,647,640,550,576],"product_tag":[],"class_list":{"0":"post-33149","1":"product","2":"type-product","3":"status-publish","4":"has-post-thumbnail","6":"product_cat-colori-grucce","7":"product_cat-collezione-chic","8":"product_cat-grucce-clips","9":"product_cat-grucce-in-legno","10":"product_cat-grucce-per-le-donne","11":"product_cat-grucce-per-uomo","12":"product_cat-grucce-per-bambini","13":"product_cat-grucce-dimensione","14":"product_cat-grucce-per-gonna-e-pantaloni","15":"product_cat-grucce-per-pantaloni","16":"product_cat-grucce-sciarpa","17":"product_cat-grucce-piatte","18":"product_cat-nostri-grucce","19":"product_cat-tipi-grucce","21":"first","22":"instock","23":"sale","24":"taxable","25":"shipping-taxable","26":"purchasable","27":"product-type-simple"},"yoast_head":"<!-- This site is optimized with the Yoast SEO plugin v27.3 - https:\/\/yoast.com\/product\/yoast-seo-wordpress\/ -->\n<title>15 grucce in legno con clip per gonna e pantaloni - colore noce<\/title>\n<meta name=\"description\" content=\"Confezione da 15 grucce di lusso con clip per riporre gonne, pantaloni e sciarpe.\" \/>\n<meta name=\"robots\" content=\"index, follow, max-snippet:-1, max-image-preview:large, max-video-preview:-1\" \/>\n<link rel=\"canonical\" href=\"https:\/\/www.mon-cintre.com\/it\/produit\/15-grucce-con-clips-per-gonna-e-pantaloni-colore-noce-chiaro\/\" \/>\n<meta property=\"og:locale\" content=\"it_IT\" \/>\n<meta property=\"og:type\" content=\"article\" \/>\n<meta property=\"og:title\" content=\"15 grucce in legno con clip per gonna e pantaloni - colore noce\" \/>\n<meta property=\"og:description\" content=\"Confezione da 15 grucce di lusso con clip per riporre gonne, pantaloni e sciarpe.\" \/>\n<meta property=\"og:url\" content=\"https:\/\/www.mon-cintre.com\/it\/produit\/15-grucce-con-clips-per-gonna-e-pantaloni-colore-noce-chiaro\/\" \/>\n<meta property=\"og:site_name\" content=\"Mon Cintre\" \/>\n<meta property=\"article:modified_time\" content=\"2026-02-11T11:04:41+00:00\" \/>\n<meta property=\"og:image\" content=\"https:\/\/www.mon-cintre.com\/wp-content\/uploads\/2025\/05\/cintre-jupe-CLA39CLIPS-WN-CL.jpg\" \/>\n\t<meta property=\"og:image:width\" content=\"2000\" \/>\n\t<meta property=\"og:image:height\" content=\"2000\" \/>\n\t<meta property=\"og:image:type\" content=\"image\/jpeg\" \/>\n<meta name=\"twitter:card\" content=\"summary_large_image\" \/>\n<meta name=\"twitter:label1\" content=\"Tempo di lettura stimato\" \/>\n\t<meta name=\"twitter:data1\" content=\"2 minuti\" \/>\n<script type=\"application\/ld+json\" class=\"yoast-schema-graph\">{\"@context\":\"https:\\\/\\\/schema.org\",\"@graph\":[{\"@type\":\"WebPage\",\"@id\":\"https:\\\/\\\/www.mon-cintre.com\\\/it\\\/produit\\\/15-grucce-con-clips-per-gonna-e-pantaloni-colore-noce-chiaro\\\/\",\"url\":\"https:\\\/\\\/www.mon-cintre.com\\\/it\\\/produit\\\/15-grucce-con-clips-per-gonna-e-pantaloni-colore-noce-chiaro\\\/\",\"name\":\"15 grucce in legno con clip per gonna e pantaloni - colore noce\",\"isPartOf\":{\"@id\":\"https:\\\/\\\/www.mon-cintre.com\\\/it\\\/#website\"},\"primaryImageOfPage\":{\"@id\":\"https:\\\/\\\/www.mon-cintre.com\\\/it\\\/produit\\\/15-grucce-con-clips-per-gonna-e-pantaloni-colore-noce-chiaro\\\/#primaryimage\"},\"image\":{\"@id\":\"https:\\\/\\\/www.mon-cintre.com\\\/it\\\/produit\\\/15-grucce-con-clips-per-gonna-e-pantaloni-colore-noce-chiaro\\\/#primaryimage\"},\"thumbnailUrl\":\"https:\\\/\\\/www.mon-cintre.com\\\/wp-content\\\/uploads\\\/2025\\\/05\\\/cintre-jupe-CLA39CLIPS-WN-CL.jpg\",\"datePublished\":\"2025-05-19T12:19:57+00:00\",\"dateModified\":\"2026-02-11T11:04:41+00:00\",\"description\":\"Confezione da 15 grucce di lusso con clip per riporre gonne, pantaloni e sciarpe.\",\"breadcrumb\":{\"@id\":\"https:\\\/\\\/www.mon-cintre.com\\\/it\\\/produit\\\/15-grucce-con-clips-per-gonna-e-pantaloni-colore-noce-chiaro\\\/#breadcrumb\"},\"inLanguage\":\"it-IT\",\"potentialAction\":[{\"@type\":\"ReadAction\",\"target\":[\"https:\\\/\\\/www.mon-cintre.com\\\/it\\\/produit\\\/15-grucce-con-clips-per-gonna-e-pantaloni-colore-noce-chiaro\\\/\"]}]},{\"@type\":\"ImageObject\",\"inLanguage\":\"it-IT\",\"@id\":\"https:\\\/\\\/www.mon-cintre.com\\\/it\\\/produit\\\/15-grucce-con-clips-per-gonna-e-pantaloni-colore-noce-chiaro\\\/#primaryimage\",\"url\":\"https:\\\/\\\/www.mon-cintre.com\\\/wp-content\\\/uploads\\\/2025\\\/05\\\/cintre-jupe-CLA39CLIPS-WN-CL.jpg\",\"contentUrl\":\"https:\\\/\\\/www.mon-cintre.com\\\/wp-content\\\/uploads\\\/2025\\\/05\\\/cintre-jupe-CLA39CLIPS-WN-CL.jpg\",\"width\":2000,\"height\":2000,\"caption\":\"cintre avec pinces pour jupe et pantalon\"},{\"@type\":\"BreadcrumbList\",\"@id\":\"https:\\\/\\\/www.mon-cintre.com\\\/it\\\/produit\\\/15-grucce-con-clips-per-gonna-e-pantaloni-colore-noce-chiaro\\\/#breadcrumb\",\"itemListElement\":[{\"@type\":\"ListItem\",\"position\":1,\"name\":\"Accueil\",\"item\":\"https:\\\/\\\/www.mon-cintre.com\\\/it\\\/\"},{\"@type\":\"ListItem\",\"position\":2,\"name\":\"Shop\",\"item\":\"https:\\\/\\\/www.mon-cintre.com\\\/it\\\/shop\\\/\"},{\"@type\":\"ListItem\",\"position\":3,\"name\":\"15 grucce con clips per gonna e pantaloni &#8211; colore noce Chiaro\"}]},{\"@type\":\"WebSite\",\"@id\":\"https:\\\/\\\/www.mon-cintre.com\\\/it\\\/#website\",\"url\":\"https:\\\/\\\/www.mon-cintre.com\\\/it\\\/\",\"name\":\"Mon Cintre\",\"description\":\"Cintres et accessoires de dressing\",\"publisher\":{\"@id\":\"https:\\\/\\\/www.mon-cintre.com\\\/it\\\/#organization\"},\"potentialAction\":[{\"@type\":\"SearchAction\",\"target\":{\"@type\":\"EntryPoint\",\"urlTemplate\":\"https:\\\/\\\/www.mon-cintre.com\\\/it\\\/?s={search_term_string}\"},\"query-input\":{\"@type\":\"PropertyValueSpecification\",\"valueRequired\":true,\"valueName\":\"search_term_string\"}}],\"inLanguage\":\"it-IT\"},{\"@type\":\"Organization\",\"@id\":\"https:\\\/\\\/www.mon-cintre.com\\\/it\\\/#organization\",\"name\":\"Mon Cintre\",\"url\":\"https:\\\/\\\/www.mon-cintre.com\\\/it\\\/\",\"logo\":{\"@type\":\"ImageObject\",\"inLanguage\":\"it-IT\",\"@id\":\"https:\\\/\\\/www.mon-cintre.com\\\/it\\\/#\\\/schema\\\/logo\\\/image\\\/\",\"url\":\"https:\\\/\\\/www.mon-cintre.com\\\/wp-content\\\/uploads\\\/2022\\\/12\\\/logo-blanc.png\",\"contentUrl\":\"https:\\\/\\\/www.mon-cintre.com\\\/wp-content\\\/uploads\\\/2022\\\/12\\\/logo-blanc.png\",\"width\":345,\"height\":205,\"caption\":\"Mon Cintre\"},\"image\":{\"@id\":\"https:\\\/\\\/www.mon-cintre.com\\\/it\\\/#\\\/schema\\\/logo\\\/image\\\/\"}}]}<\/script>\n<!-- \/ Yoast SEO plugin. -->","yoast_head_json":{"title":"15 grucce in legno con clip per gonna e pantaloni - colore noce","description":"Confezione da 15 grucce di lusso con clip per riporre gonne, pantaloni e sciarpe.","robots":{"index":"index","follow":"follow","max-snippet":"max-snippet:-1","max-image-preview":"max-image-preview:large","max-video-preview":"max-video-preview:-1"},"canonical":"https:\/\/www.mon-cintre.com\/it\/produit\/15-grucce-con-clips-per-gonna-e-pantaloni-colore-noce-chiaro\/","og_locale":"it_IT","og_type":"article","og_title":"15 grucce in legno con clip per gonna e pantaloni - colore noce","og_description":"Confezione da 15 grucce di lusso con clip per riporre gonne, pantaloni e sciarpe.","og_url":"https:\/\/www.mon-cintre.com\/it\/produit\/15-grucce-con-clips-per-gonna-e-pantaloni-colore-noce-chiaro\/","og_site_name":"Mon Cintre","article_modified_time":"2026-02-11T11:04:41+00:00","og_image":[{"width":2000,"height":2000,"url":"https:\/\/www.mon-cintre.com\/wp-content\/uploads\/2025\/05\/cintre-jupe-CLA39CLIPS-WN-CL.jpg","type":"image\/jpeg"}],"twitter_card":"summary_large_image","twitter_misc":{"Tempo di lettura stimato":"2 minuti"},"schema":{"@context":"https:\/\/schema.org","@graph":[{"@type":"WebPage","@id":"https:\/\/www.mon-cintre.com\/it\/produit\/15-grucce-con-clips-per-gonna-e-pantaloni-colore-noce-chiaro\/","url":"https:\/\/www.mon-cintre.com\/it\/produit\/15-grucce-con-clips-per-gonna-e-pantaloni-colore-noce-chiaro\/","name":"15 grucce in legno con clip per gonna e pantaloni - colore noce","isPartOf":{"@id":"https:\/\/www.mon-cintre.com\/it\/#website"},"primaryImageOfPage":{"@id":"https:\/\/www.mon-cintre.com\/it\/produit\/15-grucce-con-clips-per-gonna-e-pantaloni-colore-noce-chiaro\/#primaryimage"},"image":{"@id":"https:\/\/www.mon-cintre.com\/it\/produit\/15-grucce-con-clips-per-gonna-e-pantaloni-colore-noce-chiaro\/#primaryimage"},"thumbnailUrl":"https:\/\/www.mon-cintre.com\/wp-content\/uploads\/2025\/05\/cintre-jupe-CLA39CLIPS-WN-CL.jpg","datePublished":"2025-05-19T12:19:57+00:00","dateModified":"2026-02-11T11:04:41+00:00","description":"Confezione da 15 grucce di lusso con clip per riporre gonne, pantaloni e sciarpe.","breadcrumb":{"@id":"https:\/\/www.mon-cintre.com\/it\/produit\/15-grucce-con-clips-per-gonna-e-pantaloni-colore-noce-chiaro\/#breadcrumb"},"inLanguage":"it-IT","potentialAction":[{"@type":"ReadAction","target":["https:\/\/www.mon-cintre.com\/it\/produit\/15-grucce-con-clips-per-gonna-e-pantaloni-colore-noce-chiaro\/"]}]},{"@type":"ImageObject","inLanguage":"it-IT","@id":"https:\/\/www.mon-cintre.com\/it\/produit\/15-grucce-con-clips-per-gonna-e-pantaloni-colore-noce-chiaro\/#primaryimage","url":"https:\/\/www.mon-cintre.com\/wp-content\/uploads\/2025\/05\/cintre-jupe-CLA39CLIPS-WN-CL.jpg","contentUrl":"https:\/\/www.mon-cintre.com\/wp-content\/uploads\/2025\/05\/cintre-jupe-CLA39CLIPS-WN-CL.jpg","width":2000,"height":2000,"caption":"cintre avec pinces pour jupe et pantalon"},{"@type":"BreadcrumbList","@id":"https:\/\/www.mon-cintre.com\/it\/produit\/15-grucce-con-clips-per-gonna-e-pantaloni-colore-noce-chiaro\/#breadcrumb","itemListElement":[{"@type":"ListItem","position":1,"name":"Accueil","item":"https:\/\/www.mon-cintre.com\/it\/"},{"@type":"ListItem","position":2,"name":"Shop","item":"https:\/\/www.mon-cintre.com\/it\/shop\/"},{"@type":"ListItem","position":3,"name":"15 grucce con clips per gonna e pantaloni &#8211; colore noce Chiaro"}]},{"@type":"WebSite","@id":"https:\/\/www.mon-cintre.com\/it\/#website","url":"https:\/\/www.mon-cintre.com\/it\/","name":"Mon Cintre","description":"Cintres et accessoires de dressing","publisher":{"@id":"https:\/\/www.mon-cintre.com\/it\/#organization"},"potentialAction":[{"@type":"SearchAction","target":{"@type":"EntryPoint","urlTemplate":"https:\/\/www.mon-cintre.com\/it\/?s={search_term_string}"},"query-input":{"@type":"PropertyValueSpecification","valueRequired":true,"valueName":"search_term_string"}}],"inLanguage":"it-IT"},{"@type":"Organization","@id":"https:\/\/www.mon-cintre.com\/it\/#organization","name":"Mon Cintre","url":"https:\/\/www.mon-cintre.com\/it\/","logo":{"@type":"ImageObject","inLanguage":"it-IT","@id":"https:\/\/www.mon-cintre.com\/it\/#\/schema\/logo\/image\/","url":"https:\/\/www.mon-cintre.com\/wp-content\/uploads\/2022\/12\/logo-blanc.png","contentUrl":"https:\/\/www.mon-cintre.com\/wp-content\/uploads\/2022\/12\/logo-blanc.png","width":345,"height":205,"caption":"Mon Cintre"},"image":{"@id":"https:\/\/www.mon-cintre.com\/it\/#\/schema\/logo\/image\/"}}]}},"_links":{"self":[{"href":"https:\/\/www.mon-cintre.com\/it\/wp-json\/wp\/v2\/product\/33149","targetHints":{"allow":["GET"]}}],"collection":[{"href":"https:\/\/www.mon-cintre.com\/it\/wp-json\/wp\/v2\/product"}],"about":[{"href":"https:\/\/www.mon-cintre.com\/it\/wp-json\/wp\/v2\/types\/product"}],"replies":[{"embeddable":true,"href":"https:\/\/www.mon-cintre.com\/it\/wp-json\/wp\/v2\/comments?post=33149"}],"wp:featuredmedia":[{"embeddable":true,"href":"https:\/\/www.mon-cintre.com\/it\/wp-json\/wp\/v2\/media\/33157"}],"wp:attachment":[{"href":"https:\/\/www.mon-cintre.com\/it\/wp-json\/wp\/v2\/media?parent=33149"}],"wp:term":[{"taxonomy":"product_brand","embeddable":true,"href":"https:\/\/www.mon-cintre.com\/it\/wp-json\/wp\/v2\/product_brand?post=33149"},{"taxonomy":"product_cat","embeddable":true,"href":"https:\/\/www.mon-cintre.com\/it\/wp-json\/wp\/v2\/product_cat?post=33149"},{"taxonomy":"product_tag","embeddable":true,"href":"https:\/\/www.mon-cintre.com\/it\/wp-json\/wp\/v2\/product_tag?post=33149"}],"curies":[{"name":"wp","href":"https:\/\/api.w.org\/{rel}","templated":true}]}}