

{"id":33209,"date":"2019-03-11T11:59:27","date_gmt":"2019-03-11T10:59:27","guid":{"rendered":"https:\/\/www.mon-cintre.com\/produit\/set-di-31-grucce-in-legno-spazzolato-nero-per-camerino-da-uomo\/"},"modified":"2025-06-02T16:02:50","modified_gmt":"2025-06-02T14:02:50","slug":"set-di-31-grucce-in-legno-spazzolato-nero-per-camerino-da-uomo","status":"publish","type":"product","link":"https:\/\/www.mon-cintre.com\/it\/produit\/set-di-31-grucce-in-legno-spazzolato-nero-per-camerino-da-uomo\/","title":{"rendered":"Set di 31 grucce in legno spazzolato nero per camerino da uomo"},"content":{"rendered":"<div  class=\"lgc-column lgc-grid-parent lgc-grid-50 lgc-tablet-grid-50 lgc-mobile-grid-100 lgc-equal-heights \"><div  class=\"inside-grid-column\">\n<p>Il set include:<\/p>\n<ul>\n<li>6 grucce per abiti, cappotti, giacche e pantaloni<\/li>\n<li>15 grucce per camicie, polo e t-shirt<\/li>\n<li>10 grucce per pantaloni<\/li>\n<li>Legno di frassino<\/li>\n<li>Nero opaco, colore legno spazzolato<\/li>\n<li>Gancio color canna di fucile opaco<\/li>\n<\/ul>\n<p><\/p><\/div><\/div>\n<div  class=\"lgc-column lgc-grid-parent lgc-grid-50 lgc-tablet-grid-50 lgc-mobile-grid-100 lgc-equal-heights \"><div  class=\"inside-grid-column\">\n<ul>\n<li>Gancio girevole 360\u00b0<\/li>\n<li>Barra porta grucce e spalla porta camicie in velluto nero antiscivolo che non si sfilaccia<\/li>\n<li>Gruccia per pantaloni con antiscivolo tono su tono per una vestibilit\u00e0 perfetta e una facile conservazione<\/li>\n<li>Larghezza 45 cm per grucce per abiti &#8211; 43 cm per grucce per camicie<\/li>\n<li>Larghezza spalla: 5,5 cm per grucce per abiti &#8211; 1,5 cm per grucce per camicie<\/li>\n<li>Diametro gancio 5 mm, altezza 8,5 cm<\/li>\n<li>Istruzioni per la cura: Spolverare con un panno morbido e asciutto<\/li>\n<\/ul>\n<p><\/p><\/div><\/div><div class=\"lgc-clear\"><\/div>\n<p>Questo set di grucce della <a href=\"https:\/\/www.mon-cintre.com\/it\/categorie-produit\/nostri-grucce\/colori-grucce\/collezione-intensa\/\"><span style=\"text-decoration: La collezione Intense vi sorprender\u00e0 con la sua modernit\u00e0, caratterizzata da un magnifico legno nero opaco, spazzolato a mano per accentuarne le venature. Aggiunge profondit\u00e0 a questo set di tre grucce per tutti i vestiti del vostro armadio. I ganci in metallo canna di fucile opaco completano il design di alta gamma di questa collezione.\n\n\n\n<p>Le vostre giacche manterranno le spalle impeccabili, pantaloni e camicie non scivoleranno pi\u00f9 grazie al velluto antiscivolo e anti-pelucchi, e i vostri pantaloni saranno riposti in un batter d&#8217;occhio grazie alla forma intelligente della gruccia.<\/p>\n<p>Consegnato in tre scatole regalo bianche con logo. Ogni gruccia \u00e8 confezionata singolarmente in una custodia protettiva.<\/p>\n<p><img loading=\"lazy\" decoding=\"async\" class=\"alignnone wp-image-2625 size-medium\" src=\"https:\/\/www.mon-cintre.com\/wp-content\/uploads\/2019\/02\/boite-cadeau-300x300.jpg\" alt=\"Scatola regalo Mon Cintre\" width=\"300\" height=\"300\" srcset=\"https:\/\/www.mon-cintre.com\/wp-content\/uploads\/2019\/02\/boite-cadeau-300x300.jpg 300w, https:\/\/www.mon-cintre.com\/wp-content\/uploads\/2019\/02\/boite-cadeau-150x150.jpg 150w, https:\/\/www.mon-cintre.com\/wp-content\/uploads\/2019\/02\/boite-cadeau-100x100.jpg 100w, https:\/\/www.mon-cintre.com\/wp-content\/uploads\/2019\/02\/boite-cadeau.jpg 500w\" sizes=\"auto, (max-width: 300px) 100vw, 300px\" \/><\/p>\n<p>*Le foto non sono contrattuali.<br \/>\nSi prega di notare che i colori variano da uno schermo all&#8217;altro, quindi potrebbero esserci delle discrepanze tra lo schermo e la realt\u00e0, nonostante l&#8217;attenzione prestata per garantire la qualit\u00e0 delle nostre foto.<\/p>\n","protected":false},"excerpt":{"rendered":"<ul>\n<li>31 grucce in legno di frassino per ogni outfit (dettagli in fondo alla pagina)<\/li>\n<li>6 grucce per abiti, cappotti, giacche e pantaloni<\/li>\n<li>15 grucce per camicie, polo e t-shirt<\/li>\n<li>10 grucce per pantaloni<\/li>\n<li>Legno spazzolato nero opaco<\/li>\n<li>Dimensioni: 45 x 5,5 cm &#8211; 43 x 1,5 cm &#8211; 38 x 1,5 cm<\/li>\n<li>Velluto antiscivolo nero sull&#8217;asta delle grucce per abiti e sulle spalle delle grucce per camicie<\/li>\n<li>Velluto di qualit\u00e0 professionale, anti-pelucchi<\/li>\n<li>Antiscivolo in silicone tono su tono sull&#8217;asta della gruccia per pantaloni<\/li>\n<li>Set di 31 grucce<\/li>\n<li>Fatto a mano (<a href=\"https:\/\/www.mon-cintre.com\/it\/fatto-a-mano\/\"><span style=\"text-decoration: underline;\">ulteriori informazioni<\/span><\/a>)<\/li>\n<\/ul>\n","protected":false},"featured_media":33207,"comment_status":"open","ping_status":"closed","template":"","meta":{"inline_featured_image":false},"product_brand":[],"product_cat":[570,362,359,377,369,392,370,550,399],"product_tag":[],"class_list":{"0":"post-33209","1":"product","2":"type-product","3":"status-publish","4":"has-post-thumbnail","6":"product_cat-colori-grucce","7":"product_cat-grucce-in-legno","8":"product_cat-collezione-intensa","9":"product_cat-grucce-per-abiti-da-uomo","10":"product_cat-grucce-per-uomo","11":"product_cat-grucce-per-camicie-2","12":"product_cat-grucce-per-pantaloni","13":"product_cat-nostri-grucce","14":"product_cat-set-cabina-armadio","16":"first","17":"outofstock","18":"sale","19":"taxable","20":"shipping-taxable","21":"purchasable","22":"product-type-simple"},"yoast_head":"<!-- This site is optimized with the Yoast SEO plugin v27.4 - https:\/\/yoast.com\/product\/yoast-seo-wordpress\/ -->\n<title>Set di 31 grucce in legno spazzolato nero per camerino da uomo - Mon Cintre<\/title>\n<meta name=\"description\" content=\"set di 31 grucce in legno nero per camerino da uomo, 6 grucce per abiti, cappotti, giacche,15 grucce per camicie e 10 grucce per pantaloni\" \/>\n<meta name=\"robots\" content=\"index, follow, max-snippet:-1, max-image-preview:large, max-video-preview:-1\" \/>\n<link rel=\"canonical\" href=\"https:\/\/www.mon-cintre.com\/it\/produit\/set-di-31-grucce-in-legno-spazzolato-nero-per-camerino-da-uomo\/\" \/>\n<meta property=\"og:locale\" content=\"it_IT\" \/>\n<meta property=\"og:type\" content=\"article\" \/>\n<meta property=\"og:title\" content=\"Set di 31 grucce in legno spazzolato nero per camerino da uomo - Mon Cintre\" \/>\n<meta property=\"og:description\" content=\"set di 31 grucce in legno nero per camerino da uomo, 6 grucce per abiti, cappotti, giacche,15 grucce per camicie e 10 grucce per pantaloni\" \/>\n<meta property=\"og:url\" content=\"https:\/\/www.mon-cintre.com\/it\/produit\/set-di-31-grucce-in-legno-spazzolato-nero-per-camerino-da-uomo\/\" \/>\n<meta property=\"og:site_name\" content=\"Mon Cintre\" \/>\n<meta property=\"article:modified_time\" content=\"2025-06-02T14:02:50+00:00\" \/>\n<meta property=\"og:image\" content=\"https:\/\/www.mon-cintre.com\/wp-content\/uploads\/2019\/02\/boite-cadeau-300x300.jpg\" \/>\n<meta name=\"twitter:card\" content=\"summary_large_image\" \/>\n<meta name=\"twitter:label1\" content=\"Tempo di lettura stimato\" \/>\n\t<meta name=\"twitter:data1\" content=\"2 minuti\" \/>\n<script type=\"application\/ld+json\" class=\"yoast-schema-graph\">{\"@context\":\"https:\\\/\\\/schema.org\",\"@graph\":[{\"@type\":\"WebPage\",\"@id\":\"https:\\\/\\\/www.mon-cintre.com\\\/it\\\/produit\\\/set-di-31-grucce-in-legno-spazzolato-nero-per-camerino-da-uomo\\\/\",\"url\":\"https:\\\/\\\/www.mon-cintre.com\\\/it\\\/produit\\\/set-di-31-grucce-in-legno-spazzolato-nero-per-camerino-da-uomo\\\/\",\"name\":\"Set di 31 grucce in legno spazzolato nero per camerino da uomo - Mon Cintre\",\"isPartOf\":{\"@id\":\"https:\\\/\\\/www.mon-cintre.com\\\/it\\\/#website\"},\"primaryImageOfPage\":{\"@id\":\"https:\\\/\\\/www.mon-cintre.com\\\/it\\\/produit\\\/set-di-31-grucce-in-legno-spazzolato-nero-per-camerino-da-uomo\\\/#primaryimage\"},\"image\":{\"@id\":\"https:\\\/\\\/www.mon-cintre.com\\\/it\\\/produit\\\/set-di-31-grucce-in-legno-spazzolato-nero-per-camerino-da-uomo\\\/#primaryimage\"},\"thumbnailUrl\":\"https:\\\/\\\/www.mon-cintre.com\\\/wp-content\\\/uploads\\\/2019\\\/03\\\/ensemble-cintres-bois-homme.jpg.jpg\",\"datePublished\":\"2019-03-11T10:59:27+00:00\",\"dateModified\":\"2025-06-02T14:02:50+00:00\",\"description\":\"set di 31 grucce in legno nero per camerino da uomo, 6 grucce per abiti, cappotti, giacche,15 grucce per camicie e 10 grucce per pantaloni\",\"breadcrumb\":{\"@id\":\"https:\\\/\\\/www.mon-cintre.com\\\/it\\\/produit\\\/set-di-31-grucce-in-legno-spazzolato-nero-per-camerino-da-uomo\\\/#breadcrumb\"},\"inLanguage\":\"it-IT\",\"potentialAction\":[{\"@type\":\"ReadAction\",\"target\":[\"https:\\\/\\\/www.mon-cintre.com\\\/it\\\/produit\\\/set-di-31-grucce-in-legno-spazzolato-nero-per-camerino-da-uomo\\\/\"]}]},{\"@type\":\"ImageObject\",\"inLanguage\":\"it-IT\",\"@id\":\"https:\\\/\\\/www.mon-cintre.com\\\/it\\\/produit\\\/set-di-31-grucce-in-legno-spazzolato-nero-per-camerino-da-uomo\\\/#primaryimage\",\"url\":\"https:\\\/\\\/www.mon-cintre.com\\\/wp-content\\\/uploads\\\/2019\\\/03\\\/ensemble-cintres-bois-homme.jpg.jpg\",\"contentUrl\":\"https:\\\/\\\/www.mon-cintre.com\\\/wp-content\\\/uploads\\\/2019\\\/03\\\/ensemble-cintres-bois-homme.jpg.jpg\",\"width\":1800,\"height\":1800,\"caption\":\"set di grucce in legno per camerino da uomo\"},{\"@type\":\"BreadcrumbList\",\"@id\":\"https:\\\/\\\/www.mon-cintre.com\\\/it\\\/produit\\\/set-di-31-grucce-in-legno-spazzolato-nero-per-camerino-da-uomo\\\/#breadcrumb\",\"itemListElement\":[{\"@type\":\"ListItem\",\"position\":1,\"name\":\"Accueil\",\"item\":\"https:\\\/\\\/www.mon-cintre.com\\\/it\\\/\"},{\"@type\":\"ListItem\",\"position\":2,\"name\":\"Shop\",\"item\":\"https:\\\/\\\/www.mon-cintre.com\\\/it\\\/shop\\\/\"},{\"@type\":\"ListItem\",\"position\":3,\"name\":\"Set di 31 grucce in legno spazzolato nero per camerino da uomo\"}]},{\"@type\":\"WebSite\",\"@id\":\"https:\\\/\\\/www.mon-cintre.com\\\/it\\\/#website\",\"url\":\"https:\\\/\\\/www.mon-cintre.com\\\/it\\\/\",\"name\":\"Mon Cintre\",\"description\":\"Cintres et accessoires de dressing\",\"publisher\":{\"@id\":\"https:\\\/\\\/www.mon-cintre.com\\\/it\\\/#organization\"},\"potentialAction\":[{\"@type\":\"SearchAction\",\"target\":{\"@type\":\"EntryPoint\",\"urlTemplate\":\"https:\\\/\\\/www.mon-cintre.com\\\/it\\\/?s={search_term_string}\"},\"query-input\":{\"@type\":\"PropertyValueSpecification\",\"valueRequired\":true,\"valueName\":\"search_term_string\"}}],\"inLanguage\":\"it-IT\"},{\"@type\":\"Organization\",\"@id\":\"https:\\\/\\\/www.mon-cintre.com\\\/it\\\/#organization\",\"name\":\"Mon Cintre\",\"url\":\"https:\\\/\\\/www.mon-cintre.com\\\/it\\\/\",\"logo\":{\"@type\":\"ImageObject\",\"inLanguage\":\"it-IT\",\"@id\":\"https:\\\/\\\/www.mon-cintre.com\\\/it\\\/#\\\/schema\\\/logo\\\/image\\\/\",\"url\":\"https:\\\/\\\/www.mon-cintre.com\\\/wp-content\\\/uploads\\\/2022\\\/12\\\/logo-blanc.png\",\"contentUrl\":\"https:\\\/\\\/www.mon-cintre.com\\\/wp-content\\\/uploads\\\/2022\\\/12\\\/logo-blanc.png\",\"width\":345,\"height\":205,\"caption\":\"Mon Cintre\"},\"image\":{\"@id\":\"https:\\\/\\\/www.mon-cintre.com\\\/it\\\/#\\\/schema\\\/logo\\\/image\\\/\"}}]}<\/script>\n<!-- \/ Yoast SEO plugin. -->","yoast_head_json":{"title":"Set di 31 grucce in legno spazzolato nero per camerino da uomo - Mon Cintre","description":"set di 31 grucce in legno nero per camerino da uomo, 6 grucce per abiti, cappotti, giacche,15 grucce per camicie e 10 grucce per pantaloni","robots":{"index":"index","follow":"follow","max-snippet":"max-snippet:-1","max-image-preview":"max-image-preview:large","max-video-preview":"max-video-preview:-1"},"canonical":"https:\/\/www.mon-cintre.com\/it\/produit\/set-di-31-grucce-in-legno-spazzolato-nero-per-camerino-da-uomo\/","og_locale":"it_IT","og_type":"article","og_title":"Set di 31 grucce in legno spazzolato nero per camerino da uomo - Mon Cintre","og_description":"set di 31 grucce in legno nero per camerino da uomo, 6 grucce per abiti, cappotti, giacche,15 grucce per camicie e 10 grucce per pantaloni","og_url":"https:\/\/www.mon-cintre.com\/it\/produit\/set-di-31-grucce-in-legno-spazzolato-nero-per-camerino-da-uomo\/","og_site_name":"Mon Cintre","article_modified_time":"2025-06-02T14:02:50+00:00","og_image":[{"url":"https:\/\/www.mon-cintre.com\/wp-content\/uploads\/2019\/02\/boite-cadeau-300x300.jpg","type":"","width":"","height":""}],"twitter_card":"summary_large_image","twitter_misc":{"Tempo di lettura stimato":"2 minuti"},"schema":{"@context":"https:\/\/schema.org","@graph":[{"@type":"WebPage","@id":"https:\/\/www.mon-cintre.com\/it\/produit\/set-di-31-grucce-in-legno-spazzolato-nero-per-camerino-da-uomo\/","url":"https:\/\/www.mon-cintre.com\/it\/produit\/set-di-31-grucce-in-legno-spazzolato-nero-per-camerino-da-uomo\/","name":"Set di 31 grucce in legno spazzolato nero per camerino da uomo - Mon Cintre","isPartOf":{"@id":"https:\/\/www.mon-cintre.com\/it\/#website"},"primaryImageOfPage":{"@id":"https:\/\/www.mon-cintre.com\/it\/produit\/set-di-31-grucce-in-legno-spazzolato-nero-per-camerino-da-uomo\/#primaryimage"},"image":{"@id":"https:\/\/www.mon-cintre.com\/it\/produit\/set-di-31-grucce-in-legno-spazzolato-nero-per-camerino-da-uomo\/#primaryimage"},"thumbnailUrl":"https:\/\/www.mon-cintre.com\/wp-content\/uploads\/2019\/03\/ensemble-cintres-bois-homme.jpg.jpg","datePublished":"2019-03-11T10:59:27+00:00","dateModified":"2025-06-02T14:02:50+00:00","description":"set di 31 grucce in legno nero per camerino da uomo, 6 grucce per abiti, cappotti, giacche,15 grucce per camicie e 10 grucce per pantaloni","breadcrumb":{"@id":"https:\/\/www.mon-cintre.com\/it\/produit\/set-di-31-grucce-in-legno-spazzolato-nero-per-camerino-da-uomo\/#breadcrumb"},"inLanguage":"it-IT","potentialAction":[{"@type":"ReadAction","target":["https:\/\/www.mon-cintre.com\/it\/produit\/set-di-31-grucce-in-legno-spazzolato-nero-per-camerino-da-uomo\/"]}]},{"@type":"ImageObject","inLanguage":"it-IT","@id":"https:\/\/www.mon-cintre.com\/it\/produit\/set-di-31-grucce-in-legno-spazzolato-nero-per-camerino-da-uomo\/#primaryimage","url":"https:\/\/www.mon-cintre.com\/wp-content\/uploads\/2019\/03\/ensemble-cintres-bois-homme.jpg.jpg","contentUrl":"https:\/\/www.mon-cintre.com\/wp-content\/uploads\/2019\/03\/ensemble-cintres-bois-homme.jpg.jpg","width":1800,"height":1800,"caption":"set di grucce in legno per camerino da uomo"},{"@type":"BreadcrumbList","@id":"https:\/\/www.mon-cintre.com\/it\/produit\/set-di-31-grucce-in-legno-spazzolato-nero-per-camerino-da-uomo\/#breadcrumb","itemListElement":[{"@type":"ListItem","position":1,"name":"Accueil","item":"https:\/\/www.mon-cintre.com\/it\/"},{"@type":"ListItem","position":2,"name":"Shop","item":"https:\/\/www.mon-cintre.com\/it\/shop\/"},{"@type":"ListItem","position":3,"name":"Set di 31 grucce in legno spazzolato nero per camerino da uomo"}]},{"@type":"WebSite","@id":"https:\/\/www.mon-cintre.com\/it\/#website","url":"https:\/\/www.mon-cintre.com\/it\/","name":"Mon Cintre","description":"Cintres et accessoires de dressing","publisher":{"@id":"https:\/\/www.mon-cintre.com\/it\/#organization"},"potentialAction":[{"@type":"SearchAction","target":{"@type":"EntryPoint","urlTemplate":"https:\/\/www.mon-cintre.com\/it\/?s={search_term_string}"},"query-input":{"@type":"PropertyValueSpecification","valueRequired":true,"valueName":"search_term_string"}}],"inLanguage":"it-IT"},{"@type":"Organization","@id":"https:\/\/www.mon-cintre.com\/it\/#organization","name":"Mon Cintre","url":"https:\/\/www.mon-cintre.com\/it\/","logo":{"@type":"ImageObject","inLanguage":"it-IT","@id":"https:\/\/www.mon-cintre.com\/it\/#\/schema\/logo\/image\/","url":"https:\/\/www.mon-cintre.com\/wp-content\/uploads\/2022\/12\/logo-blanc.png","contentUrl":"https:\/\/www.mon-cintre.com\/wp-content\/uploads\/2022\/12\/logo-blanc.png","width":345,"height":205,"caption":"Mon Cintre"},"image":{"@id":"https:\/\/www.mon-cintre.com\/it\/#\/schema\/logo\/image\/"}}]}},"_links":{"self":[{"href":"https:\/\/www.mon-cintre.com\/it\/wp-json\/wp\/v2\/product\/33209","targetHints":{"allow":["GET"]}}],"collection":[{"href":"https:\/\/www.mon-cintre.com\/it\/wp-json\/wp\/v2\/product"}],"about":[{"href":"https:\/\/www.mon-cintre.com\/it\/wp-json\/wp\/v2\/types\/product"}],"replies":[{"embeddable":true,"href":"https:\/\/www.mon-cintre.com\/it\/wp-json\/wp\/v2\/comments?post=33209"}],"wp:featuredmedia":[{"embeddable":true,"href":"https:\/\/www.mon-cintre.com\/it\/wp-json\/wp\/v2\/media\/33207"}],"wp:attachment":[{"href":"https:\/\/www.mon-cintre.com\/it\/wp-json\/wp\/v2\/media?parent=33209"}],"wp:term":[{"taxonomy":"product_brand","embeddable":true,"href":"https:\/\/www.mon-cintre.com\/it\/wp-json\/wp\/v2\/product_brand?post=33209"},{"taxonomy":"product_cat","embeddable":true,"href":"https:\/\/www.mon-cintre.com\/it\/wp-json\/wp\/v2\/product_cat?post=33209"},{"taxonomy":"product_tag","embeddable":true,"href":"https:\/\/www.mon-cintre.com\/it\/wp-json\/wp\/v2\/product_tag?post=33209"}],"curies":[{"name":"wp","href":"https:\/\/api.w.org\/{rel}","templated":true}]}}