

{"id":33303,"date":"2024-06-09T10:40:43","date_gmt":"2024-06-09T08:40:43","guid":{"rendered":"https:\/\/www.mon-cintre.com\/?post_type=product&#038;p=33303"},"modified":"2026-01-17T12:12:00","modified_gmt":"2026-01-17T11:12:00","slug":"porta-carte-e-banconote-in-pelle-stampata-fibra-di-carbonio","status":"publish","type":"product","link":"https:\/\/www.mon-cintre.com\/it\/produit\/porta-carte-e-banconote-in-pelle-stampata-fibra-di-carbonio\/","title":{"rendered":"Porta carte e banconote in pelle stampata fibra di carbonio"},"content":{"rendered":"<p>Leggero, compatto e raffinato: il porta carte ideale per chi cerca l&#8217;eccellenza quotidiana.<br \/>\nIl nostro porta carte e banconote in pelle stampata fibra di carbonio unisce eleganza, modernit\u00e0 e praticit\u00e0. \u00c8 interamente realizzato a mano con pelle e finiture di alta qualit\u00e0.<\/p>\n<p>&#8211; 8 scomparti per organizzare facilmente tutte le tue carte<br \/>\n&#8211; Doppio scomparto per banconote per una conservazione ordinata e un accesso rapido<br \/>\n&#8211; Protezione Anti Rfid<br \/>\n&#8211; Dimensioni chiuso: 11 x 8,5 x 1,6 cm<br \/>\n&#8211; Logo Mon Cintre discretamente impresso all&#8217;interno, garanzia di qualit\u00e0 e autenticit\u00e0.<\/p>\n<p>Consegnato nella sua custodia in cotone e nell&#8217;elegante scatola bianca e nera, questo porta carte \u00e8 un regalo ideale da fare&#8230; o da farsi!<\/p>\n","protected":false},"excerpt":{"rendered":"<p>Leggero, compatto e raffinato: il porta carte ideale per chi cerca l&#8217;eccellenza quotidiana.<br \/>\nIl nostro porta carte e banconote in pelle stampata fibra di carbonio unisce eleganza, modernit\u00e0 e praticit\u00e0. \u00c8 interamente realizzato a mano con pelle e finiture di alta qualit\u00e0.<\/p>\n<p>&#8211; 8 scomparti per organizzare facilmente tutte le tue carte<br \/>\n&#8211; Doppio scomparto per banconote per una conservazione ordinata e un accesso rapido<br \/>\n&#8211; Protezione Anti Rfid<br \/>\n&#8211; Dimensioni chiuso: 11 x 8,5 x 1,6 cm<br \/>\n&#8211; Logo Mon Cintre discretamente impresso all&#8217;interno<\/p>\n<p>Consegnato nella sua custodia in cotone e nell&#8217;elegante scatola bianca e nera, questo porta carte \u00e8 un regalo ideale da fare&#8230; o da farsi!<\/p>\n","protected":false},"featured_media":33293,"comment_status":"open","ping_status":"closed","template":"","meta":{"inline_featured_image":false},"product_brand":[],"product_cat":[465],"product_tag":[],"class_list":{"0":"post-33303","1":"product","2":"type-product","3":"status-publish","4":"has-post-thumbnail","6":"product_cat-per-il-viaggio-pelletteria","8":"first","9":"instock","10":"taxable","11":"shipping-taxable","12":"purchasable","13":"product-type-simple"},"yoast_head":"<!-- This site is optimized with the Yoast SEO plugin v27.4 - https:\/\/yoast.com\/product\/yoast-seo-wordpress\/ -->\n<title>Porta carte e banconote in pelle stampata fibra di carbonio - Mon Cintre<\/title>\n<meta name=\"description\" content=\"Il nostro porta carte e banconote in pelle e fibra di carbonio unisce eleganza e praticit\u00e0. Interamente realizzato a mano con pelle e finiture di alta qualit\u00e0.\" \/>\n<meta name=\"robots\" content=\"index, follow, max-snippet:-1, max-image-preview:large, max-video-preview:-1\" \/>\n<link rel=\"canonical\" href=\"https:\/\/www.mon-cintre.com\/it\/produit\/porta-carte-e-banconote-in-pelle-stampata-fibra-di-carbonio\/\" \/>\n<meta property=\"og:locale\" content=\"it_IT\" \/>\n<meta property=\"og:type\" content=\"article\" \/>\n<meta property=\"og:title\" content=\"Porta carte e banconote in pelle stampata fibra di carbonio - Mon Cintre\" \/>\n<meta property=\"og:description\" content=\"Il nostro porta carte e banconote in pelle e fibra di carbonio unisce eleganza e praticit\u00e0. Interamente realizzato a mano con pelle e finiture di alta qualit\u00e0.\" \/>\n<meta property=\"og:url\" content=\"https:\/\/www.mon-cintre.com\/it\/produit\/porta-carte-e-banconote-in-pelle-stampata-fibra-di-carbonio\/\" \/>\n<meta property=\"og:site_name\" content=\"Mon Cintre\" \/>\n<meta property=\"article:modified_time\" content=\"2026-01-17T11:12:00+00:00\" \/>\n<meta property=\"og:image\" content=\"https:\/\/www.mon-cintre.com\/wp-content\/uploads\/2025\/06\/porte-cartes-billets-cuir-carbone.jpg\" \/>\n\t<meta property=\"og:image:width\" content=\"2000\" \/>\n\t<meta property=\"og:image:height\" content=\"2000\" \/>\n\t<meta property=\"og:image:type\" content=\"image\/jpeg\" \/>\n<meta name=\"twitter:card\" content=\"summary_large_image\" \/>\n<meta name=\"twitter:label1\" content=\"Tempo di lettura stimato\" \/>\n\t<meta name=\"twitter:data1\" content=\"1 minuto\" \/>\n<script type=\"application\/ld+json\" class=\"yoast-schema-graph\">{\"@context\":\"https:\\\/\\\/schema.org\",\"@graph\":[{\"@type\":\"WebPage\",\"@id\":\"https:\\\/\\\/www.mon-cintre.com\\\/it\\\/produit\\\/porta-carte-e-banconote-in-pelle-stampata-fibra-di-carbonio\\\/\",\"url\":\"https:\\\/\\\/www.mon-cintre.com\\\/it\\\/produit\\\/porta-carte-e-banconote-in-pelle-stampata-fibra-di-carbonio\\\/\",\"name\":\"Porta carte e banconote in pelle stampata fibra di carbonio - Mon Cintre\",\"isPartOf\":{\"@id\":\"https:\\\/\\\/www.mon-cintre.com\\\/it\\\/#website\"},\"primaryImageOfPage\":{\"@id\":\"https:\\\/\\\/www.mon-cintre.com\\\/it\\\/produit\\\/porta-carte-e-banconote-in-pelle-stampata-fibra-di-carbonio\\\/#primaryimage\"},\"image\":{\"@id\":\"https:\\\/\\\/www.mon-cintre.com\\\/it\\\/produit\\\/porta-carte-e-banconote-in-pelle-stampata-fibra-di-carbonio\\\/#primaryimage\"},\"thumbnailUrl\":\"https:\\\/\\\/www.mon-cintre.com\\\/wp-content\\\/uploads\\\/2025\\\/06\\\/porte-cartes-billets-cuir-carbone.jpg\",\"datePublished\":\"2024-06-09T08:40:43+00:00\",\"dateModified\":\"2026-01-17T11:12:00+00:00\",\"description\":\"Il nostro porta carte e banconote in pelle e fibra di carbonio unisce eleganza e praticit\u00e0. Interamente realizzato a mano con pelle e finiture di alta qualit\u00e0.\",\"breadcrumb\":{\"@id\":\"https:\\\/\\\/www.mon-cintre.com\\\/it\\\/produit\\\/porta-carte-e-banconote-in-pelle-stampata-fibra-di-carbonio\\\/#breadcrumb\"},\"inLanguage\":\"it-IT\",\"potentialAction\":[{\"@type\":\"ReadAction\",\"target\":[\"https:\\\/\\\/www.mon-cintre.com\\\/it\\\/produit\\\/porta-carte-e-banconote-in-pelle-stampata-fibra-di-carbonio\\\/\"]}]},{\"@type\":\"ImageObject\",\"inLanguage\":\"it-IT\",\"@id\":\"https:\\\/\\\/www.mon-cintre.com\\\/it\\\/produit\\\/porta-carte-e-banconote-in-pelle-stampata-fibra-di-carbonio\\\/#primaryimage\",\"url\":\"https:\\\/\\\/www.mon-cintre.com\\\/wp-content\\\/uploads\\\/2025\\\/06\\\/porte-cartes-billets-cuir-carbone.jpg\",\"contentUrl\":\"https:\\\/\\\/www.mon-cintre.com\\\/wp-content\\\/uploads\\\/2025\\\/06\\\/porte-cartes-billets-cuir-carbone.jpg\",\"width\":2000,\"height\":2000,\"caption\":\"Porta carte e banconote in pelle stampata fibra di carbonio\"},{\"@type\":\"BreadcrumbList\",\"@id\":\"https:\\\/\\\/www.mon-cintre.com\\\/it\\\/produit\\\/porta-carte-e-banconote-in-pelle-stampata-fibra-di-carbonio\\\/#breadcrumb\",\"itemListElement\":[{\"@type\":\"ListItem\",\"position\":1,\"name\":\"Accueil\",\"item\":\"https:\\\/\\\/www.mon-cintre.com\\\/it\\\/\"},{\"@type\":\"ListItem\",\"position\":2,\"name\":\"Shop\",\"item\":\"https:\\\/\\\/www.mon-cintre.com\\\/it\\\/shop\\\/\"},{\"@type\":\"ListItem\",\"position\":3,\"name\":\"Porta carte e banconote in pelle stampata fibra di carbonio\"}]},{\"@type\":\"WebSite\",\"@id\":\"https:\\\/\\\/www.mon-cintre.com\\\/it\\\/#website\",\"url\":\"https:\\\/\\\/www.mon-cintre.com\\\/it\\\/\",\"name\":\"Mon Cintre\",\"description\":\"Cintres et accessoires de dressing\",\"publisher\":{\"@id\":\"https:\\\/\\\/www.mon-cintre.com\\\/it\\\/#organization\"},\"potentialAction\":[{\"@type\":\"SearchAction\",\"target\":{\"@type\":\"EntryPoint\",\"urlTemplate\":\"https:\\\/\\\/www.mon-cintre.com\\\/it\\\/?s={search_term_string}\"},\"query-input\":{\"@type\":\"PropertyValueSpecification\",\"valueRequired\":true,\"valueName\":\"search_term_string\"}}],\"inLanguage\":\"it-IT\"},{\"@type\":\"Organization\",\"@id\":\"https:\\\/\\\/www.mon-cintre.com\\\/it\\\/#organization\",\"name\":\"Mon Cintre\",\"url\":\"https:\\\/\\\/www.mon-cintre.com\\\/it\\\/\",\"logo\":{\"@type\":\"ImageObject\",\"inLanguage\":\"it-IT\",\"@id\":\"https:\\\/\\\/www.mon-cintre.com\\\/it\\\/#\\\/schema\\\/logo\\\/image\\\/\",\"url\":\"https:\\\/\\\/www.mon-cintre.com\\\/wp-content\\\/uploads\\\/2022\\\/12\\\/logo-blanc.png\",\"contentUrl\":\"https:\\\/\\\/www.mon-cintre.com\\\/wp-content\\\/uploads\\\/2022\\\/12\\\/logo-blanc.png\",\"width\":345,\"height\":205,\"caption\":\"Mon Cintre\"},\"image\":{\"@id\":\"https:\\\/\\\/www.mon-cintre.com\\\/it\\\/#\\\/schema\\\/logo\\\/image\\\/\"}}]}<\/script>\n<!-- \/ Yoast SEO plugin. -->","yoast_head_json":{"title":"Porta carte e banconote in pelle stampata fibra di carbonio - Mon Cintre","description":"Il nostro porta carte e banconote in pelle e fibra di carbonio unisce eleganza e praticit\u00e0. Interamente realizzato a mano con pelle e finiture di alta qualit\u00e0.","robots":{"index":"index","follow":"follow","max-snippet":"max-snippet:-1","max-image-preview":"max-image-preview:large","max-video-preview":"max-video-preview:-1"},"canonical":"https:\/\/www.mon-cintre.com\/it\/produit\/porta-carte-e-banconote-in-pelle-stampata-fibra-di-carbonio\/","og_locale":"it_IT","og_type":"article","og_title":"Porta carte e banconote in pelle stampata fibra di carbonio - Mon Cintre","og_description":"Il nostro porta carte e banconote in pelle e fibra di carbonio unisce eleganza e praticit\u00e0. Interamente realizzato a mano con pelle e finiture di alta qualit\u00e0.","og_url":"https:\/\/www.mon-cintre.com\/it\/produit\/porta-carte-e-banconote-in-pelle-stampata-fibra-di-carbonio\/","og_site_name":"Mon Cintre","article_modified_time":"2026-01-17T11:12:00+00:00","og_image":[{"width":2000,"height":2000,"url":"https:\/\/www.mon-cintre.com\/wp-content\/uploads\/2025\/06\/porte-cartes-billets-cuir-carbone.jpg","type":"image\/jpeg"}],"twitter_card":"summary_large_image","twitter_misc":{"Tempo di lettura stimato":"1 minuto"},"schema":{"@context":"https:\/\/schema.org","@graph":[{"@type":"WebPage","@id":"https:\/\/www.mon-cintre.com\/it\/produit\/porta-carte-e-banconote-in-pelle-stampata-fibra-di-carbonio\/","url":"https:\/\/www.mon-cintre.com\/it\/produit\/porta-carte-e-banconote-in-pelle-stampata-fibra-di-carbonio\/","name":"Porta carte e banconote in pelle stampata fibra di carbonio - Mon Cintre","isPartOf":{"@id":"https:\/\/www.mon-cintre.com\/it\/#website"},"primaryImageOfPage":{"@id":"https:\/\/www.mon-cintre.com\/it\/produit\/porta-carte-e-banconote-in-pelle-stampata-fibra-di-carbonio\/#primaryimage"},"image":{"@id":"https:\/\/www.mon-cintre.com\/it\/produit\/porta-carte-e-banconote-in-pelle-stampata-fibra-di-carbonio\/#primaryimage"},"thumbnailUrl":"https:\/\/www.mon-cintre.com\/wp-content\/uploads\/2025\/06\/porte-cartes-billets-cuir-carbone.jpg","datePublished":"2024-06-09T08:40:43+00:00","dateModified":"2026-01-17T11:12:00+00:00","description":"Il nostro porta carte e banconote in pelle e fibra di carbonio unisce eleganza e praticit\u00e0. Interamente realizzato a mano con pelle e finiture di alta qualit\u00e0.","breadcrumb":{"@id":"https:\/\/www.mon-cintre.com\/it\/produit\/porta-carte-e-banconote-in-pelle-stampata-fibra-di-carbonio\/#breadcrumb"},"inLanguage":"it-IT","potentialAction":[{"@type":"ReadAction","target":["https:\/\/www.mon-cintre.com\/it\/produit\/porta-carte-e-banconote-in-pelle-stampata-fibra-di-carbonio\/"]}]},{"@type":"ImageObject","inLanguage":"it-IT","@id":"https:\/\/www.mon-cintre.com\/it\/produit\/porta-carte-e-banconote-in-pelle-stampata-fibra-di-carbonio\/#primaryimage","url":"https:\/\/www.mon-cintre.com\/wp-content\/uploads\/2025\/06\/porte-cartes-billets-cuir-carbone.jpg","contentUrl":"https:\/\/www.mon-cintre.com\/wp-content\/uploads\/2025\/06\/porte-cartes-billets-cuir-carbone.jpg","width":2000,"height":2000,"caption":"Porta carte e banconote in pelle stampata fibra di carbonio"},{"@type":"BreadcrumbList","@id":"https:\/\/www.mon-cintre.com\/it\/produit\/porta-carte-e-banconote-in-pelle-stampata-fibra-di-carbonio\/#breadcrumb","itemListElement":[{"@type":"ListItem","position":1,"name":"Accueil","item":"https:\/\/www.mon-cintre.com\/it\/"},{"@type":"ListItem","position":2,"name":"Shop","item":"https:\/\/www.mon-cintre.com\/it\/shop\/"},{"@type":"ListItem","position":3,"name":"Porta carte e banconote in pelle stampata fibra di carbonio"}]},{"@type":"WebSite","@id":"https:\/\/www.mon-cintre.com\/it\/#website","url":"https:\/\/www.mon-cintre.com\/it\/","name":"Mon Cintre","description":"Cintres et accessoires de dressing","publisher":{"@id":"https:\/\/www.mon-cintre.com\/it\/#organization"},"potentialAction":[{"@type":"SearchAction","target":{"@type":"EntryPoint","urlTemplate":"https:\/\/www.mon-cintre.com\/it\/?s={search_term_string}"},"query-input":{"@type":"PropertyValueSpecification","valueRequired":true,"valueName":"search_term_string"}}],"inLanguage":"it-IT"},{"@type":"Organization","@id":"https:\/\/www.mon-cintre.com\/it\/#organization","name":"Mon Cintre","url":"https:\/\/www.mon-cintre.com\/it\/","logo":{"@type":"ImageObject","inLanguage":"it-IT","@id":"https:\/\/www.mon-cintre.com\/it\/#\/schema\/logo\/image\/","url":"https:\/\/www.mon-cintre.com\/wp-content\/uploads\/2022\/12\/logo-blanc.png","contentUrl":"https:\/\/www.mon-cintre.com\/wp-content\/uploads\/2022\/12\/logo-blanc.png","width":345,"height":205,"caption":"Mon Cintre"},"image":{"@id":"https:\/\/www.mon-cintre.com\/it\/#\/schema\/logo\/image\/"}}]}},"_links":{"self":[{"href":"https:\/\/www.mon-cintre.com\/it\/wp-json\/wp\/v2\/product\/33303","targetHints":{"allow":["GET"]}}],"collection":[{"href":"https:\/\/www.mon-cintre.com\/it\/wp-json\/wp\/v2\/product"}],"about":[{"href":"https:\/\/www.mon-cintre.com\/it\/wp-json\/wp\/v2\/types\/product"}],"replies":[{"embeddable":true,"href":"https:\/\/www.mon-cintre.com\/it\/wp-json\/wp\/v2\/comments?post=33303"}],"wp:featuredmedia":[{"embeddable":true,"href":"https:\/\/www.mon-cintre.com\/it\/wp-json\/wp\/v2\/media\/33293"}],"wp:attachment":[{"href":"https:\/\/www.mon-cintre.com\/it\/wp-json\/wp\/v2\/media?parent=33303"}],"wp:term":[{"taxonomy":"product_brand","embeddable":true,"href":"https:\/\/www.mon-cintre.com\/it\/wp-json\/wp\/v2\/product_brand?post=33303"},{"taxonomy":"product_cat","embeddable":true,"href":"https:\/\/www.mon-cintre.com\/it\/wp-json\/wp\/v2\/product_cat?post=33303"},{"taxonomy":"product_tag","embeddable":true,"href":"https:\/\/www.mon-cintre.com\/it\/wp-json\/wp\/v2\/product_tag?post=33303"}],"curies":[{"name":"wp","href":"https:\/\/api.w.org\/{rel}","templated":true}]}}